{"id":9613,"date":"2024-11-28T05:46:52","date_gmt":"2024-11-28T05:46:52","guid":{"rendered":"https:\/\/bymoni.art\/?post_type=product&#038;p=9613"},"modified":"2024-12-02T18:39:42","modified_gmt":"2024-12-02T18:39:42","slug":"isimylejeliai-be-remelio","status":"publish","type":"product","link":"https:\/\/bymoni.art\/lt\/produktas\/isimylejeliai-be-remelio\/","title":{"rendered":"\u012esimyl\u0117j\u0117liai (Be r\u0117melio)"},"content":{"rendered":"<p style=\"text-align: justify;\">Spausdinta ant auk\u0161tos kokyb\u0117s linin\u0117s drob\u0117s paveikslo &#8220;\u012esimyl\u0117j\u0117liai&#8221; reprodukcija rankomis auksuojama, padailinama pastel\u0117s \u0161trihais, tekst\u016br\u0105 atkurian\u010dia pasta ir lengvais akrilo potepiais. Reprodukcija padengiama nuo aplinkos poveikio apsaugan\u010diu laku, paruo\u0161iama kabinti, pas Jus atkeliaus su sertifikatu ir g\u016bsiu meil\u0117s.<\/p>\n<ul>\n<li>Limituotas 50 vnt. tira\u017eas.<\/li>\n<li>Kiekviena reprodukcija rankomis auksuojama, patapoma, pie\u0161iama.<\/li>\n<li>Auk\u0161\u010diausios muziejin\u0117s kokyb\u0117s Gicl\u00e9e spaudos technologija ant linin\u0117s drob\u0117s.<\/li>\n<li>Reprodukcija galin\u0117je pus\u0117je pasira\u0161yta autor\u0117s, turi savo numer\u012f ir autenti\u0161kumo sertifikat\u0105.<\/li>\n<\/ul>\n<p>Produktas parduodamas tik printas ant drob\u0117s be r\u0117melio.<\/p>\n","protected":false},"excerpt":{"rendered":"<p>Spausdinta ant auk\u0161tos kokyb\u0117s linin\u0117s drob\u0117s paveikslo &#8220;\u012esimyl\u0117j\u0117liai&#8221; reprodukcija rankomis auksuojama, padailinama pastel\u0117s \u0161trihais, tekst\u016br\u0105 atkurian\u010dia pasta ir lengvais akrilo potepiais. Reprodukcija padengiama nuo aplinkos poveikio apsaugan\u010diu laku, paruo\u0161iama kabinti, pas Jus atkeliaus su sertifikatu ir g\u016bsiu meil\u0117s. Limituotas 50 vnt. tira\u017eas. Kiekviena reprodukcija rankomis auksuojama, patapoma, pie\u0161iama. Auk\u0161\u010diausios muziejin\u0117s kokyb\u0117s Gicl\u00e9e spaudos technologija ant [&hellip;]<\/p>\n","protected":false},"featured_media":808,"comment_status":"open","ping_status":"closed","template":"","meta":{"_acf_changed":false},"product_brand":[],"product_cat":[136],"product_tag":[],"class_list":{"0":"post-9613","1":"product","2":"type-product","3":"status-publish","4":"has-post-thumbnail","6":"product_cat-reprodukcijos-ant-drobes","8":"first","9":"instock","10":"shipping-taxable","11":"purchasable","12":"product-type-variable"},"acf":[],"yoast_head":"<!-- This site is optimized with the Yoast SEO plugin v27.5 - https:\/\/yoast.com\/product\/yoast-seo-wordpress\/ -->\n<title>\u012esimyl\u0117j\u0117liai (Be r\u0117melio) - By Moni<\/title>\n<meta name=\"robots\" content=\"index, follow, max-snippet:-1, max-image-preview:large, max-video-preview:-1\" \/>\n<link rel=\"canonical\" href=\"https:\/\/bymoni.art\/lt\/produktas\/isimylejeliai-be-remelio\/\" \/>\n<meta property=\"og:locale\" content=\"lt_LT\" \/>\n<meta property=\"og:type\" content=\"article\" \/>\n<meta property=\"og:title\" content=\"\u012esimyl\u0117j\u0117liai (Be r\u0117melio) - By Moni\" \/>\n<meta property=\"og:description\" content=\"Spausdinta ant auk\u0161tos kokyb\u0117s linin\u0117s drob\u0117s paveikslo &#8220;\u012esimyl\u0117j\u0117liai&#8221; reprodukcija rankomis auksuojama, padailinama pastel\u0117s \u0161trihais, tekst\u016br\u0105 atkurian\u010dia pasta ir lengvais akrilo potepiais. Reprodukcija padengiama nuo aplinkos poveikio apsaugan\u010diu laku, paruo\u0161iama kabinti, pas Jus atkeliaus su sertifikatu ir g\u016bsiu meil\u0117s. Limituotas 50 vnt. tira\u017eas. Kiekviena reprodukcija rankomis auksuojama, patapoma, pie\u0161iama. Auk\u0161\u010diausios muziejin\u0117s kokyb\u0117s Gicl\u00e9e spaudos technologija ant [&hellip;]\" \/>\n<meta property=\"og:url\" content=\"https:\/\/bymoni.art\/lt\/produktas\/isimylejeliai-be-remelio\/\" \/>\n<meta property=\"og:site_name\" content=\"By Moni\" \/>\n<meta property=\"article:modified_time\" content=\"2024-12-02T18:39:42+00:00\" \/>\n<meta property=\"og:image\" content=\"https:\/\/bymoni.art\/wp-content\/uploads\/2022\/12\/510-MaribelsRoom-scaled.jpg\" \/>\n\t<meta property=\"og:image:width\" content=\"2560\" \/>\n\t<meta property=\"og:image:height\" content=\"2560\" \/>\n\t<meta property=\"og:image:type\" content=\"image\/jpeg\" \/>\n<meta name=\"twitter:card\" content=\"summary_large_image\" \/>\n<meta name=\"twitter:label1\" content=\"Est. reading time\" \/>\n\t<meta name=\"twitter:data1\" content=\"1 minut\u0117\" \/>\n<script type=\"application\/ld+json\" class=\"yoast-schema-graph\">{\"@context\":\"https:\\\/\\\/schema.org\",\"@graph\":[{\"@type\":\"WebPage\",\"@id\":\"https:\\\/\\\/bymoni.art\\\/lt\\\/produktas\\\/isimylejeliai-be-remelio\\\/\",\"url\":\"https:\\\/\\\/bymoni.art\\\/lt\\\/produktas\\\/isimylejeliai-be-remelio\\\/\",\"name\":\"\u012esimyl\u0117j\u0117liai (Be r\u0117melio) - By Moni\",\"isPartOf\":{\"@id\":\"https:\\\/\\\/bymoni.art\\\/#website\"},\"primaryImageOfPage\":{\"@id\":\"https:\\\/\\\/bymoni.art\\\/lt\\\/produktas\\\/isimylejeliai-be-remelio\\\/#primaryimage\"},\"image\":{\"@id\":\"https:\\\/\\\/bymoni.art\\\/lt\\\/produktas\\\/isimylejeliai-be-remelio\\\/#primaryimage\"},\"thumbnailUrl\":\"https:\\\/\\\/bymoni.art\\\/wp-content\\\/uploads\\\/2022\\\/12\\\/510-MaribelsRoom-scaled.jpg\",\"datePublished\":\"2024-11-28T05:46:52+00:00\",\"dateModified\":\"2024-12-02T18:39:42+00:00\",\"breadcrumb\":{\"@id\":\"https:\\\/\\\/bymoni.art\\\/lt\\\/produktas\\\/isimylejeliai-be-remelio\\\/#breadcrumb\"},\"inLanguage\":\"lt-LT\",\"potentialAction\":[{\"@type\":\"ReadAction\",\"target\":[\"https:\\\/\\\/bymoni.art\\\/lt\\\/produktas\\\/isimylejeliai-be-remelio\\\/\"]}]},{\"@type\":\"ImageObject\",\"inLanguage\":\"lt-LT\",\"@id\":\"https:\\\/\\\/bymoni.art\\\/lt\\\/produktas\\\/isimylejeliai-be-remelio\\\/#primaryimage\",\"url\":\"https:\\\/\\\/bymoni.art\\\/wp-content\\\/uploads\\\/2022\\\/12\\\/510-MaribelsRoom-scaled.jpg\",\"contentUrl\":\"https:\\\/\\\/bymoni.art\\\/wp-content\\\/uploads\\\/2022\\\/12\\\/510-MaribelsRoom-scaled.jpg\",\"width\":2560,\"height\":2560},{\"@type\":\"BreadcrumbList\",\"@id\":\"https:\\\/\\\/bymoni.art\\\/lt\\\/produktas\\\/isimylejeliai-be-remelio\\\/#breadcrumb\",\"itemListElement\":[{\"@type\":\"ListItem\",\"position\":1,\"name\":\"Home\",\"item\":\"https:\\\/\\\/bymoni.art\\\/lt\\\/\"},{\"@type\":\"ListItem\",\"position\":2,\"name\":\"Shop\",\"item\":\"https:\\\/\\\/bymoni.art\\\/shop\\\/\"},{\"@type\":\"ListItem\",\"position\":3,\"name\":\"\u012esimyl\u0117j\u0117liai (Be r\u0117melio)\"}]},{\"@type\":\"WebSite\",\"@id\":\"https:\\\/\\\/bymoni.art\\\/#website\",\"url\":\"https:\\\/\\\/bymoni.art\\\/\",\"name\":\"By Moni\",\"description\":\"ARTWORKS\",\"publisher\":{\"@id\":\"https:\\\/\\\/bymoni.art\\\/#organization\"},\"potentialAction\":[{\"@type\":\"SearchAction\",\"target\":{\"@type\":\"EntryPoint\",\"urlTemplate\":\"https:\\\/\\\/bymoni.art\\\/?s={search_term_string}\"},\"query-input\":{\"@type\":\"PropertyValueSpecification\",\"valueRequired\":true,\"valueName\":\"search_term_string\"}}],\"inLanguage\":\"lt-LT\"},{\"@type\":\"Organization\",\"@id\":\"https:\\\/\\\/bymoni.art\\\/#organization\",\"name\":\"By Moni\",\"url\":\"https:\\\/\\\/bymoni.art\\\/\",\"logo\":{\"@type\":\"ImageObject\",\"inLanguage\":\"lt-LT\",\"@id\":\"https:\\\/\\\/bymoni.art\\\/#\\\/schema\\\/logo\\\/image\\\/\",\"url\":\"https:\\\/\\\/bymoni.art\\\/wp-content\\\/uploads\\\/2023\\\/06\\\/custom-logo.svg\",\"contentUrl\":\"https:\\\/\\\/bymoni.art\\\/wp-content\\\/uploads\\\/2023\\\/06\\\/custom-logo.svg\",\"caption\":\"By Moni\"},\"image\":{\"@id\":\"https:\\\/\\\/bymoni.art\\\/#\\\/schema\\\/logo\\\/image\\\/\"}}]}<\/script>\n<!-- \/ Yoast SEO plugin. -->","yoast_head_json":{"title":"\u012esimyl\u0117j\u0117liai (Be r\u0117melio) - By Moni","robots":{"index":"index","follow":"follow","max-snippet":"max-snippet:-1","max-image-preview":"max-image-preview:large","max-video-preview":"max-video-preview:-1"},"canonical":"https:\/\/bymoni.art\/lt\/produktas\/isimylejeliai-be-remelio\/","og_locale":"lt_LT","og_type":"article","og_title":"\u012esimyl\u0117j\u0117liai (Be r\u0117melio) - By Moni","og_description":"Spausdinta ant auk\u0161tos kokyb\u0117s linin\u0117s drob\u0117s paveikslo &#8220;\u012esimyl\u0117j\u0117liai&#8221; reprodukcija rankomis auksuojama, padailinama pastel\u0117s \u0161trihais, tekst\u016br\u0105 atkurian\u010dia pasta ir lengvais akrilo potepiais. Reprodukcija padengiama nuo aplinkos poveikio apsaugan\u010diu laku, paruo\u0161iama kabinti, pas Jus atkeliaus su sertifikatu ir g\u016bsiu meil\u0117s. Limituotas 50 vnt. tira\u017eas. Kiekviena reprodukcija rankomis auksuojama, patapoma, pie\u0161iama. Auk\u0161\u010diausios muziejin\u0117s kokyb\u0117s Gicl\u00e9e spaudos technologija ant [&hellip;]","og_url":"https:\/\/bymoni.art\/lt\/produktas\/isimylejeliai-be-remelio\/","og_site_name":"By Moni","article_modified_time":"2024-12-02T18:39:42+00:00","og_image":[{"width":2560,"height":2560,"url":"https:\/\/bymoni.art\/wp-content\/uploads\/2022\/12\/510-MaribelsRoom-scaled.jpg","type":"image\/jpeg"}],"twitter_card":"summary_large_image","twitter_misc":{"Est. reading time":"1 minut\u0117"},"schema":{"@context":"https:\/\/schema.org","@graph":[{"@type":"WebPage","@id":"https:\/\/bymoni.art\/lt\/produktas\/isimylejeliai-be-remelio\/","url":"https:\/\/bymoni.art\/lt\/produktas\/isimylejeliai-be-remelio\/","name":"\u012esimyl\u0117j\u0117liai (Be r\u0117melio) - By Moni","isPartOf":{"@id":"https:\/\/bymoni.art\/#website"},"primaryImageOfPage":{"@id":"https:\/\/bymoni.art\/lt\/produktas\/isimylejeliai-be-remelio\/#primaryimage"},"image":{"@id":"https:\/\/bymoni.art\/lt\/produktas\/isimylejeliai-be-remelio\/#primaryimage"},"thumbnailUrl":"https:\/\/bymoni.art\/wp-content\/uploads\/2022\/12\/510-MaribelsRoom-scaled.jpg","datePublished":"2024-11-28T05:46:52+00:00","dateModified":"2024-12-02T18:39:42+00:00","breadcrumb":{"@id":"https:\/\/bymoni.art\/lt\/produktas\/isimylejeliai-be-remelio\/#breadcrumb"},"inLanguage":"lt-LT","potentialAction":[{"@type":"ReadAction","target":["https:\/\/bymoni.art\/lt\/produktas\/isimylejeliai-be-remelio\/"]}]},{"@type":"ImageObject","inLanguage":"lt-LT","@id":"https:\/\/bymoni.art\/lt\/produktas\/isimylejeliai-be-remelio\/#primaryimage","url":"https:\/\/bymoni.art\/wp-content\/uploads\/2022\/12\/510-MaribelsRoom-scaled.jpg","contentUrl":"https:\/\/bymoni.art\/wp-content\/uploads\/2022\/12\/510-MaribelsRoom-scaled.jpg","width":2560,"height":2560},{"@type":"BreadcrumbList","@id":"https:\/\/bymoni.art\/lt\/produktas\/isimylejeliai-be-remelio\/#breadcrumb","itemListElement":[{"@type":"ListItem","position":1,"name":"Home","item":"https:\/\/bymoni.art\/lt\/"},{"@type":"ListItem","position":2,"name":"Shop","item":"https:\/\/bymoni.art\/shop\/"},{"@type":"ListItem","position":3,"name":"\u012esimyl\u0117j\u0117liai (Be r\u0117melio)"}]},{"@type":"WebSite","@id":"https:\/\/bymoni.art\/#website","url":"https:\/\/bymoni.art\/","name":"By Moni","description":"ARTWORKS","publisher":{"@id":"https:\/\/bymoni.art\/#organization"},"potentialAction":[{"@type":"SearchAction","target":{"@type":"EntryPoint","urlTemplate":"https:\/\/bymoni.art\/?s={search_term_string}"},"query-input":{"@type":"PropertyValueSpecification","valueRequired":true,"valueName":"search_term_string"}}],"inLanguage":"lt-LT"},{"@type":"Organization","@id":"https:\/\/bymoni.art\/#organization","name":"By Moni","url":"https:\/\/bymoni.art\/","logo":{"@type":"ImageObject","inLanguage":"lt-LT","@id":"https:\/\/bymoni.art\/#\/schema\/logo\/image\/","url":"https:\/\/bymoni.art\/wp-content\/uploads\/2023\/06\/custom-logo.svg","contentUrl":"https:\/\/bymoni.art\/wp-content\/uploads\/2023\/06\/custom-logo.svg","caption":"By Moni"},"image":{"@id":"https:\/\/bymoni.art\/#\/schema\/logo\/image\/"}}]}},"_links":{"self":[{"href":"https:\/\/bymoni.art\/lt\/wp-json\/wp\/v2\/product\/9613","targetHints":{"allow":["GET"]}}],"collection":[{"href":"https:\/\/bymoni.art\/lt\/wp-json\/wp\/v2\/product"}],"about":[{"href":"https:\/\/bymoni.art\/lt\/wp-json\/wp\/v2\/types\/product"}],"replies":[{"embeddable":true,"href":"https:\/\/bymoni.art\/lt\/wp-json\/wp\/v2\/comments?post=9613"}],"wp:featuredmedia":[{"embeddable":true,"href":"https:\/\/bymoni.art\/lt\/wp-json\/wp\/v2\/media\/808"}],"wp:attachment":[{"href":"https:\/\/bymoni.art\/lt\/wp-json\/wp\/v2\/media?parent=9613"}],"wp:term":[{"taxonomy":"product_brand","embeddable":true,"href":"https:\/\/bymoni.art\/lt\/wp-json\/wp\/v2\/product_brand?post=9613"},{"taxonomy":"product_cat","embeddable":true,"href":"https:\/\/bymoni.art\/lt\/wp-json\/wp\/v2\/product_cat?post=9613"},{"taxonomy":"product_tag","embeddable":true,"href":"https:\/\/bymoni.art\/lt\/wp-json\/wp\/v2\/product_tag?post=9613"}],"curies":[{"name":"wp","href":"https:\/\/api.w.org\/{rel}","templated":true}]}}