{"id":9554,"date":"2024-11-28T05:35:21","date_gmt":"2024-11-28T05:35:21","guid":{"rendered":"https:\/\/bymoni.art\/?post_type=product&#038;p=9554"},"modified":"2024-12-02T18:38:54","modified_gmt":"2024-12-02T18:38:54","slug":"kokonas-be-remelio","status":"publish","type":"product","link":"https:\/\/bymoni.art\/lt\/produktas\/kokonas-be-remelio\/","title":{"rendered":"Kokonas (Be r\u0117melio)"},"content":{"rendered":"<p style=\"text-align: justify;\">Paveikslas apie vidin\u0119 ramyb\u0119 ir balans\u0105. Savo viduje, tarsi kokone, atrast\u0105 vidin\u0119 a\u0161\u012f ir tyl\u0105, kurioje i\u0161girstame save.<\/p>\n<p style=\"text-align: justify;\">Reprodukcijai rankomis sukuriu matin\u012f efekt\u0105 suteikiant\u012f ra\u0161t\u0105, kuris i\u0161 vienos pus\u0117s \u012f paveiksl\u0105 \u017ei\u016brint tampa pagrindiniu paveikslo taktu, i\u0161 kitos &#8211; vos subtiniai pasirodo atverdamas paveikslo esm\u0119.<\/p>\n<ul>\n<li>Limituotas 25 vnt. tira\u017eas.<\/li>\n<li>Kiekvienai reprodukcijai rankomis atkuriamas matinis ra\u0161tas.<\/li>\n<li>Pla\u010diaformat\u0117 eco-solventin\u0117 spauda ant drob\u0117s.<\/li>\n<li>Reprodukcija galin\u0117je pus\u0117je pasira\u0161yta autor\u0117s, turi savo numer\u012f ir autenti\u0161kumo sertifikat\u0105.<\/li>\n<\/ul>\n<p>Produktas parduodamas tik printas ant drob\u0117s be r\u0117melio.<\/p>\n","protected":false},"excerpt":{"rendered":"<h6>ORIGINAL PEACE<\/h6>\n<p>All prints on canvas are made on natural linen canvas, which has a texture, not as sintetic canvas. All prints on canvas are limited edition, numbered, and signed by the author, has its certificate of authenticity.<br \/>\nAll prints on canvas are made on natural linen canvas, which has a texture, not as sintetic canvas. All prints on canvas are limited edition, numbered.made on natural linen canvas, which has a texture, not as sintetic canvas. All prints on canvas are limited edition, numbered.<\/p>\n","protected":false},"featured_media":1677,"comment_status":"open","ping_status":"closed","template":"","meta":{"_acf_changed":false},"product_brand":[],"product_cat":[136],"product_tag":[],"class_list":{"0":"post-9554","1":"product","2":"type-product","3":"status-publish","4":"has-post-thumbnail","6":"product_cat-reprodukcijos-ant-drobes","8":"first","9":"instock","10":"shipping-taxable","11":"purchasable","12":"product-type-variable"},"acf":[],"yoast_head":"<!-- This site is optimized with the Yoast SEO plugin v27.5 - https:\/\/yoast.com\/product\/yoast-seo-wordpress\/ -->\n<title>Kokonas (Be r\u0117melio) - By Moni<\/title>\n<meta name=\"robots\" content=\"index, follow, max-snippet:-1, max-image-preview:large, max-video-preview:-1\" \/>\n<link rel=\"canonical\" href=\"https:\/\/bymoni.art\/lt\/produktas\/kokonas-be-remelio\/\" \/>\n<meta property=\"og:locale\" content=\"lt_LT\" \/>\n<meta property=\"og:type\" content=\"article\" \/>\n<meta property=\"og:title\" content=\"Kokonas (Be r\u0117melio) - By Moni\" \/>\n<meta property=\"og:description\" content=\"ORIGINAL PEACE All prints on canvas are made on natural linen canvas, which has a texture, not as sintetic canvas. All prints on canvas are limited edition, numbered, and signed by the author, has its certificate of authenticity. All prints on canvas are made on natural linen canvas, which has a texture, not as sintetic canvas. All prints on canvas are limited edition, numbered.made on natural linen canvas, which has a texture, not as sintetic canvas. All prints on canvas are limited edition, numbered.\" \/>\n<meta property=\"og:url\" content=\"https:\/\/bymoni.art\/lt\/produktas\/kokonas-be-remelio\/\" \/>\n<meta property=\"og:site_name\" content=\"By Moni\" \/>\n<meta property=\"article:modified_time\" content=\"2024-12-02T18:38:54+00:00\" \/>\n<meta property=\"og:image\" content=\"https:\/\/bymoni.art\/wp-content\/uploads\/2022\/12\/DSC024978s-1-1-1-scaled.jpg\" \/>\n\t<meta property=\"og:image:width\" content=\"1864\" \/>\n\t<meta property=\"og:image:height\" content=\"2560\" \/>\n\t<meta property=\"og:image:type\" content=\"image\/jpeg\" \/>\n<meta name=\"twitter:card\" content=\"summary_large_image\" \/>\n<meta name=\"twitter:label1\" content=\"Est. reading time\" \/>\n\t<meta name=\"twitter:data1\" content=\"1 minut\u0117\" \/>\n<script type=\"application\/ld+json\" class=\"yoast-schema-graph\">{\"@context\":\"https:\\\/\\\/schema.org\",\"@graph\":[{\"@type\":\"WebPage\",\"@id\":\"https:\\\/\\\/bymoni.art\\\/lt\\\/produktas\\\/kokonas-be-remelio\\\/\",\"url\":\"https:\\\/\\\/bymoni.art\\\/lt\\\/produktas\\\/kokonas-be-remelio\\\/\",\"name\":\"Kokonas (Be r\u0117melio) - By Moni\",\"isPartOf\":{\"@id\":\"https:\\\/\\\/bymoni.art\\\/#website\"},\"primaryImageOfPage\":{\"@id\":\"https:\\\/\\\/bymoni.art\\\/lt\\\/produktas\\\/kokonas-be-remelio\\\/#primaryimage\"},\"image\":{\"@id\":\"https:\\\/\\\/bymoni.art\\\/lt\\\/produktas\\\/kokonas-be-remelio\\\/#primaryimage\"},\"thumbnailUrl\":\"https:\\\/\\\/bymoni.art\\\/wp-content\\\/uploads\\\/2022\\\/12\\\/DSC024978s-1-1-1-scaled.jpg\",\"datePublished\":\"2024-11-28T05:35:21+00:00\",\"dateModified\":\"2024-12-02T18:38:54+00:00\",\"breadcrumb\":{\"@id\":\"https:\\\/\\\/bymoni.art\\\/lt\\\/produktas\\\/kokonas-be-remelio\\\/#breadcrumb\"},\"inLanguage\":\"lt-LT\",\"potentialAction\":[{\"@type\":\"ReadAction\",\"target\":[\"https:\\\/\\\/bymoni.art\\\/lt\\\/produktas\\\/kokonas-be-remelio\\\/\"]}]},{\"@type\":\"ImageObject\",\"inLanguage\":\"lt-LT\",\"@id\":\"https:\\\/\\\/bymoni.art\\\/lt\\\/produktas\\\/kokonas-be-remelio\\\/#primaryimage\",\"url\":\"https:\\\/\\\/bymoni.art\\\/wp-content\\\/uploads\\\/2022\\\/12\\\/DSC024978s-1-1-1-scaled.jpg\",\"contentUrl\":\"https:\\\/\\\/bymoni.art\\\/wp-content\\\/uploads\\\/2022\\\/12\\\/DSC024978s-1-1-1-scaled.jpg\",\"width\":1864,\"height\":2560},{\"@type\":\"BreadcrumbList\",\"@id\":\"https:\\\/\\\/bymoni.art\\\/lt\\\/produktas\\\/kokonas-be-remelio\\\/#breadcrumb\",\"itemListElement\":[{\"@type\":\"ListItem\",\"position\":1,\"name\":\"Home\",\"item\":\"https:\\\/\\\/bymoni.art\\\/lt\\\/\"},{\"@type\":\"ListItem\",\"position\":2,\"name\":\"Shop\",\"item\":\"https:\\\/\\\/bymoni.art\\\/shop\\\/\"},{\"@type\":\"ListItem\",\"position\":3,\"name\":\"Kokonas (Be r\u0117melio)\"}]},{\"@type\":\"WebSite\",\"@id\":\"https:\\\/\\\/bymoni.art\\\/#website\",\"url\":\"https:\\\/\\\/bymoni.art\\\/\",\"name\":\"By Moni\",\"description\":\"ARTWORKS\",\"publisher\":{\"@id\":\"https:\\\/\\\/bymoni.art\\\/#organization\"},\"potentialAction\":[{\"@type\":\"SearchAction\",\"target\":{\"@type\":\"EntryPoint\",\"urlTemplate\":\"https:\\\/\\\/bymoni.art\\\/?s={search_term_string}\"},\"query-input\":{\"@type\":\"PropertyValueSpecification\",\"valueRequired\":true,\"valueName\":\"search_term_string\"}}],\"inLanguage\":\"lt-LT\"},{\"@type\":\"Organization\",\"@id\":\"https:\\\/\\\/bymoni.art\\\/#organization\",\"name\":\"By Moni\",\"url\":\"https:\\\/\\\/bymoni.art\\\/\",\"logo\":{\"@type\":\"ImageObject\",\"inLanguage\":\"lt-LT\",\"@id\":\"https:\\\/\\\/bymoni.art\\\/#\\\/schema\\\/logo\\\/image\\\/\",\"url\":\"https:\\\/\\\/bymoni.art\\\/wp-content\\\/uploads\\\/2023\\\/06\\\/custom-logo.svg\",\"contentUrl\":\"https:\\\/\\\/bymoni.art\\\/wp-content\\\/uploads\\\/2023\\\/06\\\/custom-logo.svg\",\"caption\":\"By Moni\"},\"image\":{\"@id\":\"https:\\\/\\\/bymoni.art\\\/#\\\/schema\\\/logo\\\/image\\\/\"}}]}<\/script>\n<!-- \/ Yoast SEO plugin. -->","yoast_head_json":{"title":"Kokonas (Be r\u0117melio) - By Moni","robots":{"index":"index","follow":"follow","max-snippet":"max-snippet:-1","max-image-preview":"max-image-preview:large","max-video-preview":"max-video-preview:-1"},"canonical":"https:\/\/bymoni.art\/lt\/produktas\/kokonas-be-remelio\/","og_locale":"lt_LT","og_type":"article","og_title":"Kokonas (Be r\u0117melio) - By Moni","og_description":"ORIGINAL PEACE All prints on canvas are made on natural linen canvas, which has a texture, not as sintetic canvas. All prints on canvas are limited edition, numbered, and signed by the author, has its certificate of authenticity. All prints on canvas are made on natural linen canvas, which has a texture, not as sintetic canvas. All prints on canvas are limited edition, numbered.made on natural linen canvas, which has a texture, not as sintetic canvas. All prints on canvas are limited edition, numbered.","og_url":"https:\/\/bymoni.art\/lt\/produktas\/kokonas-be-remelio\/","og_site_name":"By Moni","article_modified_time":"2024-12-02T18:38:54+00:00","og_image":[{"width":1864,"height":2560,"url":"https:\/\/bymoni.art\/wp-content\/uploads\/2022\/12\/DSC024978s-1-1-1-scaled.jpg","type":"image\/jpeg"}],"twitter_card":"summary_large_image","twitter_misc":{"Est. reading time":"1 minut\u0117"},"schema":{"@context":"https:\/\/schema.org","@graph":[{"@type":"WebPage","@id":"https:\/\/bymoni.art\/lt\/produktas\/kokonas-be-remelio\/","url":"https:\/\/bymoni.art\/lt\/produktas\/kokonas-be-remelio\/","name":"Kokonas (Be r\u0117melio) - By Moni","isPartOf":{"@id":"https:\/\/bymoni.art\/#website"},"primaryImageOfPage":{"@id":"https:\/\/bymoni.art\/lt\/produktas\/kokonas-be-remelio\/#primaryimage"},"image":{"@id":"https:\/\/bymoni.art\/lt\/produktas\/kokonas-be-remelio\/#primaryimage"},"thumbnailUrl":"https:\/\/bymoni.art\/wp-content\/uploads\/2022\/12\/DSC024978s-1-1-1-scaled.jpg","datePublished":"2024-11-28T05:35:21+00:00","dateModified":"2024-12-02T18:38:54+00:00","breadcrumb":{"@id":"https:\/\/bymoni.art\/lt\/produktas\/kokonas-be-remelio\/#breadcrumb"},"inLanguage":"lt-LT","potentialAction":[{"@type":"ReadAction","target":["https:\/\/bymoni.art\/lt\/produktas\/kokonas-be-remelio\/"]}]},{"@type":"ImageObject","inLanguage":"lt-LT","@id":"https:\/\/bymoni.art\/lt\/produktas\/kokonas-be-remelio\/#primaryimage","url":"https:\/\/bymoni.art\/wp-content\/uploads\/2022\/12\/DSC024978s-1-1-1-scaled.jpg","contentUrl":"https:\/\/bymoni.art\/wp-content\/uploads\/2022\/12\/DSC024978s-1-1-1-scaled.jpg","width":1864,"height":2560},{"@type":"BreadcrumbList","@id":"https:\/\/bymoni.art\/lt\/produktas\/kokonas-be-remelio\/#breadcrumb","itemListElement":[{"@type":"ListItem","position":1,"name":"Home","item":"https:\/\/bymoni.art\/lt\/"},{"@type":"ListItem","position":2,"name":"Shop","item":"https:\/\/bymoni.art\/shop\/"},{"@type":"ListItem","position":3,"name":"Kokonas (Be r\u0117melio)"}]},{"@type":"WebSite","@id":"https:\/\/bymoni.art\/#website","url":"https:\/\/bymoni.art\/","name":"By Moni","description":"ARTWORKS","publisher":{"@id":"https:\/\/bymoni.art\/#organization"},"potentialAction":[{"@type":"SearchAction","target":{"@type":"EntryPoint","urlTemplate":"https:\/\/bymoni.art\/?s={search_term_string}"},"query-input":{"@type":"PropertyValueSpecification","valueRequired":true,"valueName":"search_term_string"}}],"inLanguage":"lt-LT"},{"@type":"Organization","@id":"https:\/\/bymoni.art\/#organization","name":"By Moni","url":"https:\/\/bymoni.art\/","logo":{"@type":"ImageObject","inLanguage":"lt-LT","@id":"https:\/\/bymoni.art\/#\/schema\/logo\/image\/","url":"https:\/\/bymoni.art\/wp-content\/uploads\/2023\/06\/custom-logo.svg","contentUrl":"https:\/\/bymoni.art\/wp-content\/uploads\/2023\/06\/custom-logo.svg","caption":"By Moni"},"image":{"@id":"https:\/\/bymoni.art\/#\/schema\/logo\/image\/"}}]}},"_links":{"self":[{"href":"https:\/\/bymoni.art\/lt\/wp-json\/wp\/v2\/product\/9554","targetHints":{"allow":["GET"]}}],"collection":[{"href":"https:\/\/bymoni.art\/lt\/wp-json\/wp\/v2\/product"}],"about":[{"href":"https:\/\/bymoni.art\/lt\/wp-json\/wp\/v2\/types\/product"}],"replies":[{"embeddable":true,"href":"https:\/\/bymoni.art\/lt\/wp-json\/wp\/v2\/comments?post=9554"}],"wp:featuredmedia":[{"embeddable":true,"href":"https:\/\/bymoni.art\/lt\/wp-json\/wp\/v2\/media\/1677"}],"wp:attachment":[{"href":"https:\/\/bymoni.art\/lt\/wp-json\/wp\/v2\/media?parent=9554"}],"wp:term":[{"taxonomy":"product_brand","embeddable":true,"href":"https:\/\/bymoni.art\/lt\/wp-json\/wp\/v2\/product_brand?post=9554"},{"taxonomy":"product_cat","embeddable":true,"href":"https:\/\/bymoni.art\/lt\/wp-json\/wp\/v2\/product_cat?post=9554"},{"taxonomy":"product_tag","embeddable":true,"href":"https:\/\/bymoni.art\/lt\/wp-json\/wp\/v2\/product_tag?post=9554"}],"curies":[{"name":"wp","href":"https:\/\/api.w.org\/{rel}","templated":true}]}}