{"id":9492,"date":"2024-04-02T18:10:08","date_gmt":"2024-04-02T18:10:08","guid":{"rendered":"https:\/\/bymoni.art\/?post_type=product&#038;p=9492"},"modified":"2025-05-05T16:58:03","modified_gmt":"2025-05-05T16:58:03","slug":"glebys-palaimos","status":"publish","type":"product","link":"https:\/\/bymoni.art\/lt\/produktas\/glebys-palaimos\/","title":{"rendered":"Gl\u0117bys palaimos"},"content":{"rendered":"<p style=\"text-align: justify;\">Itin puo\u0161nus, kartu pastelin\u0117mis spalvomis \u017evilgsnio nebla\u0161kantis paveikslas.<\/p>\n<p>Paveikslo storis: 4cm<br \/>\nDydis: 170x120cm<\/p>\n","protected":false},"excerpt":{"rendered":"<p>Itin puo\u0161nus, kartu pastelin\u0117mis spalvomis \u017evilgsnio nebla\u0161kantis paveikslas. Paveikslo storis: 4cm Dydis: 170x120cm<\/p>\n","protected":false},"featured_media":0,"comment_status":"open","ping_status":"closed","template":"","meta":{"_acf_changed":false},"product_brand":[],"product_cat":[134],"product_tag":[],"class_list":{"0":"post-9492","1":"product","2":"type-product","3":"status-publish","5":"product_cat-originalai","7":"first","8":"instock","9":"shipping-taxable","10":"product-type-simple"},"acf":[],"yoast_head":"<!-- This site is optimized with the Yoast SEO plugin v27.5 - https:\/\/yoast.com\/product\/yoast-seo-wordpress\/ -->\n<title>Gl\u0117bys palaimos - By Moni<\/title>\n<meta name=\"robots\" content=\"index, follow, max-snippet:-1, max-image-preview:large, max-video-preview:-1\" \/>\n<link rel=\"canonical\" href=\"https:\/\/bymoni.art\/lt\/produktas\/glebys-palaimos\/\" \/>\n<meta property=\"og:locale\" content=\"lt_LT\" \/>\n<meta property=\"og:type\" content=\"article\" \/>\n<meta property=\"og:title\" content=\"Gl\u0117bys palaimos - By Moni\" \/>\n<meta property=\"og:description\" content=\"Itin puo\u0161nus, kartu pastelin\u0117mis spalvomis \u017evilgsnio nebla\u0161kantis paveikslas. Paveikslo storis: 4cm Dydis: 170x120cm\" \/>\n<meta property=\"og:url\" content=\"https:\/\/bymoni.art\/lt\/produktas\/glebys-palaimos\/\" \/>\n<meta property=\"og:site_name\" content=\"By Moni\" \/>\n<meta property=\"article:modified_time\" content=\"2025-05-05T16:58:03+00:00\" \/>\n<meta name=\"twitter:card\" content=\"summary_large_image\" \/>\n<meta name=\"twitter:label1\" content=\"Est. reading time\" \/>\n\t<meta name=\"twitter:data1\" content=\"1 minut\u0117\" \/>\n<script type=\"application\/ld+json\" class=\"yoast-schema-graph\">{\"@context\":\"https:\\\/\\\/schema.org\",\"@graph\":[{\"@type\":\"WebPage\",\"@id\":\"https:\\\/\\\/bymoni.art\\\/lt\\\/produktas\\\/glebys-palaimos\\\/\",\"url\":\"https:\\\/\\\/bymoni.art\\\/lt\\\/produktas\\\/glebys-palaimos\\\/\",\"name\":\"Gl\u0117bys palaimos - By Moni\",\"isPartOf\":{\"@id\":\"https:\\\/\\\/bymoni.art\\\/#website\"},\"datePublished\":\"2024-04-02T18:10:08+00:00\",\"dateModified\":\"2025-05-05T16:58:03+00:00\",\"breadcrumb\":{\"@id\":\"https:\\\/\\\/bymoni.art\\\/lt\\\/produktas\\\/glebys-palaimos\\\/#breadcrumb\"},\"inLanguage\":\"lt-LT\",\"potentialAction\":[{\"@type\":\"ReadAction\",\"target\":[\"https:\\\/\\\/bymoni.art\\\/lt\\\/produktas\\\/glebys-palaimos\\\/\"]}]},{\"@type\":\"BreadcrumbList\",\"@id\":\"https:\\\/\\\/bymoni.art\\\/lt\\\/produktas\\\/glebys-palaimos\\\/#breadcrumb\",\"itemListElement\":[{\"@type\":\"ListItem\",\"position\":1,\"name\":\"Home\",\"item\":\"https:\\\/\\\/bymoni.art\\\/lt\\\/\"},{\"@type\":\"ListItem\",\"position\":2,\"name\":\"Shop\",\"item\":\"https:\\\/\\\/bymoni.art\\\/shop\\\/\"},{\"@type\":\"ListItem\",\"position\":3,\"name\":\"Gl\u0117bys palaimos\"}]},{\"@type\":\"WebSite\",\"@id\":\"https:\\\/\\\/bymoni.art\\\/#website\",\"url\":\"https:\\\/\\\/bymoni.art\\\/\",\"name\":\"By Moni\",\"description\":\"ARTWORKS\",\"publisher\":{\"@id\":\"https:\\\/\\\/bymoni.art\\\/#organization\"},\"potentialAction\":[{\"@type\":\"SearchAction\",\"target\":{\"@type\":\"EntryPoint\",\"urlTemplate\":\"https:\\\/\\\/bymoni.art\\\/?s={search_term_string}\"},\"query-input\":{\"@type\":\"PropertyValueSpecification\",\"valueRequired\":true,\"valueName\":\"search_term_string\"}}],\"inLanguage\":\"lt-LT\"},{\"@type\":\"Organization\",\"@id\":\"https:\\\/\\\/bymoni.art\\\/#organization\",\"name\":\"By Moni\",\"url\":\"https:\\\/\\\/bymoni.art\\\/\",\"logo\":{\"@type\":\"ImageObject\",\"inLanguage\":\"lt-LT\",\"@id\":\"https:\\\/\\\/bymoni.art\\\/#\\\/schema\\\/logo\\\/image\\\/\",\"url\":\"https:\\\/\\\/bymoni.art\\\/wp-content\\\/uploads\\\/2023\\\/06\\\/custom-logo.svg\",\"contentUrl\":\"https:\\\/\\\/bymoni.art\\\/wp-content\\\/uploads\\\/2023\\\/06\\\/custom-logo.svg\",\"caption\":\"By Moni\"},\"image\":{\"@id\":\"https:\\\/\\\/bymoni.art\\\/#\\\/schema\\\/logo\\\/image\\\/\"}}]}<\/script>\n<!-- \/ Yoast SEO plugin. -->","yoast_head_json":{"title":"Gl\u0117bys palaimos - By Moni","robots":{"index":"index","follow":"follow","max-snippet":"max-snippet:-1","max-image-preview":"max-image-preview:large","max-video-preview":"max-video-preview:-1"},"canonical":"https:\/\/bymoni.art\/lt\/produktas\/glebys-palaimos\/","og_locale":"lt_LT","og_type":"article","og_title":"Gl\u0117bys palaimos - By Moni","og_description":"Itin puo\u0161nus, kartu pastelin\u0117mis spalvomis \u017evilgsnio nebla\u0161kantis paveikslas. Paveikslo storis: 4cm Dydis: 170x120cm","og_url":"https:\/\/bymoni.art\/lt\/produktas\/glebys-palaimos\/","og_site_name":"By Moni","article_modified_time":"2025-05-05T16:58:03+00:00","twitter_card":"summary_large_image","twitter_misc":{"Est. reading time":"1 minut\u0117"},"schema":{"@context":"https:\/\/schema.org","@graph":[{"@type":"WebPage","@id":"https:\/\/bymoni.art\/lt\/produktas\/glebys-palaimos\/","url":"https:\/\/bymoni.art\/lt\/produktas\/glebys-palaimos\/","name":"Gl\u0117bys palaimos - By Moni","isPartOf":{"@id":"https:\/\/bymoni.art\/#website"},"datePublished":"2024-04-02T18:10:08+00:00","dateModified":"2025-05-05T16:58:03+00:00","breadcrumb":{"@id":"https:\/\/bymoni.art\/lt\/produktas\/glebys-palaimos\/#breadcrumb"},"inLanguage":"lt-LT","potentialAction":[{"@type":"ReadAction","target":["https:\/\/bymoni.art\/lt\/produktas\/glebys-palaimos\/"]}]},{"@type":"BreadcrumbList","@id":"https:\/\/bymoni.art\/lt\/produktas\/glebys-palaimos\/#breadcrumb","itemListElement":[{"@type":"ListItem","position":1,"name":"Home","item":"https:\/\/bymoni.art\/lt\/"},{"@type":"ListItem","position":2,"name":"Shop","item":"https:\/\/bymoni.art\/shop\/"},{"@type":"ListItem","position":3,"name":"Gl\u0117bys palaimos"}]},{"@type":"WebSite","@id":"https:\/\/bymoni.art\/#website","url":"https:\/\/bymoni.art\/","name":"By Moni","description":"ARTWORKS","publisher":{"@id":"https:\/\/bymoni.art\/#organization"},"potentialAction":[{"@type":"SearchAction","target":{"@type":"EntryPoint","urlTemplate":"https:\/\/bymoni.art\/?s={search_term_string}"},"query-input":{"@type":"PropertyValueSpecification","valueRequired":true,"valueName":"search_term_string"}}],"inLanguage":"lt-LT"},{"@type":"Organization","@id":"https:\/\/bymoni.art\/#organization","name":"By Moni","url":"https:\/\/bymoni.art\/","logo":{"@type":"ImageObject","inLanguage":"lt-LT","@id":"https:\/\/bymoni.art\/#\/schema\/logo\/image\/","url":"https:\/\/bymoni.art\/wp-content\/uploads\/2023\/06\/custom-logo.svg","contentUrl":"https:\/\/bymoni.art\/wp-content\/uploads\/2023\/06\/custom-logo.svg","caption":"By Moni"},"image":{"@id":"https:\/\/bymoni.art\/#\/schema\/logo\/image\/"}}]}},"_links":{"self":[{"href":"https:\/\/bymoni.art\/lt\/wp-json\/wp\/v2\/product\/9492","targetHints":{"allow":["GET"]}}],"collection":[{"href":"https:\/\/bymoni.art\/lt\/wp-json\/wp\/v2\/product"}],"about":[{"href":"https:\/\/bymoni.art\/lt\/wp-json\/wp\/v2\/types\/product"}],"replies":[{"embeddable":true,"href":"https:\/\/bymoni.art\/lt\/wp-json\/wp\/v2\/comments?post=9492"}],"wp:attachment":[{"href":"https:\/\/bymoni.art\/lt\/wp-json\/wp\/v2\/media?parent=9492"}],"wp:term":[{"taxonomy":"product_brand","embeddable":true,"href":"https:\/\/bymoni.art\/lt\/wp-json\/wp\/v2\/product_brand?post=9492"},{"taxonomy":"product_cat","embeddable":true,"href":"https:\/\/bymoni.art\/lt\/wp-json\/wp\/v2\/product_cat?post=9492"},{"taxonomy":"product_tag","embeddable":true,"href":"https:\/\/bymoni.art\/lt\/wp-json\/wp\/v2\/product_tag?post=9492"}],"curies":[{"name":"wp","href":"https:\/\/api.w.org\/{rel}","templated":true}]}}