{"id":9200,"date":"2023-11-21T20:20:42","date_gmt":"2023-11-21T20:20:42","guid":{"rendered":"https:\/\/bymoni.art\/?post_type=product&#038;p=9200"},"modified":"2023-11-23T11:03:34","modified_gmt":"2023-11-23T11:03:34","slug":"speak-your-truth-originalas","status":"publish","type":"product","link":"https:\/\/bymoni.art\/lt\/produktas\/speak-your-truth-originalas\/","title":{"rendered":"Speak your truth"},"content":{"rendered":"<p style=\"text-align: justify;\">Paveikslas apie i\u0161 vidaus sprogstan\u010di\u0105 energij\u0105 ir dr\u0105s\u0105 kalb\u0117ti, bei reik\u0161ti save. \u0160is k\u016brinys tarsi pripildo jo \u017ei\u016brov\u0105 stiprybe ir noru veikti, daryti! Atkreipia \u012f save d\u0117mes\u012f, kartu neutraliomis spalvomis jo nebla\u0161ko.<\/p>\n<p>Technika: pastel\u0117, drob\u0117.<br \/>\nDydis: 240 x 180 cm<\/p>\n","protected":false},"excerpt":{"rendered":"<p>Paveikslas apie i\u0161 vidaus sprogstan\u010di\u0105 energij\u0105 ir dr\u0105s\u0105 kalb\u0117ti, bei reik\u0161ti save. \u0160is k\u016brinys tarsi pripildo jo \u017ei\u016brov\u0105 stiprybe ir noru veikti, daryti! Atkreipia \u012f save d\u0117mes\u012f, kartu neutraliomis spalvomis jo nebla\u0161ko. Technika: pastel\u0117, drob\u0117. Dydis: 240 x 180 cm<\/p>\n","protected":false},"featured_media":9166,"comment_status":"open","ping_status":"closed","template":"","meta":{"_acf_changed":false},"product_brand":[],"product_cat":[134],"product_tag":[],"class_list":{"0":"post-9200","1":"product","2":"type-product","3":"status-publish","4":"has-post-thumbnail","6":"product_cat-originalai","8":"first","9":"instock","10":"shipping-taxable","11":"product-type-simple"},"acf":[],"yoast_head":"<!-- This site is optimized with the Yoast SEO plugin v27.5 - https:\/\/yoast.com\/product\/yoast-seo-wordpress\/ -->\n<title>Speak your truth - By Moni<\/title>\n<meta name=\"robots\" content=\"index, follow, max-snippet:-1, max-image-preview:large, max-video-preview:-1\" \/>\n<link rel=\"canonical\" href=\"https:\/\/bymoni.art\/lt\/produktas\/speak-your-truth-originalas\/\" \/>\n<meta property=\"og:locale\" content=\"lt_LT\" \/>\n<meta property=\"og:type\" content=\"article\" \/>\n<meta property=\"og:title\" content=\"Speak your truth - By Moni\" \/>\n<meta property=\"og:description\" content=\"Paveikslas apie i\u0161 vidaus sprogstan\u010di\u0105 energij\u0105 ir dr\u0105s\u0105 kalb\u0117ti, bei reik\u0161ti save. \u0160is k\u016brinys tarsi pripildo jo \u017ei\u016brov\u0105 stiprybe ir noru veikti, daryti! Atkreipia \u012f save d\u0117mes\u012f, kartu neutraliomis spalvomis jo nebla\u0161ko. Technika: pastel\u0117, drob\u0117. Dydis: 240 x 180 cm\" \/>\n<meta property=\"og:url\" content=\"https:\/\/bymoni.art\/lt\/produktas\/speak-your-truth-originalas\/\" \/>\n<meta property=\"og:site_name\" content=\"By Moni\" \/>\n<meta property=\"article:modified_time\" content=\"2023-11-23T11:03:34+00:00\" \/>\n<meta property=\"og:image\" content=\"https:\/\/bymoni.art\/wp-content\/uploads\/2023\/11\/DSC04930-2-scaled.jpg\" \/>\n\t<meta property=\"og:image:width\" content=\"1891\" \/>\n\t<meta property=\"og:image:height\" content=\"2560\" \/>\n\t<meta property=\"og:image:type\" content=\"image\/jpeg\" \/>\n<meta name=\"twitter:card\" content=\"summary_large_image\" \/>\n<meta name=\"twitter:label1\" content=\"Est. reading time\" \/>\n\t<meta name=\"twitter:data1\" content=\"1 minut\u0117\" \/>\n<script type=\"application\/ld+json\" class=\"yoast-schema-graph\">{\"@context\":\"https:\\\/\\\/schema.org\",\"@graph\":[{\"@type\":\"WebPage\",\"@id\":\"https:\\\/\\\/bymoni.art\\\/lt\\\/produktas\\\/speak-your-truth-originalas\\\/\",\"url\":\"https:\\\/\\\/bymoni.art\\\/lt\\\/produktas\\\/speak-your-truth-originalas\\\/\",\"name\":\"Speak your truth - By Moni\",\"isPartOf\":{\"@id\":\"https:\\\/\\\/bymoni.art\\\/#website\"},\"primaryImageOfPage\":{\"@id\":\"https:\\\/\\\/bymoni.art\\\/lt\\\/produktas\\\/speak-your-truth-originalas\\\/#primaryimage\"},\"image\":{\"@id\":\"https:\\\/\\\/bymoni.art\\\/lt\\\/produktas\\\/speak-your-truth-originalas\\\/#primaryimage\"},\"thumbnailUrl\":\"https:\\\/\\\/bymoni.art\\\/wp-content\\\/uploads\\\/2023\\\/11\\\/DSC04930-2-scaled.jpg\",\"datePublished\":\"2023-11-21T20:20:42+00:00\",\"dateModified\":\"2023-11-23T11:03:34+00:00\",\"breadcrumb\":{\"@id\":\"https:\\\/\\\/bymoni.art\\\/lt\\\/produktas\\\/speak-your-truth-originalas\\\/#breadcrumb\"},\"inLanguage\":\"lt-LT\",\"potentialAction\":[{\"@type\":\"ReadAction\",\"target\":[\"https:\\\/\\\/bymoni.art\\\/lt\\\/produktas\\\/speak-your-truth-originalas\\\/\"]}]},{\"@type\":\"ImageObject\",\"inLanguage\":\"lt-LT\",\"@id\":\"https:\\\/\\\/bymoni.art\\\/lt\\\/produktas\\\/speak-your-truth-originalas\\\/#primaryimage\",\"url\":\"https:\\\/\\\/bymoni.art\\\/wp-content\\\/uploads\\\/2023\\\/11\\\/DSC04930-2-scaled.jpg\",\"contentUrl\":\"https:\\\/\\\/bymoni.art\\\/wp-content\\\/uploads\\\/2023\\\/11\\\/DSC04930-2-scaled.jpg\",\"width\":1891,\"height\":2560},{\"@type\":\"BreadcrumbList\",\"@id\":\"https:\\\/\\\/bymoni.art\\\/lt\\\/produktas\\\/speak-your-truth-originalas\\\/#breadcrumb\",\"itemListElement\":[{\"@type\":\"ListItem\",\"position\":1,\"name\":\"Home\",\"item\":\"https:\\\/\\\/bymoni.art\\\/lt\\\/\"},{\"@type\":\"ListItem\",\"position\":2,\"name\":\"Shop\",\"item\":\"https:\\\/\\\/bymoni.art\\\/shop\\\/\"},{\"@type\":\"ListItem\",\"position\":3,\"name\":\"Speak your truth\"}]},{\"@type\":\"WebSite\",\"@id\":\"https:\\\/\\\/bymoni.art\\\/#website\",\"url\":\"https:\\\/\\\/bymoni.art\\\/\",\"name\":\"By Moni\",\"description\":\"ARTWORKS\",\"publisher\":{\"@id\":\"https:\\\/\\\/bymoni.art\\\/#organization\"},\"potentialAction\":[{\"@type\":\"SearchAction\",\"target\":{\"@type\":\"EntryPoint\",\"urlTemplate\":\"https:\\\/\\\/bymoni.art\\\/?s={search_term_string}\"},\"query-input\":{\"@type\":\"PropertyValueSpecification\",\"valueRequired\":true,\"valueName\":\"search_term_string\"}}],\"inLanguage\":\"lt-LT\"},{\"@type\":\"Organization\",\"@id\":\"https:\\\/\\\/bymoni.art\\\/#organization\",\"name\":\"By Moni\",\"url\":\"https:\\\/\\\/bymoni.art\\\/\",\"logo\":{\"@type\":\"ImageObject\",\"inLanguage\":\"lt-LT\",\"@id\":\"https:\\\/\\\/bymoni.art\\\/#\\\/schema\\\/logo\\\/image\\\/\",\"url\":\"https:\\\/\\\/bymoni.art\\\/wp-content\\\/uploads\\\/2023\\\/06\\\/custom-logo.svg\",\"contentUrl\":\"https:\\\/\\\/bymoni.art\\\/wp-content\\\/uploads\\\/2023\\\/06\\\/custom-logo.svg\",\"caption\":\"By Moni\"},\"image\":{\"@id\":\"https:\\\/\\\/bymoni.art\\\/#\\\/schema\\\/logo\\\/image\\\/\"}}]}<\/script>\n<!-- \/ Yoast SEO plugin. -->","yoast_head_json":{"title":"Speak your truth - By Moni","robots":{"index":"index","follow":"follow","max-snippet":"max-snippet:-1","max-image-preview":"max-image-preview:large","max-video-preview":"max-video-preview:-1"},"canonical":"https:\/\/bymoni.art\/lt\/produktas\/speak-your-truth-originalas\/","og_locale":"lt_LT","og_type":"article","og_title":"Speak your truth - By Moni","og_description":"Paveikslas apie i\u0161 vidaus sprogstan\u010di\u0105 energij\u0105 ir dr\u0105s\u0105 kalb\u0117ti, bei reik\u0161ti save. \u0160is k\u016brinys tarsi pripildo jo \u017ei\u016brov\u0105 stiprybe ir noru veikti, daryti! Atkreipia \u012f save d\u0117mes\u012f, kartu neutraliomis spalvomis jo nebla\u0161ko. Technika: pastel\u0117, drob\u0117. Dydis: 240 x 180 cm","og_url":"https:\/\/bymoni.art\/lt\/produktas\/speak-your-truth-originalas\/","og_site_name":"By Moni","article_modified_time":"2023-11-23T11:03:34+00:00","og_image":[{"width":1891,"height":2560,"url":"https:\/\/bymoni.art\/wp-content\/uploads\/2023\/11\/DSC04930-2-scaled.jpg","type":"image\/jpeg"}],"twitter_card":"summary_large_image","twitter_misc":{"Est. reading time":"1 minut\u0117"},"schema":{"@context":"https:\/\/schema.org","@graph":[{"@type":"WebPage","@id":"https:\/\/bymoni.art\/lt\/produktas\/speak-your-truth-originalas\/","url":"https:\/\/bymoni.art\/lt\/produktas\/speak-your-truth-originalas\/","name":"Speak your truth - By Moni","isPartOf":{"@id":"https:\/\/bymoni.art\/#website"},"primaryImageOfPage":{"@id":"https:\/\/bymoni.art\/lt\/produktas\/speak-your-truth-originalas\/#primaryimage"},"image":{"@id":"https:\/\/bymoni.art\/lt\/produktas\/speak-your-truth-originalas\/#primaryimage"},"thumbnailUrl":"https:\/\/bymoni.art\/wp-content\/uploads\/2023\/11\/DSC04930-2-scaled.jpg","datePublished":"2023-11-21T20:20:42+00:00","dateModified":"2023-11-23T11:03:34+00:00","breadcrumb":{"@id":"https:\/\/bymoni.art\/lt\/produktas\/speak-your-truth-originalas\/#breadcrumb"},"inLanguage":"lt-LT","potentialAction":[{"@type":"ReadAction","target":["https:\/\/bymoni.art\/lt\/produktas\/speak-your-truth-originalas\/"]}]},{"@type":"ImageObject","inLanguage":"lt-LT","@id":"https:\/\/bymoni.art\/lt\/produktas\/speak-your-truth-originalas\/#primaryimage","url":"https:\/\/bymoni.art\/wp-content\/uploads\/2023\/11\/DSC04930-2-scaled.jpg","contentUrl":"https:\/\/bymoni.art\/wp-content\/uploads\/2023\/11\/DSC04930-2-scaled.jpg","width":1891,"height":2560},{"@type":"BreadcrumbList","@id":"https:\/\/bymoni.art\/lt\/produktas\/speak-your-truth-originalas\/#breadcrumb","itemListElement":[{"@type":"ListItem","position":1,"name":"Home","item":"https:\/\/bymoni.art\/lt\/"},{"@type":"ListItem","position":2,"name":"Shop","item":"https:\/\/bymoni.art\/shop\/"},{"@type":"ListItem","position":3,"name":"Speak your truth"}]},{"@type":"WebSite","@id":"https:\/\/bymoni.art\/#website","url":"https:\/\/bymoni.art\/","name":"By Moni","description":"ARTWORKS","publisher":{"@id":"https:\/\/bymoni.art\/#organization"},"potentialAction":[{"@type":"SearchAction","target":{"@type":"EntryPoint","urlTemplate":"https:\/\/bymoni.art\/?s={search_term_string}"},"query-input":{"@type":"PropertyValueSpecification","valueRequired":true,"valueName":"search_term_string"}}],"inLanguage":"lt-LT"},{"@type":"Organization","@id":"https:\/\/bymoni.art\/#organization","name":"By Moni","url":"https:\/\/bymoni.art\/","logo":{"@type":"ImageObject","inLanguage":"lt-LT","@id":"https:\/\/bymoni.art\/#\/schema\/logo\/image\/","url":"https:\/\/bymoni.art\/wp-content\/uploads\/2023\/06\/custom-logo.svg","contentUrl":"https:\/\/bymoni.art\/wp-content\/uploads\/2023\/06\/custom-logo.svg","caption":"By Moni"},"image":{"@id":"https:\/\/bymoni.art\/#\/schema\/logo\/image\/"}}]}},"_links":{"self":[{"href":"https:\/\/bymoni.art\/lt\/wp-json\/wp\/v2\/product\/9200","targetHints":{"allow":["GET"]}}],"collection":[{"href":"https:\/\/bymoni.art\/lt\/wp-json\/wp\/v2\/product"}],"about":[{"href":"https:\/\/bymoni.art\/lt\/wp-json\/wp\/v2\/types\/product"}],"replies":[{"embeddable":true,"href":"https:\/\/bymoni.art\/lt\/wp-json\/wp\/v2\/comments?post=9200"}],"wp:featuredmedia":[{"embeddable":true,"href":"https:\/\/bymoni.art\/lt\/wp-json\/wp\/v2\/media\/9166"}],"wp:attachment":[{"href":"https:\/\/bymoni.art\/lt\/wp-json\/wp\/v2\/media?parent=9200"}],"wp:term":[{"taxonomy":"product_brand","embeddable":true,"href":"https:\/\/bymoni.art\/lt\/wp-json\/wp\/v2\/product_brand?post=9200"},{"taxonomy":"product_cat","embeddable":true,"href":"https:\/\/bymoni.art\/lt\/wp-json\/wp\/v2\/product_cat?post=9200"},{"taxonomy":"product_tag","embeddable":true,"href":"https:\/\/bymoni.art\/lt\/wp-json\/wp\/v2\/product_tag?post=9200"}],"curies":[{"name":"wp","href":"https:\/\/api.w.org\/{rel}","templated":true}]}}