{"id":2915,"date":"2023-05-25T17:28:28","date_gmt":"2023-05-25T17:28:28","guid":{"rendered":"https:\/\/bymoni.art\/product\/two-dancing-fires\/"},"modified":"2023-11-17T06:44:10","modified_gmt":"2023-11-17T06:44:10","slug":"dvi-sokancios-ugnys-originalas","status":"publish","type":"product","link":"https:\/\/bymoni.art\/lt\/produktas\/dvi-sokancios-ugnys-originalas\/","title":{"rendered":"Dvi \u0161okan\u010dios ugnys"},"content":{"rendered":"<p style=\"text-align: justify;\">Paveikslas apie dvi neatskiriamas, viena kit\u0105 papildan\u010dias dalis, tarsi Jing ir Jang. Santyk\u012f, kupin\u0105 aistros, ugningos meil\u0117s ir bendros vizijos. Linin\u0117 drob\u0117, mi\u0161ri technika. Auksuoti tigrai ir reliefin\u0117 r\u0117mo improvizacija paveiksle labiausiai nustebina matomi gyvai.<\/p>\n<p style=\"text-align: justify;\">Dydis: 120x120cm<\/p>\n","protected":false},"excerpt":{"rendered":"<p>Paveikslas apie dvi neatskiriamas, viena kit\u0105 papildan\u010dias dalis, tarsi Jing ir Jang. Santyk\u012f, kupin\u0105 aistros, ugningos meil\u0117s ir bendros vizijos. Linin\u0117 drob\u0117, mi\u0161ri technika. Auksuoti tigrai ir reliefin\u0117 r\u0117mo improvizacija paveiksle labiausiai nustebina matomi gyvai. Dydis: 120x120cm<\/p>\n","protected":false},"featured_media":1057,"comment_status":"open","ping_status":"closed","template":"","meta":{"_acf_changed":false},"product_brand":[],"product_cat":[134],"product_tag":[],"class_list":{"0":"post-2915","1":"product","2":"type-product","3":"status-publish","4":"has-post-thumbnail","6":"product_cat-originalai","8":"first","9":"instock","10":"shipping-taxable","11":"product-type-simple"},"acf":[],"yoast_head":"<!-- This site is optimized with the Yoast SEO plugin v27.5 - https:\/\/yoast.com\/product\/yoast-seo-wordpress\/ -->\n<title>Dvi \u0161okan\u010dios ugnys - By Moni<\/title>\n<meta name=\"robots\" content=\"index, follow, max-snippet:-1, max-image-preview:large, max-video-preview:-1\" \/>\n<link rel=\"canonical\" href=\"https:\/\/bymoni.art\/lt\/produktas\/dvi-sokancios-ugnys-originalas\/\" \/>\n<meta property=\"og:locale\" content=\"lt_LT\" \/>\n<meta property=\"og:type\" content=\"article\" \/>\n<meta property=\"og:title\" content=\"Dvi \u0161okan\u010dios ugnys - By Moni\" \/>\n<meta property=\"og:description\" content=\"Paveikslas apie dvi neatskiriamas, viena kit\u0105 papildan\u010dias dalis, tarsi Jing ir Jang. Santyk\u012f, kupin\u0105 aistros, ugningos meil\u0117s ir bendros vizijos. Linin\u0117 drob\u0117, mi\u0161ri technika. Auksuoti tigrai ir reliefin\u0117 r\u0117mo improvizacija paveiksle labiausiai nustebina matomi gyvai. Dydis: 120x120cm\" \/>\n<meta property=\"og:url\" content=\"https:\/\/bymoni.art\/lt\/produktas\/dvi-sokancios-ugnys-originalas\/\" \/>\n<meta property=\"og:site_name\" content=\"By Moni\" \/>\n<meta property=\"article:modified_time\" content=\"2023-11-17T06:44:10+00:00\" \/>\n<meta property=\"og:image\" content=\"https:\/\/bymoni.art\/wp-content\/uploads\/2023\/05\/Untitled-4-scaled.jpg\" \/>\n\t<meta property=\"og:image:width\" content=\"2374\" \/>\n\t<meta property=\"og:image:height\" content=\"2560\" \/>\n\t<meta property=\"og:image:type\" content=\"image\/jpeg\" \/>\n<meta name=\"twitter:card\" content=\"summary_large_image\" \/>\n<meta name=\"twitter:label1\" content=\"Est. reading time\" \/>\n\t<meta name=\"twitter:data1\" content=\"1 minut\u0117\" \/>\n<script type=\"application\/ld+json\" class=\"yoast-schema-graph\">{\"@context\":\"https:\\\/\\\/schema.org\",\"@graph\":[{\"@type\":\"WebPage\",\"@id\":\"https:\\\/\\\/bymoni.art\\\/lt\\\/produktas\\\/dvi-sokancios-ugnys-originalas\\\/\",\"url\":\"https:\\\/\\\/bymoni.art\\\/lt\\\/produktas\\\/dvi-sokancios-ugnys-originalas\\\/\",\"name\":\"Dvi \u0161okan\u010dios ugnys - By Moni\",\"isPartOf\":{\"@id\":\"https:\\\/\\\/bymoni.art\\\/#website\"},\"primaryImageOfPage\":{\"@id\":\"https:\\\/\\\/bymoni.art\\\/lt\\\/produktas\\\/dvi-sokancios-ugnys-originalas\\\/#primaryimage\"},\"image\":{\"@id\":\"https:\\\/\\\/bymoni.art\\\/lt\\\/produktas\\\/dvi-sokancios-ugnys-originalas\\\/#primaryimage\"},\"thumbnailUrl\":\"https:\\\/\\\/bymoni.art\\\/wp-content\\\/uploads\\\/2023\\\/05\\\/Untitled-4-scaled.jpg\",\"datePublished\":\"2023-05-25T17:28:28+00:00\",\"dateModified\":\"2023-11-17T06:44:10+00:00\",\"breadcrumb\":{\"@id\":\"https:\\\/\\\/bymoni.art\\\/lt\\\/produktas\\\/dvi-sokancios-ugnys-originalas\\\/#breadcrumb\"},\"inLanguage\":\"lt-LT\",\"potentialAction\":[{\"@type\":\"ReadAction\",\"target\":[\"https:\\\/\\\/bymoni.art\\\/lt\\\/produktas\\\/dvi-sokancios-ugnys-originalas\\\/\"]}]},{\"@type\":\"ImageObject\",\"inLanguage\":\"lt-LT\",\"@id\":\"https:\\\/\\\/bymoni.art\\\/lt\\\/produktas\\\/dvi-sokancios-ugnys-originalas\\\/#primaryimage\",\"url\":\"https:\\\/\\\/bymoni.art\\\/wp-content\\\/uploads\\\/2023\\\/05\\\/Untitled-4-scaled.jpg\",\"contentUrl\":\"https:\\\/\\\/bymoni.art\\\/wp-content\\\/uploads\\\/2023\\\/05\\\/Untitled-4-scaled.jpg\",\"width\":2374,\"height\":2560},{\"@type\":\"BreadcrumbList\",\"@id\":\"https:\\\/\\\/bymoni.art\\\/lt\\\/produktas\\\/dvi-sokancios-ugnys-originalas\\\/#breadcrumb\",\"itemListElement\":[{\"@type\":\"ListItem\",\"position\":1,\"name\":\"Home\",\"item\":\"https:\\\/\\\/bymoni.art\\\/lt\\\/\"},{\"@type\":\"ListItem\",\"position\":2,\"name\":\"Shop\",\"item\":\"https:\\\/\\\/bymoni.art\\\/shop\\\/\"},{\"@type\":\"ListItem\",\"position\":3,\"name\":\"Dvi \u0161okan\u010dios ugnys\"}]},{\"@type\":\"WebSite\",\"@id\":\"https:\\\/\\\/bymoni.art\\\/#website\",\"url\":\"https:\\\/\\\/bymoni.art\\\/\",\"name\":\"By Moni\",\"description\":\"ARTWORKS\",\"publisher\":{\"@id\":\"https:\\\/\\\/bymoni.art\\\/#organization\"},\"potentialAction\":[{\"@type\":\"SearchAction\",\"target\":{\"@type\":\"EntryPoint\",\"urlTemplate\":\"https:\\\/\\\/bymoni.art\\\/?s={search_term_string}\"},\"query-input\":{\"@type\":\"PropertyValueSpecification\",\"valueRequired\":true,\"valueName\":\"search_term_string\"}}],\"inLanguage\":\"lt-LT\"},{\"@type\":\"Organization\",\"@id\":\"https:\\\/\\\/bymoni.art\\\/#organization\",\"name\":\"By Moni\",\"url\":\"https:\\\/\\\/bymoni.art\\\/\",\"logo\":{\"@type\":\"ImageObject\",\"inLanguage\":\"lt-LT\",\"@id\":\"https:\\\/\\\/bymoni.art\\\/#\\\/schema\\\/logo\\\/image\\\/\",\"url\":\"https:\\\/\\\/bymoni.art\\\/wp-content\\\/uploads\\\/2023\\\/06\\\/custom-logo.svg\",\"contentUrl\":\"https:\\\/\\\/bymoni.art\\\/wp-content\\\/uploads\\\/2023\\\/06\\\/custom-logo.svg\",\"caption\":\"By Moni\"},\"image\":{\"@id\":\"https:\\\/\\\/bymoni.art\\\/#\\\/schema\\\/logo\\\/image\\\/\"}}]}<\/script>\n<!-- \/ Yoast SEO plugin. -->","yoast_head_json":{"title":"Dvi \u0161okan\u010dios ugnys - By Moni","robots":{"index":"index","follow":"follow","max-snippet":"max-snippet:-1","max-image-preview":"max-image-preview:large","max-video-preview":"max-video-preview:-1"},"canonical":"https:\/\/bymoni.art\/lt\/produktas\/dvi-sokancios-ugnys-originalas\/","og_locale":"lt_LT","og_type":"article","og_title":"Dvi \u0161okan\u010dios ugnys - By Moni","og_description":"Paveikslas apie dvi neatskiriamas, viena kit\u0105 papildan\u010dias dalis, tarsi Jing ir Jang. Santyk\u012f, kupin\u0105 aistros, ugningos meil\u0117s ir bendros vizijos. Linin\u0117 drob\u0117, mi\u0161ri technika. Auksuoti tigrai ir reliefin\u0117 r\u0117mo improvizacija paveiksle labiausiai nustebina matomi gyvai. Dydis: 120x120cm","og_url":"https:\/\/bymoni.art\/lt\/produktas\/dvi-sokancios-ugnys-originalas\/","og_site_name":"By Moni","article_modified_time":"2023-11-17T06:44:10+00:00","og_image":[{"width":2374,"height":2560,"url":"https:\/\/bymoni.art\/wp-content\/uploads\/2023\/05\/Untitled-4-scaled.jpg","type":"image\/jpeg"}],"twitter_card":"summary_large_image","twitter_misc":{"Est. reading time":"1 minut\u0117"},"schema":{"@context":"https:\/\/schema.org","@graph":[{"@type":"WebPage","@id":"https:\/\/bymoni.art\/lt\/produktas\/dvi-sokancios-ugnys-originalas\/","url":"https:\/\/bymoni.art\/lt\/produktas\/dvi-sokancios-ugnys-originalas\/","name":"Dvi \u0161okan\u010dios ugnys - By Moni","isPartOf":{"@id":"https:\/\/bymoni.art\/#website"},"primaryImageOfPage":{"@id":"https:\/\/bymoni.art\/lt\/produktas\/dvi-sokancios-ugnys-originalas\/#primaryimage"},"image":{"@id":"https:\/\/bymoni.art\/lt\/produktas\/dvi-sokancios-ugnys-originalas\/#primaryimage"},"thumbnailUrl":"https:\/\/bymoni.art\/wp-content\/uploads\/2023\/05\/Untitled-4-scaled.jpg","datePublished":"2023-05-25T17:28:28+00:00","dateModified":"2023-11-17T06:44:10+00:00","breadcrumb":{"@id":"https:\/\/bymoni.art\/lt\/produktas\/dvi-sokancios-ugnys-originalas\/#breadcrumb"},"inLanguage":"lt-LT","potentialAction":[{"@type":"ReadAction","target":["https:\/\/bymoni.art\/lt\/produktas\/dvi-sokancios-ugnys-originalas\/"]}]},{"@type":"ImageObject","inLanguage":"lt-LT","@id":"https:\/\/bymoni.art\/lt\/produktas\/dvi-sokancios-ugnys-originalas\/#primaryimage","url":"https:\/\/bymoni.art\/wp-content\/uploads\/2023\/05\/Untitled-4-scaled.jpg","contentUrl":"https:\/\/bymoni.art\/wp-content\/uploads\/2023\/05\/Untitled-4-scaled.jpg","width":2374,"height":2560},{"@type":"BreadcrumbList","@id":"https:\/\/bymoni.art\/lt\/produktas\/dvi-sokancios-ugnys-originalas\/#breadcrumb","itemListElement":[{"@type":"ListItem","position":1,"name":"Home","item":"https:\/\/bymoni.art\/lt\/"},{"@type":"ListItem","position":2,"name":"Shop","item":"https:\/\/bymoni.art\/shop\/"},{"@type":"ListItem","position":3,"name":"Dvi \u0161okan\u010dios ugnys"}]},{"@type":"WebSite","@id":"https:\/\/bymoni.art\/#website","url":"https:\/\/bymoni.art\/","name":"By Moni","description":"ARTWORKS","publisher":{"@id":"https:\/\/bymoni.art\/#organization"},"potentialAction":[{"@type":"SearchAction","target":{"@type":"EntryPoint","urlTemplate":"https:\/\/bymoni.art\/?s={search_term_string}"},"query-input":{"@type":"PropertyValueSpecification","valueRequired":true,"valueName":"search_term_string"}}],"inLanguage":"lt-LT"},{"@type":"Organization","@id":"https:\/\/bymoni.art\/#organization","name":"By Moni","url":"https:\/\/bymoni.art\/","logo":{"@type":"ImageObject","inLanguage":"lt-LT","@id":"https:\/\/bymoni.art\/#\/schema\/logo\/image\/","url":"https:\/\/bymoni.art\/wp-content\/uploads\/2023\/06\/custom-logo.svg","contentUrl":"https:\/\/bymoni.art\/wp-content\/uploads\/2023\/06\/custom-logo.svg","caption":"By Moni"},"image":{"@id":"https:\/\/bymoni.art\/#\/schema\/logo\/image\/"}}]}},"_links":{"self":[{"href":"https:\/\/bymoni.art\/lt\/wp-json\/wp\/v2\/product\/2915","targetHints":{"allow":["GET"]}}],"collection":[{"href":"https:\/\/bymoni.art\/lt\/wp-json\/wp\/v2\/product"}],"about":[{"href":"https:\/\/bymoni.art\/lt\/wp-json\/wp\/v2\/types\/product"}],"replies":[{"embeddable":true,"href":"https:\/\/bymoni.art\/lt\/wp-json\/wp\/v2\/comments?post=2915"}],"wp:featuredmedia":[{"embeddable":true,"href":"https:\/\/bymoni.art\/lt\/wp-json\/wp\/v2\/media\/1057"}],"wp:attachment":[{"href":"https:\/\/bymoni.art\/lt\/wp-json\/wp\/v2\/media?parent=2915"}],"wp:term":[{"taxonomy":"product_brand","embeddable":true,"href":"https:\/\/bymoni.art\/lt\/wp-json\/wp\/v2\/product_brand?post=2915"},{"taxonomy":"product_cat","embeddable":true,"href":"https:\/\/bymoni.art\/lt\/wp-json\/wp\/v2\/product_cat?post=2915"},{"taxonomy":"product_tag","embeddable":true,"href":"https:\/\/bymoni.art\/lt\/wp-json\/wp\/v2\/product_tag?post=2915"}],"curies":[{"name":"wp","href":"https:\/\/api.w.org\/{rel}","templated":true}]}}