{"id":2731,"date":"2023-06-27T15:49:03","date_gmt":"2023-06-27T15:49:03","guid":{"rendered":"https:\/\/bymoni.art\/product\/episode-3\/"},"modified":"2024-04-02T15:17:22","modified_gmt":"2024-04-02T15:17:22","slug":"episodas-originalas","status":"publish","type":"product","link":"https:\/\/bymoni.art\/lt\/produktas\/episodas-originalas\/","title":{"rendered":"Epizodas"},"content":{"rendered":"<p style=\"text-align: justify;\">Subtiliai aistra alsuojantis, abstraktus ir kartu detalus paveikslas intymiai nam\u0173 erdvei.<\/p>\n<p style=\"text-align: justify;\">Melsvai pilk\u0161vi atspalviai, mati\u0161kumas ir mink\u0161ti, \u0161veln\u016bs \u0161trihai, nestimuliuoja aki\u0173 ir raminan\u010diai nuteikia poilsiui. Paveikslo slaptas ryto ingredientas &#8211; kavos la\u0161eliai. Na ir \u0161tai &#8211; ramyb\u0117, aistra, rytin\u0117 kava &#8211; viskas tilpo \u012f vien\u0105 paveiksl\u0105 tobulai miegamojo erdvei i\u0161pildyti.<\/p>\n<p>Dydis: 110&#215;110 cm<\/p>\n","protected":false},"excerpt":{"rendered":"<p>Subtiliai aistra alsuojantis, abstraktus ir kartu detalus paveikslas intymiai nam\u0173 erdvei. Melsvai pilk\u0161vi atspalviai, mati\u0161kumas ir mink\u0161ti, \u0161veln\u016bs \u0161trihai, nestimuliuoja aki\u0173 ir raminan\u010diai nuteikia poilsiui. Paveikslo slaptas ryto ingredientas &#8211; kavos la\u0161eliai. Na ir \u0161tai &#8211; ramyb\u0117, aistra, rytin\u0117 kava &#8211; viskas tilpo \u012f vien\u0105 paveiksl\u0105 tobulai miegamojo erdvei i\u0161pildyti. Dydis: 110&#215;110 cm<\/p>\n","protected":false},"featured_media":1884,"comment_status":"open","ping_status":"closed","template":"","meta":{"_acf_changed":false},"product_brand":[],"product_cat":[134],"product_tag":[],"class_list":{"0":"post-2731","1":"product","2":"type-product","3":"status-publish","4":"has-post-thumbnail","6":"product_cat-originalai","8":"first","9":"instock","10":"shipping-taxable","11":"product-type-simple"},"acf":[],"yoast_head":"<!-- This site is optimized with the Yoast SEO plugin v27.5 - https:\/\/yoast.com\/product\/yoast-seo-wordpress\/ -->\n<title>Epizodas - By Moni<\/title>\n<meta name=\"robots\" content=\"index, follow, max-snippet:-1, max-image-preview:large, max-video-preview:-1\" \/>\n<link rel=\"canonical\" href=\"https:\/\/bymoni.art\/lt\/produktas\/episodas-originalas\/\" \/>\n<meta property=\"og:locale\" content=\"lt_LT\" \/>\n<meta property=\"og:type\" content=\"article\" \/>\n<meta property=\"og:title\" content=\"Epizodas - By Moni\" \/>\n<meta property=\"og:description\" content=\"Subtiliai aistra alsuojantis, abstraktus ir kartu detalus paveikslas intymiai nam\u0173 erdvei. Melsvai pilk\u0161vi atspalviai, mati\u0161kumas ir mink\u0161ti, \u0161veln\u016bs \u0161trihai, nestimuliuoja aki\u0173 ir raminan\u010diai nuteikia poilsiui. Paveikslo slaptas ryto ingredientas &#8211; kavos la\u0161eliai. Na ir \u0161tai &#8211; ramyb\u0117, aistra, rytin\u0117 kava &#8211; viskas tilpo \u012f vien\u0105 paveiksl\u0105 tobulai miegamojo erdvei i\u0161pildyti. Dydis: 110&#215;110 cm\" \/>\n<meta property=\"og:url\" content=\"https:\/\/bymoni.art\/lt\/produktas\/episodas-originalas\/\" \/>\n<meta property=\"og:site_name\" content=\"By Moni\" \/>\n<meta property=\"article:modified_time\" content=\"2024-04-02T15:17:22+00:00\" \/>\n<meta property=\"og:image\" content=\"https:\/\/bymoni.art\/wp-content\/uploads\/2023\/06\/ezgif-3-5f19fa4e1e.jpg\" \/>\n\t<meta property=\"og:image:width\" content=\"1226\" \/>\n\t<meta property=\"og:image:height\" content=\"1647\" \/>\n\t<meta property=\"og:image:type\" content=\"image\/jpeg\" \/>\n<meta name=\"twitter:card\" content=\"summary_large_image\" \/>\n<meta name=\"twitter:label1\" content=\"Est. reading time\" \/>\n\t<meta name=\"twitter:data1\" content=\"1 minut\u0117\" \/>\n<script type=\"application\/ld+json\" class=\"yoast-schema-graph\">{\"@context\":\"https:\\\/\\\/schema.org\",\"@graph\":[{\"@type\":\"WebPage\",\"@id\":\"https:\\\/\\\/bymoni.art\\\/lt\\\/produktas\\\/episodas-originalas\\\/\",\"url\":\"https:\\\/\\\/bymoni.art\\\/lt\\\/produktas\\\/episodas-originalas\\\/\",\"name\":\"Epizodas - By Moni\",\"isPartOf\":{\"@id\":\"https:\\\/\\\/bymoni.art\\\/#website\"},\"primaryImageOfPage\":{\"@id\":\"https:\\\/\\\/bymoni.art\\\/lt\\\/produktas\\\/episodas-originalas\\\/#primaryimage\"},\"image\":{\"@id\":\"https:\\\/\\\/bymoni.art\\\/lt\\\/produktas\\\/episodas-originalas\\\/#primaryimage\"},\"thumbnailUrl\":\"https:\\\/\\\/bymoni.art\\\/wp-content\\\/uploads\\\/2023\\\/06\\\/ezgif-3-5f19fa4e1e.jpg\",\"datePublished\":\"2023-06-27T15:49:03+00:00\",\"dateModified\":\"2024-04-02T15:17:22+00:00\",\"breadcrumb\":{\"@id\":\"https:\\\/\\\/bymoni.art\\\/lt\\\/produktas\\\/episodas-originalas\\\/#breadcrumb\"},\"inLanguage\":\"lt-LT\",\"potentialAction\":[{\"@type\":\"ReadAction\",\"target\":[\"https:\\\/\\\/bymoni.art\\\/lt\\\/produktas\\\/episodas-originalas\\\/\"]}]},{\"@type\":\"ImageObject\",\"inLanguage\":\"lt-LT\",\"@id\":\"https:\\\/\\\/bymoni.art\\\/lt\\\/produktas\\\/episodas-originalas\\\/#primaryimage\",\"url\":\"https:\\\/\\\/bymoni.art\\\/wp-content\\\/uploads\\\/2023\\\/06\\\/ezgif-3-5f19fa4e1e.jpg\",\"contentUrl\":\"https:\\\/\\\/bymoni.art\\\/wp-content\\\/uploads\\\/2023\\\/06\\\/ezgif-3-5f19fa4e1e.jpg\",\"width\":1226,\"height\":1647},{\"@type\":\"BreadcrumbList\",\"@id\":\"https:\\\/\\\/bymoni.art\\\/lt\\\/produktas\\\/episodas-originalas\\\/#breadcrumb\",\"itemListElement\":[{\"@type\":\"ListItem\",\"position\":1,\"name\":\"Home\",\"item\":\"https:\\\/\\\/bymoni.art\\\/lt\\\/\"},{\"@type\":\"ListItem\",\"position\":2,\"name\":\"Shop\",\"item\":\"https:\\\/\\\/bymoni.art\\\/shop\\\/\"},{\"@type\":\"ListItem\",\"position\":3,\"name\":\"Epizodas\"}]},{\"@type\":\"WebSite\",\"@id\":\"https:\\\/\\\/bymoni.art\\\/#website\",\"url\":\"https:\\\/\\\/bymoni.art\\\/\",\"name\":\"By Moni\",\"description\":\"ARTWORKS\",\"publisher\":{\"@id\":\"https:\\\/\\\/bymoni.art\\\/#organization\"},\"potentialAction\":[{\"@type\":\"SearchAction\",\"target\":{\"@type\":\"EntryPoint\",\"urlTemplate\":\"https:\\\/\\\/bymoni.art\\\/?s={search_term_string}\"},\"query-input\":{\"@type\":\"PropertyValueSpecification\",\"valueRequired\":true,\"valueName\":\"search_term_string\"}}],\"inLanguage\":\"lt-LT\"},{\"@type\":\"Organization\",\"@id\":\"https:\\\/\\\/bymoni.art\\\/#organization\",\"name\":\"By Moni\",\"url\":\"https:\\\/\\\/bymoni.art\\\/\",\"logo\":{\"@type\":\"ImageObject\",\"inLanguage\":\"lt-LT\",\"@id\":\"https:\\\/\\\/bymoni.art\\\/#\\\/schema\\\/logo\\\/image\\\/\",\"url\":\"https:\\\/\\\/bymoni.art\\\/wp-content\\\/uploads\\\/2023\\\/06\\\/custom-logo.svg\",\"contentUrl\":\"https:\\\/\\\/bymoni.art\\\/wp-content\\\/uploads\\\/2023\\\/06\\\/custom-logo.svg\",\"caption\":\"By Moni\"},\"image\":{\"@id\":\"https:\\\/\\\/bymoni.art\\\/#\\\/schema\\\/logo\\\/image\\\/\"}}]}<\/script>\n<!-- \/ Yoast SEO plugin. -->","yoast_head_json":{"title":"Epizodas - By Moni","robots":{"index":"index","follow":"follow","max-snippet":"max-snippet:-1","max-image-preview":"max-image-preview:large","max-video-preview":"max-video-preview:-1"},"canonical":"https:\/\/bymoni.art\/lt\/produktas\/episodas-originalas\/","og_locale":"lt_LT","og_type":"article","og_title":"Epizodas - By Moni","og_description":"Subtiliai aistra alsuojantis, abstraktus ir kartu detalus paveikslas intymiai nam\u0173 erdvei. Melsvai pilk\u0161vi atspalviai, mati\u0161kumas ir mink\u0161ti, \u0161veln\u016bs \u0161trihai, nestimuliuoja aki\u0173 ir raminan\u010diai nuteikia poilsiui. Paveikslo slaptas ryto ingredientas &#8211; kavos la\u0161eliai. Na ir \u0161tai &#8211; ramyb\u0117, aistra, rytin\u0117 kava &#8211; viskas tilpo \u012f vien\u0105 paveiksl\u0105 tobulai miegamojo erdvei i\u0161pildyti. Dydis: 110&#215;110 cm","og_url":"https:\/\/bymoni.art\/lt\/produktas\/episodas-originalas\/","og_site_name":"By Moni","article_modified_time":"2024-04-02T15:17:22+00:00","og_image":[{"width":1226,"height":1647,"url":"https:\/\/bymoni.art\/wp-content\/uploads\/2023\/06\/ezgif-3-5f19fa4e1e.jpg","type":"image\/jpeg"}],"twitter_card":"summary_large_image","twitter_misc":{"Est. reading time":"1 minut\u0117"},"schema":{"@context":"https:\/\/schema.org","@graph":[{"@type":"WebPage","@id":"https:\/\/bymoni.art\/lt\/produktas\/episodas-originalas\/","url":"https:\/\/bymoni.art\/lt\/produktas\/episodas-originalas\/","name":"Epizodas - By Moni","isPartOf":{"@id":"https:\/\/bymoni.art\/#website"},"primaryImageOfPage":{"@id":"https:\/\/bymoni.art\/lt\/produktas\/episodas-originalas\/#primaryimage"},"image":{"@id":"https:\/\/bymoni.art\/lt\/produktas\/episodas-originalas\/#primaryimage"},"thumbnailUrl":"https:\/\/bymoni.art\/wp-content\/uploads\/2023\/06\/ezgif-3-5f19fa4e1e.jpg","datePublished":"2023-06-27T15:49:03+00:00","dateModified":"2024-04-02T15:17:22+00:00","breadcrumb":{"@id":"https:\/\/bymoni.art\/lt\/produktas\/episodas-originalas\/#breadcrumb"},"inLanguage":"lt-LT","potentialAction":[{"@type":"ReadAction","target":["https:\/\/bymoni.art\/lt\/produktas\/episodas-originalas\/"]}]},{"@type":"ImageObject","inLanguage":"lt-LT","@id":"https:\/\/bymoni.art\/lt\/produktas\/episodas-originalas\/#primaryimage","url":"https:\/\/bymoni.art\/wp-content\/uploads\/2023\/06\/ezgif-3-5f19fa4e1e.jpg","contentUrl":"https:\/\/bymoni.art\/wp-content\/uploads\/2023\/06\/ezgif-3-5f19fa4e1e.jpg","width":1226,"height":1647},{"@type":"BreadcrumbList","@id":"https:\/\/bymoni.art\/lt\/produktas\/episodas-originalas\/#breadcrumb","itemListElement":[{"@type":"ListItem","position":1,"name":"Home","item":"https:\/\/bymoni.art\/lt\/"},{"@type":"ListItem","position":2,"name":"Shop","item":"https:\/\/bymoni.art\/shop\/"},{"@type":"ListItem","position":3,"name":"Epizodas"}]},{"@type":"WebSite","@id":"https:\/\/bymoni.art\/#website","url":"https:\/\/bymoni.art\/","name":"By Moni","description":"ARTWORKS","publisher":{"@id":"https:\/\/bymoni.art\/#organization"},"potentialAction":[{"@type":"SearchAction","target":{"@type":"EntryPoint","urlTemplate":"https:\/\/bymoni.art\/?s={search_term_string}"},"query-input":{"@type":"PropertyValueSpecification","valueRequired":true,"valueName":"search_term_string"}}],"inLanguage":"lt-LT"},{"@type":"Organization","@id":"https:\/\/bymoni.art\/#organization","name":"By Moni","url":"https:\/\/bymoni.art\/","logo":{"@type":"ImageObject","inLanguage":"lt-LT","@id":"https:\/\/bymoni.art\/#\/schema\/logo\/image\/","url":"https:\/\/bymoni.art\/wp-content\/uploads\/2023\/06\/custom-logo.svg","contentUrl":"https:\/\/bymoni.art\/wp-content\/uploads\/2023\/06\/custom-logo.svg","caption":"By Moni"},"image":{"@id":"https:\/\/bymoni.art\/#\/schema\/logo\/image\/"}}]}},"_links":{"self":[{"href":"https:\/\/bymoni.art\/lt\/wp-json\/wp\/v2\/product\/2731","targetHints":{"allow":["GET"]}}],"collection":[{"href":"https:\/\/bymoni.art\/lt\/wp-json\/wp\/v2\/product"}],"about":[{"href":"https:\/\/bymoni.art\/lt\/wp-json\/wp\/v2\/types\/product"}],"replies":[{"embeddable":true,"href":"https:\/\/bymoni.art\/lt\/wp-json\/wp\/v2\/comments?post=2731"}],"wp:featuredmedia":[{"embeddable":true,"href":"https:\/\/bymoni.art\/lt\/wp-json\/wp\/v2\/media\/1884"}],"wp:attachment":[{"href":"https:\/\/bymoni.art\/lt\/wp-json\/wp\/v2\/media?parent=2731"}],"wp:term":[{"taxonomy":"product_brand","embeddable":true,"href":"https:\/\/bymoni.art\/lt\/wp-json\/wp\/v2\/product_brand?post=2731"},{"taxonomy":"product_cat","embeddable":true,"href":"https:\/\/bymoni.art\/lt\/wp-json\/wp\/v2\/product_cat?post=2731"},{"taxonomy":"product_tag","embeddable":true,"href":"https:\/\/bymoni.art\/lt\/wp-json\/wp\/v2\/product_tag?post=2731"}],"curies":[{"name":"wp","href":"https:\/\/api.w.org\/{rel}","templated":true}]}}