{"id":10520,"date":"2024-12-02T18:51:14","date_gmt":"2024-12-02T18:51:14","guid":{"rendered":"https:\/\/bymoni.art\/?post_type=product&#038;p=10520"},"modified":"2024-12-02T18:56:52","modified_gmt":"2024-12-02T18:56:52","slug":"fragments-of-diversity-be-remelio","status":"publish","type":"product","link":"https:\/\/bymoni.art\/lt\/produktas\/fragments-of-diversity-be-remelio\/","title":{"rendered":"Fragments of diversity (Be r\u0117melio)"},"content":{"rendered":"<p style=\"text-align: justify;\">Dvi visi\u0161kai prie\u0161ingos ir vienodai stiprios energijos viename. Dvilypis vaizdinys, kuris \u012f mano vaizduot\u0119 atkeliavo pilnai i\u0161baigtas iki smulkmen\u0173. \u0160is pie\u0161inys vaizduoja diversij\u0105 tarp dviej\u0173 labai skirting\u0173 ir vienodai svarbi\u0173 energij\u0173.<\/p>\n<ul>\n<li>Limituotas, ranka pasira\u0161yt\u0173 50 vnt. print\u0173 tira\u017eas.<\/li>\n<li>Auk\u0161\u010diausios muziejin\u0117s kokyb\u0117s Gicl\u00e9e spaudos technologija ant medvilninio popieriaus.<\/li>\n<li>Galimi 2 dyd\u017eiai: A3 (29,7 x 42 cm) ir A2 (42 x 59,4 cm).<\/li>\n<li>Limituoto tira\u017eo printai pasira\u0161yti autor\u0117s, turi savo numer\u012f ir autenti\u0161kumo sertifikat\u0105.<\/li>\n<\/ul>\n<p>Produktas parduodamas tik printas ant drob\u0117s be r\u0117melio.<\/p>\n","protected":false},"excerpt":{"rendered":"<p>Dvi visi\u0161kai prie\u0161ingos ir vienodai stiprios energijos viename. Dvilypis vaizdinys, kuris \u012f mano vaizduot\u0119 atkeliavo pilnai i\u0161baigtas iki smulkmen\u0173. \u0160is pie\u0161inys vaizduoja diversij\u0105 tarp dviej\u0173 labai skirting\u0173 ir vienodai svarbi\u0173 energij\u0173. Limituotas, ranka pasira\u0161yt\u0173 50 vnt. print\u0173 tira\u017eas. Auk\u0161\u010diausios muziejin\u0117s kokyb\u0117s Gicl\u00e9e spaudos technologija ant medvilninio popieriaus. Galimi 2 dyd\u017eiai: A3 (29,7 x 42 cm) [&hellip;]<\/p>\n","protected":false},"featured_media":2255,"comment_status":"open","ping_status":"closed","template":"","meta":{"_acf_changed":false},"product_brand":[],"product_cat":[137],"product_tag":[],"class_list":{"0":"post-10520","1":"product","2":"type-product","3":"status-publish","4":"has-post-thumbnail","6":"product_cat-printai-ant-popieriaus","8":"first","9":"instock","10":"shipping-taxable","11":"purchasable","12":"product-type-variable"},"acf":[],"yoast_head":"<!-- This site is optimized with the Yoast SEO plugin v27.3 - https:\/\/yoast.com\/product\/yoast-seo-wordpress\/ -->\n<title>Fragments of diversity (Be r\u0117melio) - By Moni<\/title>\n<meta name=\"robots\" content=\"index, follow, max-snippet:-1, max-image-preview:large, max-video-preview:-1\" \/>\n<link rel=\"canonical\" href=\"https:\/\/bymoni.art\/lt\/produktas\/fragments-of-diversity-be-remelio\/\" \/>\n<meta property=\"og:locale\" content=\"lt_LT\" \/>\n<meta property=\"og:type\" content=\"article\" \/>\n<meta property=\"og:title\" content=\"Fragments of diversity (Be r\u0117melio) - By Moni\" \/>\n<meta property=\"og:description\" content=\"Dvi visi\u0161kai prie\u0161ingos ir vienodai stiprios energijos viename. Dvilypis vaizdinys, kuris \u012f mano vaizduot\u0119 atkeliavo pilnai i\u0161baigtas iki smulkmen\u0173. \u0160is pie\u0161inys vaizduoja diversij\u0105 tarp dviej\u0173 labai skirting\u0173 ir vienodai svarbi\u0173 energij\u0173. Limituotas, ranka pasira\u0161yt\u0173 50 vnt. print\u0173 tira\u017eas. Auk\u0161\u010diausios muziejin\u0117s kokyb\u0117s Gicl\u00e9e spaudos technologija ant medvilninio popieriaus. Galimi 2 dyd\u017eiai: A3 (29,7 x 42 cm) [&hellip;]\" \/>\n<meta property=\"og:url\" content=\"https:\/\/bymoni.art\/lt\/produktas\/fragments-of-diversity-be-remelio\/\" \/>\n<meta property=\"og:site_name\" content=\"By Moni\" \/>\n<meta property=\"article:modified_time\" content=\"2024-12-02T18:56:52+00:00\" \/>\n<meta property=\"og:image\" content=\"https:\/\/bymoni.art\/wp-content\/uploads\/2023\/07\/checkeredchromelamp-scaled.jpg\" \/>\n\t<meta property=\"og:image:width\" content=\"2133\" \/>\n\t<meta property=\"og:image:height\" content=\"2560\" \/>\n\t<meta property=\"og:image:type\" content=\"image\/jpeg\" \/>\n<meta name=\"twitter:card\" content=\"summary_large_image\" \/>\n<meta name=\"twitter:label1\" content=\"Est. reading time\" \/>\n\t<meta name=\"twitter:data1\" content=\"1 minut\u0117\" \/>\n<script type=\"application\/ld+json\" class=\"yoast-schema-graph\">{\"@context\":\"https:\\\/\\\/schema.org\",\"@graph\":[{\"@type\":\"WebPage\",\"@id\":\"https:\\\/\\\/bymoni.art\\\/lt\\\/produktas\\\/fragments-of-diversity-be-remelio\\\/\",\"url\":\"https:\\\/\\\/bymoni.art\\\/lt\\\/produktas\\\/fragments-of-diversity-be-remelio\\\/\",\"name\":\"Fragments of diversity (Be r\u0117melio) - By Moni\",\"isPartOf\":{\"@id\":\"https:\\\/\\\/bymoni.art\\\/#website\"},\"primaryImageOfPage\":{\"@id\":\"https:\\\/\\\/bymoni.art\\\/lt\\\/produktas\\\/fragments-of-diversity-be-remelio\\\/#primaryimage\"},\"image\":{\"@id\":\"https:\\\/\\\/bymoni.art\\\/lt\\\/produktas\\\/fragments-of-diversity-be-remelio\\\/#primaryimage\"},\"thumbnailUrl\":\"https:\\\/\\\/bymoni.art\\\/wp-content\\\/uploads\\\/2023\\\/07\\\/checkeredchromelamp-scaled.jpg\",\"datePublished\":\"2024-12-02T18:51:14+00:00\",\"dateModified\":\"2024-12-02T18:56:52+00:00\",\"breadcrumb\":{\"@id\":\"https:\\\/\\\/bymoni.art\\\/lt\\\/produktas\\\/fragments-of-diversity-be-remelio\\\/#breadcrumb\"},\"inLanguage\":\"lt-LT\",\"potentialAction\":[{\"@type\":\"ReadAction\",\"target\":[\"https:\\\/\\\/bymoni.art\\\/lt\\\/produktas\\\/fragments-of-diversity-be-remelio\\\/\"]}]},{\"@type\":\"ImageObject\",\"inLanguage\":\"lt-LT\",\"@id\":\"https:\\\/\\\/bymoni.art\\\/lt\\\/produktas\\\/fragments-of-diversity-be-remelio\\\/#primaryimage\",\"url\":\"https:\\\/\\\/bymoni.art\\\/wp-content\\\/uploads\\\/2023\\\/07\\\/checkeredchromelamp-scaled.jpg\",\"contentUrl\":\"https:\\\/\\\/bymoni.art\\\/wp-content\\\/uploads\\\/2023\\\/07\\\/checkeredchromelamp-scaled.jpg\",\"width\":2133,\"height\":2560},{\"@type\":\"BreadcrumbList\",\"@id\":\"https:\\\/\\\/bymoni.art\\\/lt\\\/produktas\\\/fragments-of-diversity-be-remelio\\\/#breadcrumb\",\"itemListElement\":[{\"@type\":\"ListItem\",\"position\":1,\"name\":\"Home\",\"item\":\"https:\\\/\\\/bymoni.art\\\/lt\\\/\"},{\"@type\":\"ListItem\",\"position\":2,\"name\":\"Shop\",\"item\":\"https:\\\/\\\/bymoni.art\\\/shop\\\/\"},{\"@type\":\"ListItem\",\"position\":3,\"name\":\"Fragments of diversity (Be r\u0117melio)\"}]},{\"@type\":\"WebSite\",\"@id\":\"https:\\\/\\\/bymoni.art\\\/#website\",\"url\":\"https:\\\/\\\/bymoni.art\\\/\",\"name\":\"By Moni\",\"description\":\"ARTWORKS\",\"publisher\":{\"@id\":\"https:\\\/\\\/bymoni.art\\\/#organization\"},\"potentialAction\":[{\"@type\":\"SearchAction\",\"target\":{\"@type\":\"EntryPoint\",\"urlTemplate\":\"https:\\\/\\\/bymoni.art\\\/?s={search_term_string}\"},\"query-input\":{\"@type\":\"PropertyValueSpecification\",\"valueRequired\":true,\"valueName\":\"search_term_string\"}}],\"inLanguage\":\"lt-LT\"},{\"@type\":\"Organization\",\"@id\":\"https:\\\/\\\/bymoni.art\\\/#organization\",\"name\":\"By Moni\",\"url\":\"https:\\\/\\\/bymoni.art\\\/\",\"logo\":{\"@type\":\"ImageObject\",\"inLanguage\":\"lt-LT\",\"@id\":\"https:\\\/\\\/bymoni.art\\\/#\\\/schema\\\/logo\\\/image\\\/\",\"url\":\"https:\\\/\\\/bymoni.art\\\/wp-content\\\/uploads\\\/2023\\\/06\\\/custom-logo.svg\",\"contentUrl\":\"https:\\\/\\\/bymoni.art\\\/wp-content\\\/uploads\\\/2023\\\/06\\\/custom-logo.svg\",\"caption\":\"By Moni\"},\"image\":{\"@id\":\"https:\\\/\\\/bymoni.art\\\/#\\\/schema\\\/logo\\\/image\\\/\"}}]}<\/script>\n<!-- \/ Yoast SEO plugin. -->","yoast_head_json":{"title":"Fragments of diversity (Be r\u0117melio) - By Moni","robots":{"index":"index","follow":"follow","max-snippet":"max-snippet:-1","max-image-preview":"max-image-preview:large","max-video-preview":"max-video-preview:-1"},"canonical":"https:\/\/bymoni.art\/lt\/produktas\/fragments-of-diversity-be-remelio\/","og_locale":"lt_LT","og_type":"article","og_title":"Fragments of diversity (Be r\u0117melio) - By Moni","og_description":"Dvi visi\u0161kai prie\u0161ingos ir vienodai stiprios energijos viename. Dvilypis vaizdinys, kuris \u012f mano vaizduot\u0119 atkeliavo pilnai i\u0161baigtas iki smulkmen\u0173. \u0160is pie\u0161inys vaizduoja diversij\u0105 tarp dviej\u0173 labai skirting\u0173 ir vienodai svarbi\u0173 energij\u0173. Limituotas, ranka pasira\u0161yt\u0173 50 vnt. print\u0173 tira\u017eas. Auk\u0161\u010diausios muziejin\u0117s kokyb\u0117s Gicl\u00e9e spaudos technologija ant medvilninio popieriaus. Galimi 2 dyd\u017eiai: A3 (29,7 x 42 cm) [&hellip;]","og_url":"https:\/\/bymoni.art\/lt\/produktas\/fragments-of-diversity-be-remelio\/","og_site_name":"By Moni","article_modified_time":"2024-12-02T18:56:52+00:00","og_image":[{"width":2133,"height":2560,"url":"https:\/\/bymoni.art\/wp-content\/uploads\/2023\/07\/checkeredchromelamp-scaled.jpg","type":"image\/jpeg"}],"twitter_card":"summary_large_image","twitter_misc":{"Est. reading time":"1 minut\u0117"},"schema":{"@context":"https:\/\/schema.org","@graph":[{"@type":"WebPage","@id":"https:\/\/bymoni.art\/lt\/produktas\/fragments-of-diversity-be-remelio\/","url":"https:\/\/bymoni.art\/lt\/produktas\/fragments-of-diversity-be-remelio\/","name":"Fragments of diversity (Be r\u0117melio) - By Moni","isPartOf":{"@id":"https:\/\/bymoni.art\/#website"},"primaryImageOfPage":{"@id":"https:\/\/bymoni.art\/lt\/produktas\/fragments-of-diversity-be-remelio\/#primaryimage"},"image":{"@id":"https:\/\/bymoni.art\/lt\/produktas\/fragments-of-diversity-be-remelio\/#primaryimage"},"thumbnailUrl":"https:\/\/bymoni.art\/wp-content\/uploads\/2023\/07\/checkeredchromelamp-scaled.jpg","datePublished":"2024-12-02T18:51:14+00:00","dateModified":"2024-12-02T18:56:52+00:00","breadcrumb":{"@id":"https:\/\/bymoni.art\/lt\/produktas\/fragments-of-diversity-be-remelio\/#breadcrumb"},"inLanguage":"lt-LT","potentialAction":[{"@type":"ReadAction","target":["https:\/\/bymoni.art\/lt\/produktas\/fragments-of-diversity-be-remelio\/"]}]},{"@type":"ImageObject","inLanguage":"lt-LT","@id":"https:\/\/bymoni.art\/lt\/produktas\/fragments-of-diversity-be-remelio\/#primaryimage","url":"https:\/\/bymoni.art\/wp-content\/uploads\/2023\/07\/checkeredchromelamp-scaled.jpg","contentUrl":"https:\/\/bymoni.art\/wp-content\/uploads\/2023\/07\/checkeredchromelamp-scaled.jpg","width":2133,"height":2560},{"@type":"BreadcrumbList","@id":"https:\/\/bymoni.art\/lt\/produktas\/fragments-of-diversity-be-remelio\/#breadcrumb","itemListElement":[{"@type":"ListItem","position":1,"name":"Home","item":"https:\/\/bymoni.art\/lt\/"},{"@type":"ListItem","position":2,"name":"Shop","item":"https:\/\/bymoni.art\/shop\/"},{"@type":"ListItem","position":3,"name":"Fragments of diversity (Be r\u0117melio)"}]},{"@type":"WebSite","@id":"https:\/\/bymoni.art\/#website","url":"https:\/\/bymoni.art\/","name":"By Moni","description":"ARTWORKS","publisher":{"@id":"https:\/\/bymoni.art\/#organization"},"potentialAction":[{"@type":"SearchAction","target":{"@type":"EntryPoint","urlTemplate":"https:\/\/bymoni.art\/?s={search_term_string}"},"query-input":{"@type":"PropertyValueSpecification","valueRequired":true,"valueName":"search_term_string"}}],"inLanguage":"lt-LT"},{"@type":"Organization","@id":"https:\/\/bymoni.art\/#organization","name":"By Moni","url":"https:\/\/bymoni.art\/","logo":{"@type":"ImageObject","inLanguage":"lt-LT","@id":"https:\/\/bymoni.art\/#\/schema\/logo\/image\/","url":"https:\/\/bymoni.art\/wp-content\/uploads\/2023\/06\/custom-logo.svg","contentUrl":"https:\/\/bymoni.art\/wp-content\/uploads\/2023\/06\/custom-logo.svg","caption":"By Moni"},"image":{"@id":"https:\/\/bymoni.art\/#\/schema\/logo\/image\/"}}]}},"_links":{"self":[{"href":"https:\/\/bymoni.art\/lt\/wp-json\/wp\/v2\/product\/10520","targetHints":{"allow":["GET"]}}],"collection":[{"href":"https:\/\/bymoni.art\/lt\/wp-json\/wp\/v2\/product"}],"about":[{"href":"https:\/\/bymoni.art\/lt\/wp-json\/wp\/v2\/types\/product"}],"replies":[{"embeddable":true,"href":"https:\/\/bymoni.art\/lt\/wp-json\/wp\/v2\/comments?post=10520"}],"wp:featuredmedia":[{"embeddable":true,"href":"https:\/\/bymoni.art\/lt\/wp-json\/wp\/v2\/media\/2255"}],"wp:attachment":[{"href":"https:\/\/bymoni.art\/lt\/wp-json\/wp\/v2\/media?parent=10520"}],"wp:term":[{"taxonomy":"product_brand","embeddable":true,"href":"https:\/\/bymoni.art\/lt\/wp-json\/wp\/v2\/product_brand?post=10520"},{"taxonomy":"product_cat","embeddable":true,"href":"https:\/\/bymoni.art\/lt\/wp-json\/wp\/v2\/product_cat?post=10520"},{"taxonomy":"product_tag","embeddable":true,"href":"https:\/\/bymoni.art\/lt\/wp-json\/wp\/v2\/product_tag?post=10520"}],"curies":[{"name":"wp","href":"https:\/\/api.w.org\/{rel}","templated":true}]}}