{"id":10505,"date":"2024-12-02T18:51:13","date_gmt":"2024-12-02T18:51:13","guid":{"rendered":"https:\/\/bymoni.art\/?post_type=product&#038;p=10505"},"modified":"2024-12-02T18:56:38","modified_gmt":"2024-12-02T18:56:38","slug":"neisskiriami-be-remelio","status":"publish","type":"product","link":"https:\/\/bymoni.art\/lt\/produktas\/neisskiriami-be-remelio\/","title":{"rendered":"Nei\u0161skiriami (Be r\u0117melio)"},"content":{"rendered":"<ul>\n<li>Limituotas, ranka pasira\u0161yt\u0173 10 vnt. print\u0173 tira\u017eas (1 rinkinyje 2 printai).<\/li>\n<li>Printai auksuojami autor\u0117s.<\/li>\n<li>Auk\u0161\u010diausios muziejin\u0117s kokyb\u0117s Gicl\u00e9e spaudos technologija ant medvilninio popieriaus.<\/li>\n<li>Galimi 2 dyd\u017eiai: A3 (29,7 x 42 cm) ir A2 (42 x 59,4 cm).<\/li>\n<li>Limituoto tira\u017eo printai pasira\u0161yti autor\u0117s, turi savo numer\u012f ir autenti\u0161kumo sertifikat\u0105.<\/li>\n<\/ul>\n<p>Jei nerandate norimos r\u0117minimo variacijos, u\u017epildykite u\u017eklausos form\u0105 konktakt\u0173 puslapyje.<br \/>\nProduktas parduodamas tik printas ant drob\u0117s be r\u0117melio.<\/p>\n","protected":false},"excerpt":{"rendered":"<p>Limituotas, ranka pasira\u0161yt\u0173 10 vnt. print\u0173 tira\u017eas (1 rinkinyje 2 printai). Printai auksuojami autor\u0117s. Auk\u0161\u010diausios muziejin\u0117s kokyb\u0117s Gicl\u00e9e spaudos technologija ant medvilninio popieriaus. Galimi 2 dyd\u017eiai: A3 (29,7 x 42 cm) ir A2 (42 x 59,4 cm). Limituoto tira\u017eo printai pasira\u0161yti autor\u0117s, turi savo numer\u012f ir autenti\u0161kumo sertifikat\u0105. Jei nerandate norimos r\u0117minimo variacijos, u\u017epildykite u\u017eklausos [&hellip;]<\/p>\n","protected":false},"featured_media":1080,"comment_status":"open","ping_status":"closed","template":"","meta":{"_acf_changed":false},"product_brand":[],"product_cat":[137],"product_tag":[],"class_list":{"0":"post-10505","1":"product","2":"type-product","3":"status-publish","4":"has-post-thumbnail","6":"product_cat-printai-ant-popieriaus","8":"first","9":"instock","10":"shipping-taxable","11":"purchasable","12":"product-type-variable"},"acf":[],"yoast_head":"<!-- This site is optimized with the Yoast SEO plugin v27.3 - https:\/\/yoast.com\/product\/yoast-seo-wordpress\/ -->\n<title>Nei\u0161skiriami (Be r\u0117melio) - By Moni<\/title>\n<meta name=\"robots\" content=\"index, follow, max-snippet:-1, max-image-preview:large, max-video-preview:-1\" \/>\n<link rel=\"canonical\" href=\"https:\/\/bymoni.art\/lt\/produktas\/neisskiriami-be-remelio\/\" \/>\n<meta property=\"og:locale\" content=\"lt_LT\" \/>\n<meta property=\"og:type\" content=\"article\" \/>\n<meta property=\"og:title\" content=\"Nei\u0161skiriami (Be r\u0117melio) - By Moni\" \/>\n<meta property=\"og:description\" content=\"Limituotas, ranka pasira\u0161yt\u0173 10 vnt. print\u0173 tira\u017eas (1 rinkinyje 2 printai). Printai auksuojami autor\u0117s. Auk\u0161\u010diausios muziejin\u0117s kokyb\u0117s Gicl\u00e9e spaudos technologija ant medvilninio popieriaus. Galimi 2 dyd\u017eiai: A3 (29,7 x 42 cm) ir A2 (42 x 59,4 cm). Limituoto tira\u017eo printai pasira\u0161yti autor\u0117s, turi savo numer\u012f ir autenti\u0161kumo sertifikat\u0105. Jei nerandate norimos r\u0117minimo variacijos, u\u017epildykite u\u017eklausos [&hellip;]\" \/>\n<meta property=\"og:url\" content=\"https:\/\/bymoni.art\/lt\/produktas\/neisskiriami-be-remelio\/\" \/>\n<meta property=\"og:site_name\" content=\"By Moni\" \/>\n<meta property=\"article:modified_time\" content=\"2024-12-02T18:56:38+00:00\" \/>\n<meta property=\"og:image\" content=\"https:\/\/bymoni.art\/wp-content\/uploads\/2023\/05\/222-NeutralDinner_8x12-scaled.jpg\" \/>\n\t<meta property=\"og:image:width\" content=\"2133\" \/>\n\t<meta property=\"og:image:height\" content=\"2560\" \/>\n\t<meta property=\"og:image:type\" content=\"image\/jpeg\" \/>\n<meta name=\"twitter:card\" content=\"summary_large_image\" \/>\n<meta name=\"twitter:label1\" content=\"Est. reading time\" \/>\n\t<meta name=\"twitter:data1\" content=\"1 minut\u0117\" \/>\n<script type=\"application\/ld+json\" class=\"yoast-schema-graph\">{\"@context\":\"https:\\\/\\\/schema.org\",\"@graph\":[{\"@type\":\"WebPage\",\"@id\":\"https:\\\/\\\/bymoni.art\\\/lt\\\/produktas\\\/neisskiriami-be-remelio\\\/\",\"url\":\"https:\\\/\\\/bymoni.art\\\/lt\\\/produktas\\\/neisskiriami-be-remelio\\\/\",\"name\":\"Nei\u0161skiriami (Be r\u0117melio) - By Moni\",\"isPartOf\":{\"@id\":\"https:\\\/\\\/bymoni.art\\\/#website\"},\"primaryImageOfPage\":{\"@id\":\"https:\\\/\\\/bymoni.art\\\/lt\\\/produktas\\\/neisskiriami-be-remelio\\\/#primaryimage\"},\"image\":{\"@id\":\"https:\\\/\\\/bymoni.art\\\/lt\\\/produktas\\\/neisskiriami-be-remelio\\\/#primaryimage\"},\"thumbnailUrl\":\"https:\\\/\\\/bymoni.art\\\/wp-content\\\/uploads\\\/2023\\\/05\\\/222-NeutralDinner_8x12-scaled.jpg\",\"datePublished\":\"2024-12-02T18:51:13+00:00\",\"dateModified\":\"2024-12-02T18:56:38+00:00\",\"breadcrumb\":{\"@id\":\"https:\\\/\\\/bymoni.art\\\/lt\\\/produktas\\\/neisskiriami-be-remelio\\\/#breadcrumb\"},\"inLanguage\":\"lt-LT\",\"potentialAction\":[{\"@type\":\"ReadAction\",\"target\":[\"https:\\\/\\\/bymoni.art\\\/lt\\\/produktas\\\/neisskiriami-be-remelio\\\/\"]}]},{\"@type\":\"ImageObject\",\"inLanguage\":\"lt-LT\",\"@id\":\"https:\\\/\\\/bymoni.art\\\/lt\\\/produktas\\\/neisskiriami-be-remelio\\\/#primaryimage\",\"url\":\"https:\\\/\\\/bymoni.art\\\/wp-content\\\/uploads\\\/2023\\\/05\\\/222-NeutralDinner_8x12-scaled.jpg\",\"contentUrl\":\"https:\\\/\\\/bymoni.art\\\/wp-content\\\/uploads\\\/2023\\\/05\\\/222-NeutralDinner_8x12-scaled.jpg\",\"width\":2133,\"height\":2560},{\"@type\":\"BreadcrumbList\",\"@id\":\"https:\\\/\\\/bymoni.art\\\/lt\\\/produktas\\\/neisskiriami-be-remelio\\\/#breadcrumb\",\"itemListElement\":[{\"@type\":\"ListItem\",\"position\":1,\"name\":\"Home\",\"item\":\"https:\\\/\\\/bymoni.art\\\/lt\\\/\"},{\"@type\":\"ListItem\",\"position\":2,\"name\":\"Shop\",\"item\":\"https:\\\/\\\/bymoni.art\\\/shop\\\/\"},{\"@type\":\"ListItem\",\"position\":3,\"name\":\"Nei\u0161skiriami (Be r\u0117melio)\"}]},{\"@type\":\"WebSite\",\"@id\":\"https:\\\/\\\/bymoni.art\\\/#website\",\"url\":\"https:\\\/\\\/bymoni.art\\\/\",\"name\":\"By Moni\",\"description\":\"ARTWORKS\",\"publisher\":{\"@id\":\"https:\\\/\\\/bymoni.art\\\/#organization\"},\"potentialAction\":[{\"@type\":\"SearchAction\",\"target\":{\"@type\":\"EntryPoint\",\"urlTemplate\":\"https:\\\/\\\/bymoni.art\\\/?s={search_term_string}\"},\"query-input\":{\"@type\":\"PropertyValueSpecification\",\"valueRequired\":true,\"valueName\":\"search_term_string\"}}],\"inLanguage\":\"lt-LT\"},{\"@type\":\"Organization\",\"@id\":\"https:\\\/\\\/bymoni.art\\\/#organization\",\"name\":\"By Moni\",\"url\":\"https:\\\/\\\/bymoni.art\\\/\",\"logo\":{\"@type\":\"ImageObject\",\"inLanguage\":\"lt-LT\",\"@id\":\"https:\\\/\\\/bymoni.art\\\/#\\\/schema\\\/logo\\\/image\\\/\",\"url\":\"https:\\\/\\\/bymoni.art\\\/wp-content\\\/uploads\\\/2023\\\/06\\\/custom-logo.svg\",\"contentUrl\":\"https:\\\/\\\/bymoni.art\\\/wp-content\\\/uploads\\\/2023\\\/06\\\/custom-logo.svg\",\"caption\":\"By Moni\"},\"image\":{\"@id\":\"https:\\\/\\\/bymoni.art\\\/#\\\/schema\\\/logo\\\/image\\\/\"}}]}<\/script>\n<!-- \/ Yoast SEO plugin. -->","yoast_head_json":{"title":"Nei\u0161skiriami (Be r\u0117melio) - By Moni","robots":{"index":"index","follow":"follow","max-snippet":"max-snippet:-1","max-image-preview":"max-image-preview:large","max-video-preview":"max-video-preview:-1"},"canonical":"https:\/\/bymoni.art\/lt\/produktas\/neisskiriami-be-remelio\/","og_locale":"lt_LT","og_type":"article","og_title":"Nei\u0161skiriami (Be r\u0117melio) - By Moni","og_description":"Limituotas, ranka pasira\u0161yt\u0173 10 vnt. print\u0173 tira\u017eas (1 rinkinyje 2 printai). Printai auksuojami autor\u0117s. Auk\u0161\u010diausios muziejin\u0117s kokyb\u0117s Gicl\u00e9e spaudos technologija ant medvilninio popieriaus. Galimi 2 dyd\u017eiai: A3 (29,7 x 42 cm) ir A2 (42 x 59,4 cm). Limituoto tira\u017eo printai pasira\u0161yti autor\u0117s, turi savo numer\u012f ir autenti\u0161kumo sertifikat\u0105. Jei nerandate norimos r\u0117minimo variacijos, u\u017epildykite u\u017eklausos [&hellip;]","og_url":"https:\/\/bymoni.art\/lt\/produktas\/neisskiriami-be-remelio\/","og_site_name":"By Moni","article_modified_time":"2024-12-02T18:56:38+00:00","og_image":[{"width":2133,"height":2560,"url":"https:\/\/bymoni.art\/wp-content\/uploads\/2023\/05\/222-NeutralDinner_8x12-scaled.jpg","type":"image\/jpeg"}],"twitter_card":"summary_large_image","twitter_misc":{"Est. reading time":"1 minut\u0117"},"schema":{"@context":"https:\/\/schema.org","@graph":[{"@type":"WebPage","@id":"https:\/\/bymoni.art\/lt\/produktas\/neisskiriami-be-remelio\/","url":"https:\/\/bymoni.art\/lt\/produktas\/neisskiriami-be-remelio\/","name":"Nei\u0161skiriami (Be r\u0117melio) - By Moni","isPartOf":{"@id":"https:\/\/bymoni.art\/#website"},"primaryImageOfPage":{"@id":"https:\/\/bymoni.art\/lt\/produktas\/neisskiriami-be-remelio\/#primaryimage"},"image":{"@id":"https:\/\/bymoni.art\/lt\/produktas\/neisskiriami-be-remelio\/#primaryimage"},"thumbnailUrl":"https:\/\/bymoni.art\/wp-content\/uploads\/2023\/05\/222-NeutralDinner_8x12-scaled.jpg","datePublished":"2024-12-02T18:51:13+00:00","dateModified":"2024-12-02T18:56:38+00:00","breadcrumb":{"@id":"https:\/\/bymoni.art\/lt\/produktas\/neisskiriami-be-remelio\/#breadcrumb"},"inLanguage":"lt-LT","potentialAction":[{"@type":"ReadAction","target":["https:\/\/bymoni.art\/lt\/produktas\/neisskiriami-be-remelio\/"]}]},{"@type":"ImageObject","inLanguage":"lt-LT","@id":"https:\/\/bymoni.art\/lt\/produktas\/neisskiriami-be-remelio\/#primaryimage","url":"https:\/\/bymoni.art\/wp-content\/uploads\/2023\/05\/222-NeutralDinner_8x12-scaled.jpg","contentUrl":"https:\/\/bymoni.art\/wp-content\/uploads\/2023\/05\/222-NeutralDinner_8x12-scaled.jpg","width":2133,"height":2560},{"@type":"BreadcrumbList","@id":"https:\/\/bymoni.art\/lt\/produktas\/neisskiriami-be-remelio\/#breadcrumb","itemListElement":[{"@type":"ListItem","position":1,"name":"Home","item":"https:\/\/bymoni.art\/lt\/"},{"@type":"ListItem","position":2,"name":"Shop","item":"https:\/\/bymoni.art\/shop\/"},{"@type":"ListItem","position":3,"name":"Nei\u0161skiriami (Be r\u0117melio)"}]},{"@type":"WebSite","@id":"https:\/\/bymoni.art\/#website","url":"https:\/\/bymoni.art\/","name":"By Moni","description":"ARTWORKS","publisher":{"@id":"https:\/\/bymoni.art\/#organization"},"potentialAction":[{"@type":"SearchAction","target":{"@type":"EntryPoint","urlTemplate":"https:\/\/bymoni.art\/?s={search_term_string}"},"query-input":{"@type":"PropertyValueSpecification","valueRequired":true,"valueName":"search_term_string"}}],"inLanguage":"lt-LT"},{"@type":"Organization","@id":"https:\/\/bymoni.art\/#organization","name":"By Moni","url":"https:\/\/bymoni.art\/","logo":{"@type":"ImageObject","inLanguage":"lt-LT","@id":"https:\/\/bymoni.art\/#\/schema\/logo\/image\/","url":"https:\/\/bymoni.art\/wp-content\/uploads\/2023\/06\/custom-logo.svg","contentUrl":"https:\/\/bymoni.art\/wp-content\/uploads\/2023\/06\/custom-logo.svg","caption":"By Moni"},"image":{"@id":"https:\/\/bymoni.art\/#\/schema\/logo\/image\/"}}]}},"_links":{"self":[{"href":"https:\/\/bymoni.art\/lt\/wp-json\/wp\/v2\/product\/10505","targetHints":{"allow":["GET"]}}],"collection":[{"href":"https:\/\/bymoni.art\/lt\/wp-json\/wp\/v2\/product"}],"about":[{"href":"https:\/\/bymoni.art\/lt\/wp-json\/wp\/v2\/types\/product"}],"replies":[{"embeddable":true,"href":"https:\/\/bymoni.art\/lt\/wp-json\/wp\/v2\/comments?post=10505"}],"wp:featuredmedia":[{"embeddable":true,"href":"https:\/\/bymoni.art\/lt\/wp-json\/wp\/v2\/media\/1080"}],"wp:attachment":[{"href":"https:\/\/bymoni.art\/lt\/wp-json\/wp\/v2\/media?parent=10505"}],"wp:term":[{"taxonomy":"product_brand","embeddable":true,"href":"https:\/\/bymoni.art\/lt\/wp-json\/wp\/v2\/product_brand?post=10505"},{"taxonomy":"product_cat","embeddable":true,"href":"https:\/\/bymoni.art\/lt\/wp-json\/wp\/v2\/product_cat?post=10505"},{"taxonomy":"product_tag","embeddable":true,"href":"https:\/\/bymoni.art\/lt\/wp-json\/wp\/v2\/product_tag?post=10505"}],"curies":[{"name":"wp","href":"https:\/\/api.w.org\/{rel}","templated":true}]}}