{"id":10056,"date":"2024-12-02T18:33:01","date_gmt":"2024-12-02T18:33:01","guid":{"rendered":"https:\/\/bymoni.art\/?post_type=product&#038;p=10056"},"modified":"2024-12-02T18:39:15","modified_gmt":"2024-12-02T18:39:15","slug":"epizodas-be-remelio","status":"publish","type":"product","link":"https:\/\/bymoni.art\/lt\/produktas\/epizodas-be-remelio\/","title":{"rendered":"Epizodas (Be r\u0117melio)"},"content":{"rendered":"<p style=\"text-align: justify;\">Subtiliai aistra alsuojantis, abstraktus ir kartu detalus paveikslas intymiai nam\u0173 erdvei.<\/p>\n<p style=\"text-align: justify;\">Melsvai pilk\u0161vi atspalviai, mati\u0161kumas ir mink\u0161ti, \u0161veln\u016bs \u0161trihai, nestimuliuoja aki\u0173 ir raminan\u010diai nuteikia poilsiui. Paveikslo slaptas ryto ingredientas &#8211; kavos la\u0161eliai. Na ir \u0161tai &#8211; ramyb\u0117, aistra, rytin\u0117 kava &#8211; viskas tilpo \u012f vien\u0105 paveiksl\u0105 tobulai miegamojo erdvei i\u0161pildyti. Reprodukcijai gyvumo suteikia orginal\u0105 atkartojantys nub\u0117gan\u010di\u0173 da\u017e\u0173 kra\u0161teliai ir autor\u0117s pridedami pastel\u0117s \u0161trihai. Reprodukcija u\u017ebaigiama matiniu nuo aplinkos poveikio apsaugan\u010diu laku.<\/p>\n<ul>\n<li>Limituotas 100 vnt. tira\u017eas.<\/li>\n<li>Kiekviena reprodukcija pastele pagra\u017einama autor\u0117s.<\/li>\n<li>Auk\u0161\u010diausios muziejin\u0117s kokyb\u0117s Gicl\u00e9e spaudos technologija ant linin\u0117s drob\u0117s.<\/li>\n<li>Reprodukcija galin\u0117je pus\u0117je pasira\u0161yta autor\u0117s, turi savo numer\u012f ir autenti\u0161kumo sertifikat\u0105.<\/li>\n<\/ul>\n<p>Produktas parduodamas tik printas ant drob\u0117s be r\u0117melio.<\/p>\n","protected":false},"excerpt":{"rendered":"<p>Subtiliai aistra alsuojantis, abstraktus ir kartu detalus paveikslas intymiai nam\u0173 erdvei. Melsvai pilk\u0161vi atspalviai, mati\u0161kumas ir mink\u0161ti, \u0161veln\u016bs \u0161trihai, nestimuliuoja aki\u0173 ir raminan\u010diai nuteikia poilsiui. Paveikslo slaptas ryto ingredientas &#8211; kavos la\u0161eliai. Na ir \u0161tai &#8211; ramyb\u0117, aistra, rytin\u0117 kava &#8211; viskas tilpo \u012f vien\u0105 paveiksl\u0105 tobulai miegamojo erdvei i\u0161pildyti. Reprodukcijai gyvumo suteikia orginal\u0105 atkartojantys [&hellip;]<\/p>\n","protected":false},"featured_media":1884,"comment_status":"open","ping_status":"closed","template":"","meta":{"_acf_changed":false},"product_brand":[],"product_cat":[136],"product_tag":[],"class_list":{"0":"post-10056","1":"product","2":"type-product","3":"status-publish","4":"has-post-thumbnail","6":"product_cat-reprodukcijos-ant-drobes","8":"first","9":"instock","10":"shipping-taxable","11":"purchasable","12":"product-type-variable"},"acf":[],"yoast_head":"<!-- This site is optimized with the Yoast SEO plugin v27.5 - https:\/\/yoast.com\/product\/yoast-seo-wordpress\/ -->\n<title>Epizodas (Be r\u0117melio) - By Moni<\/title>\n<meta name=\"robots\" content=\"index, follow, max-snippet:-1, max-image-preview:large, max-video-preview:-1\" \/>\n<link rel=\"canonical\" href=\"https:\/\/bymoni.art\/lt\/produktas\/epizodas-be-remelio\/\" \/>\n<meta property=\"og:locale\" content=\"lt_LT\" \/>\n<meta property=\"og:type\" content=\"article\" \/>\n<meta property=\"og:title\" content=\"Epizodas (Be r\u0117melio) - By Moni\" \/>\n<meta property=\"og:description\" content=\"Subtiliai aistra alsuojantis, abstraktus ir kartu detalus paveikslas intymiai nam\u0173 erdvei. Melsvai pilk\u0161vi atspalviai, mati\u0161kumas ir mink\u0161ti, \u0161veln\u016bs \u0161trihai, nestimuliuoja aki\u0173 ir raminan\u010diai nuteikia poilsiui. Paveikslo slaptas ryto ingredientas &#8211; kavos la\u0161eliai. Na ir \u0161tai &#8211; ramyb\u0117, aistra, rytin\u0117 kava &#8211; viskas tilpo \u012f vien\u0105 paveiksl\u0105 tobulai miegamojo erdvei i\u0161pildyti. Reprodukcijai gyvumo suteikia orginal\u0105 atkartojantys [&hellip;]\" \/>\n<meta property=\"og:url\" content=\"https:\/\/bymoni.art\/lt\/produktas\/epizodas-be-remelio\/\" \/>\n<meta property=\"og:site_name\" content=\"By Moni\" \/>\n<meta property=\"article:modified_time\" content=\"2024-12-02T18:39:15+00:00\" \/>\n<meta property=\"og:image\" content=\"https:\/\/bymoni.art\/wp-content\/uploads\/2023\/06\/ezgif-3-5f19fa4e1e.jpg\" \/>\n\t<meta property=\"og:image:width\" content=\"1226\" \/>\n\t<meta property=\"og:image:height\" content=\"1647\" \/>\n\t<meta property=\"og:image:type\" content=\"image\/jpeg\" \/>\n<meta name=\"twitter:card\" content=\"summary_large_image\" \/>\n<meta name=\"twitter:label1\" content=\"Est. reading time\" \/>\n\t<meta name=\"twitter:data1\" content=\"1 minut\u0117\" \/>\n<script type=\"application\/ld+json\" class=\"yoast-schema-graph\">{\"@context\":\"https:\\\/\\\/schema.org\",\"@graph\":[{\"@type\":\"WebPage\",\"@id\":\"https:\\\/\\\/bymoni.art\\\/lt\\\/produktas\\\/epizodas-be-remelio\\\/\",\"url\":\"https:\\\/\\\/bymoni.art\\\/lt\\\/produktas\\\/epizodas-be-remelio\\\/\",\"name\":\"Epizodas (Be r\u0117melio) - By Moni\",\"isPartOf\":{\"@id\":\"https:\\\/\\\/bymoni.art\\\/#website\"},\"primaryImageOfPage\":{\"@id\":\"https:\\\/\\\/bymoni.art\\\/lt\\\/produktas\\\/epizodas-be-remelio\\\/#primaryimage\"},\"image\":{\"@id\":\"https:\\\/\\\/bymoni.art\\\/lt\\\/produktas\\\/epizodas-be-remelio\\\/#primaryimage\"},\"thumbnailUrl\":\"https:\\\/\\\/bymoni.art\\\/wp-content\\\/uploads\\\/2023\\\/06\\\/ezgif-3-5f19fa4e1e.jpg\",\"datePublished\":\"2024-12-02T18:33:01+00:00\",\"dateModified\":\"2024-12-02T18:39:15+00:00\",\"breadcrumb\":{\"@id\":\"https:\\\/\\\/bymoni.art\\\/lt\\\/produktas\\\/epizodas-be-remelio\\\/#breadcrumb\"},\"inLanguage\":\"lt-LT\",\"potentialAction\":[{\"@type\":\"ReadAction\",\"target\":[\"https:\\\/\\\/bymoni.art\\\/lt\\\/produktas\\\/epizodas-be-remelio\\\/\"]}]},{\"@type\":\"ImageObject\",\"inLanguage\":\"lt-LT\",\"@id\":\"https:\\\/\\\/bymoni.art\\\/lt\\\/produktas\\\/epizodas-be-remelio\\\/#primaryimage\",\"url\":\"https:\\\/\\\/bymoni.art\\\/wp-content\\\/uploads\\\/2023\\\/06\\\/ezgif-3-5f19fa4e1e.jpg\",\"contentUrl\":\"https:\\\/\\\/bymoni.art\\\/wp-content\\\/uploads\\\/2023\\\/06\\\/ezgif-3-5f19fa4e1e.jpg\",\"width\":1226,\"height\":1647},{\"@type\":\"BreadcrumbList\",\"@id\":\"https:\\\/\\\/bymoni.art\\\/lt\\\/produktas\\\/epizodas-be-remelio\\\/#breadcrumb\",\"itemListElement\":[{\"@type\":\"ListItem\",\"position\":1,\"name\":\"Home\",\"item\":\"https:\\\/\\\/bymoni.art\\\/lt\\\/\"},{\"@type\":\"ListItem\",\"position\":2,\"name\":\"Shop\",\"item\":\"https:\\\/\\\/bymoni.art\\\/shop\\\/\"},{\"@type\":\"ListItem\",\"position\":3,\"name\":\"Epizodas (Be r\u0117melio)\"}]},{\"@type\":\"WebSite\",\"@id\":\"https:\\\/\\\/bymoni.art\\\/#website\",\"url\":\"https:\\\/\\\/bymoni.art\\\/\",\"name\":\"By Moni\",\"description\":\"ARTWORKS\",\"publisher\":{\"@id\":\"https:\\\/\\\/bymoni.art\\\/#organization\"},\"potentialAction\":[{\"@type\":\"SearchAction\",\"target\":{\"@type\":\"EntryPoint\",\"urlTemplate\":\"https:\\\/\\\/bymoni.art\\\/?s={search_term_string}\"},\"query-input\":{\"@type\":\"PropertyValueSpecification\",\"valueRequired\":true,\"valueName\":\"search_term_string\"}}],\"inLanguage\":\"lt-LT\"},{\"@type\":\"Organization\",\"@id\":\"https:\\\/\\\/bymoni.art\\\/#organization\",\"name\":\"By Moni\",\"url\":\"https:\\\/\\\/bymoni.art\\\/\",\"logo\":{\"@type\":\"ImageObject\",\"inLanguage\":\"lt-LT\",\"@id\":\"https:\\\/\\\/bymoni.art\\\/#\\\/schema\\\/logo\\\/image\\\/\",\"url\":\"https:\\\/\\\/bymoni.art\\\/wp-content\\\/uploads\\\/2023\\\/06\\\/custom-logo.svg\",\"contentUrl\":\"https:\\\/\\\/bymoni.art\\\/wp-content\\\/uploads\\\/2023\\\/06\\\/custom-logo.svg\",\"caption\":\"By Moni\"},\"image\":{\"@id\":\"https:\\\/\\\/bymoni.art\\\/#\\\/schema\\\/logo\\\/image\\\/\"}}]}<\/script>\n<!-- \/ Yoast SEO plugin. -->","yoast_head_json":{"title":"Epizodas (Be r\u0117melio) - By Moni","robots":{"index":"index","follow":"follow","max-snippet":"max-snippet:-1","max-image-preview":"max-image-preview:large","max-video-preview":"max-video-preview:-1"},"canonical":"https:\/\/bymoni.art\/lt\/produktas\/epizodas-be-remelio\/","og_locale":"lt_LT","og_type":"article","og_title":"Epizodas (Be r\u0117melio) - By Moni","og_description":"Subtiliai aistra alsuojantis, abstraktus ir kartu detalus paveikslas intymiai nam\u0173 erdvei. Melsvai pilk\u0161vi atspalviai, mati\u0161kumas ir mink\u0161ti, \u0161veln\u016bs \u0161trihai, nestimuliuoja aki\u0173 ir raminan\u010diai nuteikia poilsiui. Paveikslo slaptas ryto ingredientas &#8211; kavos la\u0161eliai. Na ir \u0161tai &#8211; ramyb\u0117, aistra, rytin\u0117 kava &#8211; viskas tilpo \u012f vien\u0105 paveiksl\u0105 tobulai miegamojo erdvei i\u0161pildyti. Reprodukcijai gyvumo suteikia orginal\u0105 atkartojantys [&hellip;]","og_url":"https:\/\/bymoni.art\/lt\/produktas\/epizodas-be-remelio\/","og_site_name":"By Moni","article_modified_time":"2024-12-02T18:39:15+00:00","og_image":[{"width":1226,"height":1647,"url":"https:\/\/bymoni.art\/wp-content\/uploads\/2023\/06\/ezgif-3-5f19fa4e1e.jpg","type":"image\/jpeg"}],"twitter_card":"summary_large_image","twitter_misc":{"Est. reading time":"1 minut\u0117"},"schema":{"@context":"https:\/\/schema.org","@graph":[{"@type":"WebPage","@id":"https:\/\/bymoni.art\/lt\/produktas\/epizodas-be-remelio\/","url":"https:\/\/bymoni.art\/lt\/produktas\/epizodas-be-remelio\/","name":"Epizodas (Be r\u0117melio) - By Moni","isPartOf":{"@id":"https:\/\/bymoni.art\/#website"},"primaryImageOfPage":{"@id":"https:\/\/bymoni.art\/lt\/produktas\/epizodas-be-remelio\/#primaryimage"},"image":{"@id":"https:\/\/bymoni.art\/lt\/produktas\/epizodas-be-remelio\/#primaryimage"},"thumbnailUrl":"https:\/\/bymoni.art\/wp-content\/uploads\/2023\/06\/ezgif-3-5f19fa4e1e.jpg","datePublished":"2024-12-02T18:33:01+00:00","dateModified":"2024-12-02T18:39:15+00:00","breadcrumb":{"@id":"https:\/\/bymoni.art\/lt\/produktas\/epizodas-be-remelio\/#breadcrumb"},"inLanguage":"lt-LT","potentialAction":[{"@type":"ReadAction","target":["https:\/\/bymoni.art\/lt\/produktas\/epizodas-be-remelio\/"]}]},{"@type":"ImageObject","inLanguage":"lt-LT","@id":"https:\/\/bymoni.art\/lt\/produktas\/epizodas-be-remelio\/#primaryimage","url":"https:\/\/bymoni.art\/wp-content\/uploads\/2023\/06\/ezgif-3-5f19fa4e1e.jpg","contentUrl":"https:\/\/bymoni.art\/wp-content\/uploads\/2023\/06\/ezgif-3-5f19fa4e1e.jpg","width":1226,"height":1647},{"@type":"BreadcrumbList","@id":"https:\/\/bymoni.art\/lt\/produktas\/epizodas-be-remelio\/#breadcrumb","itemListElement":[{"@type":"ListItem","position":1,"name":"Home","item":"https:\/\/bymoni.art\/lt\/"},{"@type":"ListItem","position":2,"name":"Shop","item":"https:\/\/bymoni.art\/shop\/"},{"@type":"ListItem","position":3,"name":"Epizodas (Be r\u0117melio)"}]},{"@type":"WebSite","@id":"https:\/\/bymoni.art\/#website","url":"https:\/\/bymoni.art\/","name":"By Moni","description":"ARTWORKS","publisher":{"@id":"https:\/\/bymoni.art\/#organization"},"potentialAction":[{"@type":"SearchAction","target":{"@type":"EntryPoint","urlTemplate":"https:\/\/bymoni.art\/?s={search_term_string}"},"query-input":{"@type":"PropertyValueSpecification","valueRequired":true,"valueName":"search_term_string"}}],"inLanguage":"lt-LT"},{"@type":"Organization","@id":"https:\/\/bymoni.art\/#organization","name":"By Moni","url":"https:\/\/bymoni.art\/","logo":{"@type":"ImageObject","inLanguage":"lt-LT","@id":"https:\/\/bymoni.art\/#\/schema\/logo\/image\/","url":"https:\/\/bymoni.art\/wp-content\/uploads\/2023\/06\/custom-logo.svg","contentUrl":"https:\/\/bymoni.art\/wp-content\/uploads\/2023\/06\/custom-logo.svg","caption":"By Moni"},"image":{"@id":"https:\/\/bymoni.art\/#\/schema\/logo\/image\/"}}]}},"_links":{"self":[{"href":"https:\/\/bymoni.art\/lt\/wp-json\/wp\/v2\/product\/10056","targetHints":{"allow":["GET"]}}],"collection":[{"href":"https:\/\/bymoni.art\/lt\/wp-json\/wp\/v2\/product"}],"about":[{"href":"https:\/\/bymoni.art\/lt\/wp-json\/wp\/v2\/types\/product"}],"replies":[{"embeddable":true,"href":"https:\/\/bymoni.art\/lt\/wp-json\/wp\/v2\/comments?post=10056"}],"wp:featuredmedia":[{"embeddable":true,"href":"https:\/\/bymoni.art\/lt\/wp-json\/wp\/v2\/media\/1884"}],"wp:attachment":[{"href":"https:\/\/bymoni.art\/lt\/wp-json\/wp\/v2\/media?parent=10056"}],"wp:term":[{"taxonomy":"product_brand","embeddable":true,"href":"https:\/\/bymoni.art\/lt\/wp-json\/wp\/v2\/product_brand?post=10056"},{"taxonomy":"product_cat","embeddable":true,"href":"https:\/\/bymoni.art\/lt\/wp-json\/wp\/v2\/product_cat?post=10056"},{"taxonomy":"product_tag","embeddable":true,"href":"https:\/\/bymoni.art\/lt\/wp-json\/wp\/v2\/product_tag?post=10056"}],"curies":[{"name":"wp","href":"https:\/\/api.w.org\/{rel}","templated":true}]}}