{"id":10037,"date":"2024-12-02T18:33:00","date_gmt":"2024-12-02T18:33:00","guid":{"rendered":"https:\/\/bymoni.art\/?post_type=product&#038;p=10037"},"modified":"2024-12-02T18:39:13","modified_gmt":"2024-12-02T18:39:13","slug":"langas-be-remelio","status":"publish","type":"product","link":"https:\/\/bymoni.art\/lt\/produktas\/langas-be-remelio\/","title":{"rendered":"Langas (Be r\u0117melio)"},"content":{"rendered":"<p style=\"text-align: justify;\">Paveikslas tarsi maudyn\u0117s lengv\u0173 burbul\u0173 j\u016broje. Ar pamenate t\u0105 lengvum\u0105 ir laisv\u0117s poj\u016bt\u012f kai gaudydavote debes\u0173 drablius ir dinozaurus beribiame danguje. Tokio poj\u016b\u010dio ant drob\u0117s ir nor\u0117josi. To lengvumo, purumo, laisv\u0117s ir begalyb\u0117s.<\/p>\n<p style=\"text-align: justify;\">Paveikslo reprodukcija ypa\u010d tinkama koridoriams ir erdvi\u0173 vietoms be lang\u0173 papuo\u0161ti.<\/p>\n<ul>\n<li>Limituotas 50 vnt. tira\u017eas.<\/li>\n<li>Auk\u0161\u010diausios muziejin\u0117s kokyb\u0117s Gicl\u00e9e spaudos technologija ant linin\u0117s drob\u0117s.<\/li>\n<li>Reprodukcija galin\u0117je pus\u0117je pasira\u0161yta autor\u0117s, turi savo numer\u012f ir autenti\u0161kumo sertifikat\u0105.<\/li>\n<\/ul>\n<p>Produktas parduodamas tik printas ant drob\u0117s be r\u0117melio.<\/p>\n","protected":false},"excerpt":{"rendered":"<p>Paveikslas tarsi maudyn\u0117s lengv\u0173 burbul\u0173 j\u016broje. Ar pamenate t\u0105 lengvum\u0105 ir laisv\u0117s poj\u016bt\u012f kai gaudydavote debes\u0173 drablius ir dinozaurus beribiame danguje. Tokio poj\u016b\u010dio ant drob\u0117s ir nor\u0117josi. To lengvumo, purumo, laisv\u0117s ir begalyb\u0117s. Paveikslo reprodukcija ypa\u010d tinkama koridoriams ir erdvi\u0173 vietoms be lang\u0173 papuo\u0161ti. Limituotas 50 vnt. tira\u017eas. Auk\u0161\u010diausios muziejin\u0117s kokyb\u0117s Gicl\u00e9e spaudos technologija ant [&hellip;]<\/p>\n","protected":false},"featured_media":784,"comment_status":"open","ping_status":"closed","template":"","meta":{"_acf_changed":false},"product_brand":[],"product_cat":[136],"product_tag":[],"class_list":{"0":"post-10037","1":"product","2":"type-product","3":"status-publish","4":"has-post-thumbnail","6":"product_cat-reprodukcijos-ant-drobes","8":"first","9":"instock","10":"shipping-taxable","11":"purchasable","12":"product-type-variable"},"acf":[],"yoast_head":"<!-- This site is optimized with the Yoast SEO plugin v27.5 - https:\/\/yoast.com\/product\/yoast-seo-wordpress\/ -->\n<title>Langas (Be r\u0117melio) - By Moni<\/title>\n<meta name=\"robots\" content=\"index, follow, max-snippet:-1, max-image-preview:large, max-video-preview:-1\" \/>\n<link rel=\"canonical\" href=\"https:\/\/bymoni.art\/lt\/produktas\/langas-be-remelio\/\" \/>\n<meta property=\"og:locale\" content=\"lt_LT\" \/>\n<meta property=\"og:type\" content=\"article\" \/>\n<meta property=\"og:title\" content=\"Langas (Be r\u0117melio) - By Moni\" \/>\n<meta property=\"og:description\" content=\"Paveikslas tarsi maudyn\u0117s lengv\u0173 burbul\u0173 j\u016broje. Ar pamenate t\u0105 lengvum\u0105 ir laisv\u0117s poj\u016bt\u012f kai gaudydavote debes\u0173 drablius ir dinozaurus beribiame danguje. Tokio poj\u016b\u010dio ant drob\u0117s ir nor\u0117josi. To lengvumo, purumo, laisv\u0117s ir begalyb\u0117s. Paveikslo reprodukcija ypa\u010d tinkama koridoriams ir erdvi\u0173 vietoms be lang\u0173 papuo\u0161ti. Limituotas 50 vnt. tira\u017eas. Auk\u0161\u010diausios muziejin\u0117s kokyb\u0117s Gicl\u00e9e spaudos technologija ant [&hellip;]\" \/>\n<meta property=\"og:url\" content=\"https:\/\/bymoni.art\/lt\/produktas\/langas-be-remelio\/\" \/>\n<meta property=\"og:site_name\" content=\"By Moni\" \/>\n<meta property=\"article:modified_time\" content=\"2024-12-02T18:39:13+00:00\" \/>\n<meta property=\"og:image\" content=\"https:\/\/bymoni.art\/wp-content\/uploads\/2022\/12\/20230415_153117-dfw1-scaled.jpg\" \/>\n\t<meta property=\"og:image:width\" content=\"2180\" \/>\n\t<meta property=\"og:image:height\" content=\"2560\" \/>\n\t<meta property=\"og:image:type\" content=\"image\/jpeg\" \/>\n<meta name=\"twitter:card\" content=\"summary_large_image\" \/>\n<meta name=\"twitter:label1\" content=\"Est. reading time\" \/>\n\t<meta name=\"twitter:data1\" content=\"1 minut\u0117\" \/>\n<script type=\"application\/ld+json\" class=\"yoast-schema-graph\">{\"@context\":\"https:\\\/\\\/schema.org\",\"@graph\":[{\"@type\":\"WebPage\",\"@id\":\"https:\\\/\\\/bymoni.art\\\/lt\\\/produktas\\\/langas-be-remelio\\\/\",\"url\":\"https:\\\/\\\/bymoni.art\\\/lt\\\/produktas\\\/langas-be-remelio\\\/\",\"name\":\"Langas (Be r\u0117melio) - By Moni\",\"isPartOf\":{\"@id\":\"https:\\\/\\\/bymoni.art\\\/#website\"},\"primaryImageOfPage\":{\"@id\":\"https:\\\/\\\/bymoni.art\\\/lt\\\/produktas\\\/langas-be-remelio\\\/#primaryimage\"},\"image\":{\"@id\":\"https:\\\/\\\/bymoni.art\\\/lt\\\/produktas\\\/langas-be-remelio\\\/#primaryimage\"},\"thumbnailUrl\":\"https:\\\/\\\/bymoni.art\\\/wp-content\\\/uploads\\\/2022\\\/12\\\/20230415_153117-dfw1-scaled.jpg\",\"datePublished\":\"2024-12-02T18:33:00+00:00\",\"dateModified\":\"2024-12-02T18:39:13+00:00\",\"breadcrumb\":{\"@id\":\"https:\\\/\\\/bymoni.art\\\/lt\\\/produktas\\\/langas-be-remelio\\\/#breadcrumb\"},\"inLanguage\":\"lt-LT\",\"potentialAction\":[{\"@type\":\"ReadAction\",\"target\":[\"https:\\\/\\\/bymoni.art\\\/lt\\\/produktas\\\/langas-be-remelio\\\/\"]}]},{\"@type\":\"ImageObject\",\"inLanguage\":\"lt-LT\",\"@id\":\"https:\\\/\\\/bymoni.art\\\/lt\\\/produktas\\\/langas-be-remelio\\\/#primaryimage\",\"url\":\"https:\\\/\\\/bymoni.art\\\/wp-content\\\/uploads\\\/2022\\\/12\\\/20230415_153117-dfw1-scaled.jpg\",\"contentUrl\":\"https:\\\/\\\/bymoni.art\\\/wp-content\\\/uploads\\\/2022\\\/12\\\/20230415_153117-dfw1-scaled.jpg\",\"width\":2180,\"height\":2560},{\"@type\":\"BreadcrumbList\",\"@id\":\"https:\\\/\\\/bymoni.art\\\/lt\\\/produktas\\\/langas-be-remelio\\\/#breadcrumb\",\"itemListElement\":[{\"@type\":\"ListItem\",\"position\":1,\"name\":\"Home\",\"item\":\"https:\\\/\\\/bymoni.art\\\/lt\\\/\"},{\"@type\":\"ListItem\",\"position\":2,\"name\":\"Shop\",\"item\":\"https:\\\/\\\/bymoni.art\\\/shop\\\/\"},{\"@type\":\"ListItem\",\"position\":3,\"name\":\"Langas (Be r\u0117melio)\"}]},{\"@type\":\"WebSite\",\"@id\":\"https:\\\/\\\/bymoni.art\\\/#website\",\"url\":\"https:\\\/\\\/bymoni.art\\\/\",\"name\":\"By Moni\",\"description\":\"ARTWORKS\",\"publisher\":{\"@id\":\"https:\\\/\\\/bymoni.art\\\/#organization\"},\"potentialAction\":[{\"@type\":\"SearchAction\",\"target\":{\"@type\":\"EntryPoint\",\"urlTemplate\":\"https:\\\/\\\/bymoni.art\\\/?s={search_term_string}\"},\"query-input\":{\"@type\":\"PropertyValueSpecification\",\"valueRequired\":true,\"valueName\":\"search_term_string\"}}],\"inLanguage\":\"lt-LT\"},{\"@type\":\"Organization\",\"@id\":\"https:\\\/\\\/bymoni.art\\\/#organization\",\"name\":\"By Moni\",\"url\":\"https:\\\/\\\/bymoni.art\\\/\",\"logo\":{\"@type\":\"ImageObject\",\"inLanguage\":\"lt-LT\",\"@id\":\"https:\\\/\\\/bymoni.art\\\/#\\\/schema\\\/logo\\\/image\\\/\",\"url\":\"https:\\\/\\\/bymoni.art\\\/wp-content\\\/uploads\\\/2023\\\/06\\\/custom-logo.svg\",\"contentUrl\":\"https:\\\/\\\/bymoni.art\\\/wp-content\\\/uploads\\\/2023\\\/06\\\/custom-logo.svg\",\"caption\":\"By Moni\"},\"image\":{\"@id\":\"https:\\\/\\\/bymoni.art\\\/#\\\/schema\\\/logo\\\/image\\\/\"}}]}<\/script>\n<!-- \/ Yoast SEO plugin. -->","yoast_head_json":{"title":"Langas (Be r\u0117melio) - By Moni","robots":{"index":"index","follow":"follow","max-snippet":"max-snippet:-1","max-image-preview":"max-image-preview:large","max-video-preview":"max-video-preview:-1"},"canonical":"https:\/\/bymoni.art\/lt\/produktas\/langas-be-remelio\/","og_locale":"lt_LT","og_type":"article","og_title":"Langas (Be r\u0117melio) - By Moni","og_description":"Paveikslas tarsi maudyn\u0117s lengv\u0173 burbul\u0173 j\u016broje. Ar pamenate t\u0105 lengvum\u0105 ir laisv\u0117s poj\u016bt\u012f kai gaudydavote debes\u0173 drablius ir dinozaurus beribiame danguje. Tokio poj\u016b\u010dio ant drob\u0117s ir nor\u0117josi. To lengvumo, purumo, laisv\u0117s ir begalyb\u0117s. Paveikslo reprodukcija ypa\u010d tinkama koridoriams ir erdvi\u0173 vietoms be lang\u0173 papuo\u0161ti. Limituotas 50 vnt. tira\u017eas. Auk\u0161\u010diausios muziejin\u0117s kokyb\u0117s Gicl\u00e9e spaudos technologija ant [&hellip;]","og_url":"https:\/\/bymoni.art\/lt\/produktas\/langas-be-remelio\/","og_site_name":"By Moni","article_modified_time":"2024-12-02T18:39:13+00:00","og_image":[{"width":2180,"height":2560,"url":"https:\/\/bymoni.art\/wp-content\/uploads\/2022\/12\/20230415_153117-dfw1-scaled.jpg","type":"image\/jpeg"}],"twitter_card":"summary_large_image","twitter_misc":{"Est. reading time":"1 minut\u0117"},"schema":{"@context":"https:\/\/schema.org","@graph":[{"@type":"WebPage","@id":"https:\/\/bymoni.art\/lt\/produktas\/langas-be-remelio\/","url":"https:\/\/bymoni.art\/lt\/produktas\/langas-be-remelio\/","name":"Langas (Be r\u0117melio) - By Moni","isPartOf":{"@id":"https:\/\/bymoni.art\/#website"},"primaryImageOfPage":{"@id":"https:\/\/bymoni.art\/lt\/produktas\/langas-be-remelio\/#primaryimage"},"image":{"@id":"https:\/\/bymoni.art\/lt\/produktas\/langas-be-remelio\/#primaryimage"},"thumbnailUrl":"https:\/\/bymoni.art\/wp-content\/uploads\/2022\/12\/20230415_153117-dfw1-scaled.jpg","datePublished":"2024-12-02T18:33:00+00:00","dateModified":"2024-12-02T18:39:13+00:00","breadcrumb":{"@id":"https:\/\/bymoni.art\/lt\/produktas\/langas-be-remelio\/#breadcrumb"},"inLanguage":"lt-LT","potentialAction":[{"@type":"ReadAction","target":["https:\/\/bymoni.art\/lt\/produktas\/langas-be-remelio\/"]}]},{"@type":"ImageObject","inLanguage":"lt-LT","@id":"https:\/\/bymoni.art\/lt\/produktas\/langas-be-remelio\/#primaryimage","url":"https:\/\/bymoni.art\/wp-content\/uploads\/2022\/12\/20230415_153117-dfw1-scaled.jpg","contentUrl":"https:\/\/bymoni.art\/wp-content\/uploads\/2022\/12\/20230415_153117-dfw1-scaled.jpg","width":2180,"height":2560},{"@type":"BreadcrumbList","@id":"https:\/\/bymoni.art\/lt\/produktas\/langas-be-remelio\/#breadcrumb","itemListElement":[{"@type":"ListItem","position":1,"name":"Home","item":"https:\/\/bymoni.art\/lt\/"},{"@type":"ListItem","position":2,"name":"Shop","item":"https:\/\/bymoni.art\/shop\/"},{"@type":"ListItem","position":3,"name":"Langas (Be r\u0117melio)"}]},{"@type":"WebSite","@id":"https:\/\/bymoni.art\/#website","url":"https:\/\/bymoni.art\/","name":"By Moni","description":"ARTWORKS","publisher":{"@id":"https:\/\/bymoni.art\/#organization"},"potentialAction":[{"@type":"SearchAction","target":{"@type":"EntryPoint","urlTemplate":"https:\/\/bymoni.art\/?s={search_term_string}"},"query-input":{"@type":"PropertyValueSpecification","valueRequired":true,"valueName":"search_term_string"}}],"inLanguage":"lt-LT"},{"@type":"Organization","@id":"https:\/\/bymoni.art\/#organization","name":"By Moni","url":"https:\/\/bymoni.art\/","logo":{"@type":"ImageObject","inLanguage":"lt-LT","@id":"https:\/\/bymoni.art\/#\/schema\/logo\/image\/","url":"https:\/\/bymoni.art\/wp-content\/uploads\/2023\/06\/custom-logo.svg","contentUrl":"https:\/\/bymoni.art\/wp-content\/uploads\/2023\/06\/custom-logo.svg","caption":"By Moni"},"image":{"@id":"https:\/\/bymoni.art\/#\/schema\/logo\/image\/"}}]}},"_links":{"self":[{"href":"https:\/\/bymoni.art\/lt\/wp-json\/wp\/v2\/product\/10037","targetHints":{"allow":["GET"]}}],"collection":[{"href":"https:\/\/bymoni.art\/lt\/wp-json\/wp\/v2\/product"}],"about":[{"href":"https:\/\/bymoni.art\/lt\/wp-json\/wp\/v2\/types\/product"}],"replies":[{"embeddable":true,"href":"https:\/\/bymoni.art\/lt\/wp-json\/wp\/v2\/comments?post=10037"}],"wp:featuredmedia":[{"embeddable":true,"href":"https:\/\/bymoni.art\/lt\/wp-json\/wp\/v2\/media\/784"}],"wp:attachment":[{"href":"https:\/\/bymoni.art\/lt\/wp-json\/wp\/v2\/media?parent=10037"}],"wp:term":[{"taxonomy":"product_brand","embeddable":true,"href":"https:\/\/bymoni.art\/lt\/wp-json\/wp\/v2\/product_brand?post=10037"},{"taxonomy":"product_cat","embeddable":true,"href":"https:\/\/bymoni.art\/lt\/wp-json\/wp\/v2\/product_cat?post=10037"},{"taxonomy":"product_tag","embeddable":true,"href":"https:\/\/bymoni.art\/lt\/wp-json\/wp\/v2\/product_tag?post=10037"}],"curies":[{"name":"wp","href":"https:\/\/api.w.org\/{rel}","templated":true}]}}