{"id":10029,"date":"2024-12-02T18:32:59","date_gmt":"2024-12-02T18:32:59","guid":{"rendered":"https:\/\/bymoni.art\/?post_type=product&#038;p=10029"},"modified":"2024-12-02T18:38:59","modified_gmt":"2024-12-02T18:38:59","slug":"ode-meilei-be-remelio","status":"publish","type":"product","link":"https:\/\/bymoni.art\/lt\/produktas\/ode-meilei-be-remelio\/","title":{"rendered":"Od\u0117 meilei (Be r\u0117melio)"},"content":{"rendered":"<p style=\"text-align: justify;\">Id\u0117jos, vaizdai, \u017eod\u017eiai, kuriuos v\u0117liau perteikiu teptuku ant drob\u0117s i\u0161kyla nem\u0105stant, tarsi sapnai, vizijos. Nekvestionuoj\u0173 j\u0173, tikiu, kad ka\u017ekas didesnio u\u017e mane tas vizijas man atsiun\u010dia, kad a\u0161 kaip lai\u0161kane\u0161ys turiu jas perteikti, realizuoti. Tikiu, kad tas vaizdinys, id\u0117ja turi savo paskirt\u012f \u0161iame pasaulyje.<\/p>\n<ul>\n<li>Limituotas 200 vnt. tira\u017eas.<\/li>\n<li>Kiekvienai reprodukcijai rankomis atkuriamas pauk\u0161\u010di\u0173, plunksnos ir ra\u0161to reljefas, reprodukcija autor\u0117s auksuojama, patapoma autor\u0117s.<\/li>\n<li>Auk\u0161\u010diausios muziejin\u0117s kokyb\u0117s Gicl\u00e9e spaudos technologija ant linin\u0117s drob\u0117s.<\/li>\n<li>Reprodukcija galin\u0117je pus\u0117je pasira\u0161yta autor\u0117s, turi savo numer\u012f ir autenti\u0161kumo sertifikat\u0105.<\/li>\n<\/ul>\n<p>Produktas parduodamas tik printas ant drob\u0117s be r\u0117melio.<\/p>\n","protected":false},"excerpt":{"rendered":"<p>Id\u0117jos, vaizdai, \u017eod\u017eiai, kuriuos v\u0117liau perteikiu teptuku ant drob\u0117s i\u0161kyla nem\u0105stant, tarsi sapnai, vizijos. Nekvestionuoj\u0173 j\u0173, tikiu, kad ka\u017ekas didesnio u\u017e mane tas vizijas man atsiun\u010dia, kad a\u0161 kaip lai\u0161kane\u0161ys turiu jas perteikti, realizuoti. Tikiu, kad tas vaizdinys, id\u0117ja turi savo paskirt\u012f \u0161iame pasaulyje. Limituotas 200 vnt. tira\u017eas. Kiekvienai reprodukcijai rankomis atkuriamas pauk\u0161\u010di\u0173, plunksnos ir [&hellip;]<\/p>\n","protected":false},"featured_media":772,"comment_status":"open","ping_status":"closed","template":"","meta":{"_acf_changed":false},"product_brand":[],"product_cat":[136],"product_tag":[],"class_list":{"0":"post-10029","1":"product","2":"type-product","3":"status-publish","4":"has-post-thumbnail","6":"product_cat-reprodukcijos-ant-drobes","8":"first","9":"instock","10":"shipping-taxable","11":"purchasable","12":"product-type-variable"},"acf":[],"yoast_head":"<!-- This site is optimized with the Yoast SEO plugin v27.5 - https:\/\/yoast.com\/product\/yoast-seo-wordpress\/ -->\n<title>Od\u0117 meilei (Be r\u0117melio) - By Moni<\/title>\n<meta name=\"robots\" content=\"index, follow, max-snippet:-1, max-image-preview:large, max-video-preview:-1\" \/>\n<link rel=\"canonical\" href=\"https:\/\/bymoni.art\/lt\/produktas\/ode-meilei-be-remelio\/\" \/>\n<meta property=\"og:locale\" content=\"lt_LT\" \/>\n<meta property=\"og:type\" content=\"article\" \/>\n<meta property=\"og:title\" content=\"Od\u0117 meilei (Be r\u0117melio) - By Moni\" \/>\n<meta property=\"og:description\" content=\"Id\u0117jos, vaizdai, \u017eod\u017eiai, kuriuos v\u0117liau perteikiu teptuku ant drob\u0117s i\u0161kyla nem\u0105stant, tarsi sapnai, vizijos. Nekvestionuoj\u0173 j\u0173, tikiu, kad ka\u017ekas didesnio u\u017e mane tas vizijas man atsiun\u010dia, kad a\u0161 kaip lai\u0161kane\u0161ys turiu jas perteikti, realizuoti. Tikiu, kad tas vaizdinys, id\u0117ja turi savo paskirt\u012f \u0161iame pasaulyje. Limituotas 200 vnt. tira\u017eas. Kiekvienai reprodukcijai rankomis atkuriamas pauk\u0161\u010di\u0173, plunksnos ir [&hellip;]\" \/>\n<meta property=\"og:url\" content=\"https:\/\/bymoni.art\/lt\/produktas\/ode-meilei-be-remelio\/\" \/>\n<meta property=\"og:site_name\" content=\"By Moni\" \/>\n<meta property=\"article:modified_time\" content=\"2024-12-02T18:38:59+00:00\" \/>\n<meta property=\"og:image\" content=\"https:\/\/bymoni.art\/wp-content\/uploads\/2022\/12\/2023_0417_13424100.jpg\" \/>\n\t<meta property=\"og:image:width\" content=\"1152\" \/>\n\t<meta property=\"og:image:height\" content=\"2048\" \/>\n\t<meta property=\"og:image:type\" content=\"image\/jpeg\" \/>\n<meta name=\"twitter:card\" content=\"summary_large_image\" \/>\n<meta name=\"twitter:label1\" content=\"Est. reading time\" \/>\n\t<meta name=\"twitter:data1\" content=\"1 minut\u0117\" \/>\n<script type=\"application\/ld+json\" class=\"yoast-schema-graph\">{\"@context\":\"https:\\\/\\\/schema.org\",\"@graph\":[{\"@type\":\"WebPage\",\"@id\":\"https:\\\/\\\/bymoni.art\\\/lt\\\/produktas\\\/ode-meilei-be-remelio\\\/\",\"url\":\"https:\\\/\\\/bymoni.art\\\/lt\\\/produktas\\\/ode-meilei-be-remelio\\\/\",\"name\":\"Od\u0117 meilei (Be r\u0117melio) - By Moni\",\"isPartOf\":{\"@id\":\"https:\\\/\\\/bymoni.art\\\/#website\"},\"primaryImageOfPage\":{\"@id\":\"https:\\\/\\\/bymoni.art\\\/lt\\\/produktas\\\/ode-meilei-be-remelio\\\/#primaryimage\"},\"image\":{\"@id\":\"https:\\\/\\\/bymoni.art\\\/lt\\\/produktas\\\/ode-meilei-be-remelio\\\/#primaryimage\"},\"thumbnailUrl\":\"https:\\\/\\\/bymoni.art\\\/wp-content\\\/uploads\\\/2022\\\/12\\\/2023_0417_13424100.jpg\",\"datePublished\":\"2024-12-02T18:32:59+00:00\",\"dateModified\":\"2024-12-02T18:38:59+00:00\",\"breadcrumb\":{\"@id\":\"https:\\\/\\\/bymoni.art\\\/lt\\\/produktas\\\/ode-meilei-be-remelio\\\/#breadcrumb\"},\"inLanguage\":\"lt-LT\",\"potentialAction\":[{\"@type\":\"ReadAction\",\"target\":[\"https:\\\/\\\/bymoni.art\\\/lt\\\/produktas\\\/ode-meilei-be-remelio\\\/\"]}]},{\"@type\":\"ImageObject\",\"inLanguage\":\"lt-LT\",\"@id\":\"https:\\\/\\\/bymoni.art\\\/lt\\\/produktas\\\/ode-meilei-be-remelio\\\/#primaryimage\",\"url\":\"https:\\\/\\\/bymoni.art\\\/wp-content\\\/uploads\\\/2022\\\/12\\\/2023_0417_13424100.jpg\",\"contentUrl\":\"https:\\\/\\\/bymoni.art\\\/wp-content\\\/uploads\\\/2022\\\/12\\\/2023_0417_13424100.jpg\",\"width\":1152,\"height\":2048},{\"@type\":\"BreadcrumbList\",\"@id\":\"https:\\\/\\\/bymoni.art\\\/lt\\\/produktas\\\/ode-meilei-be-remelio\\\/#breadcrumb\",\"itemListElement\":[{\"@type\":\"ListItem\",\"position\":1,\"name\":\"Home\",\"item\":\"https:\\\/\\\/bymoni.art\\\/lt\\\/\"},{\"@type\":\"ListItem\",\"position\":2,\"name\":\"Shop\",\"item\":\"https:\\\/\\\/bymoni.art\\\/shop\\\/\"},{\"@type\":\"ListItem\",\"position\":3,\"name\":\"Od\u0117 meilei (Be r\u0117melio)\"}]},{\"@type\":\"WebSite\",\"@id\":\"https:\\\/\\\/bymoni.art\\\/#website\",\"url\":\"https:\\\/\\\/bymoni.art\\\/\",\"name\":\"By Moni\",\"description\":\"ARTWORKS\",\"publisher\":{\"@id\":\"https:\\\/\\\/bymoni.art\\\/#organization\"},\"potentialAction\":[{\"@type\":\"SearchAction\",\"target\":{\"@type\":\"EntryPoint\",\"urlTemplate\":\"https:\\\/\\\/bymoni.art\\\/?s={search_term_string}\"},\"query-input\":{\"@type\":\"PropertyValueSpecification\",\"valueRequired\":true,\"valueName\":\"search_term_string\"}}],\"inLanguage\":\"lt-LT\"},{\"@type\":\"Organization\",\"@id\":\"https:\\\/\\\/bymoni.art\\\/#organization\",\"name\":\"By Moni\",\"url\":\"https:\\\/\\\/bymoni.art\\\/\",\"logo\":{\"@type\":\"ImageObject\",\"inLanguage\":\"lt-LT\",\"@id\":\"https:\\\/\\\/bymoni.art\\\/#\\\/schema\\\/logo\\\/image\\\/\",\"url\":\"https:\\\/\\\/bymoni.art\\\/wp-content\\\/uploads\\\/2023\\\/06\\\/custom-logo.svg\",\"contentUrl\":\"https:\\\/\\\/bymoni.art\\\/wp-content\\\/uploads\\\/2023\\\/06\\\/custom-logo.svg\",\"caption\":\"By Moni\"},\"image\":{\"@id\":\"https:\\\/\\\/bymoni.art\\\/#\\\/schema\\\/logo\\\/image\\\/\"}}]}<\/script>\n<!-- \/ Yoast SEO plugin. -->","yoast_head_json":{"title":"Od\u0117 meilei (Be r\u0117melio) - By Moni","robots":{"index":"index","follow":"follow","max-snippet":"max-snippet:-1","max-image-preview":"max-image-preview:large","max-video-preview":"max-video-preview:-1"},"canonical":"https:\/\/bymoni.art\/lt\/produktas\/ode-meilei-be-remelio\/","og_locale":"lt_LT","og_type":"article","og_title":"Od\u0117 meilei (Be r\u0117melio) - By Moni","og_description":"Id\u0117jos, vaizdai, \u017eod\u017eiai, kuriuos v\u0117liau perteikiu teptuku ant drob\u0117s i\u0161kyla nem\u0105stant, tarsi sapnai, vizijos. Nekvestionuoj\u0173 j\u0173, tikiu, kad ka\u017ekas didesnio u\u017e mane tas vizijas man atsiun\u010dia, kad a\u0161 kaip lai\u0161kane\u0161ys turiu jas perteikti, realizuoti. Tikiu, kad tas vaizdinys, id\u0117ja turi savo paskirt\u012f \u0161iame pasaulyje. Limituotas 200 vnt. tira\u017eas. Kiekvienai reprodukcijai rankomis atkuriamas pauk\u0161\u010di\u0173, plunksnos ir [&hellip;]","og_url":"https:\/\/bymoni.art\/lt\/produktas\/ode-meilei-be-remelio\/","og_site_name":"By Moni","article_modified_time":"2024-12-02T18:38:59+00:00","og_image":[{"width":1152,"height":2048,"url":"https:\/\/bymoni.art\/wp-content\/uploads\/2022\/12\/2023_0417_13424100.jpg","type":"image\/jpeg"}],"twitter_card":"summary_large_image","twitter_misc":{"Est. reading time":"1 minut\u0117"},"schema":{"@context":"https:\/\/schema.org","@graph":[{"@type":"WebPage","@id":"https:\/\/bymoni.art\/lt\/produktas\/ode-meilei-be-remelio\/","url":"https:\/\/bymoni.art\/lt\/produktas\/ode-meilei-be-remelio\/","name":"Od\u0117 meilei (Be r\u0117melio) - By Moni","isPartOf":{"@id":"https:\/\/bymoni.art\/#website"},"primaryImageOfPage":{"@id":"https:\/\/bymoni.art\/lt\/produktas\/ode-meilei-be-remelio\/#primaryimage"},"image":{"@id":"https:\/\/bymoni.art\/lt\/produktas\/ode-meilei-be-remelio\/#primaryimage"},"thumbnailUrl":"https:\/\/bymoni.art\/wp-content\/uploads\/2022\/12\/2023_0417_13424100.jpg","datePublished":"2024-12-02T18:32:59+00:00","dateModified":"2024-12-02T18:38:59+00:00","breadcrumb":{"@id":"https:\/\/bymoni.art\/lt\/produktas\/ode-meilei-be-remelio\/#breadcrumb"},"inLanguage":"lt-LT","potentialAction":[{"@type":"ReadAction","target":["https:\/\/bymoni.art\/lt\/produktas\/ode-meilei-be-remelio\/"]}]},{"@type":"ImageObject","inLanguage":"lt-LT","@id":"https:\/\/bymoni.art\/lt\/produktas\/ode-meilei-be-remelio\/#primaryimage","url":"https:\/\/bymoni.art\/wp-content\/uploads\/2022\/12\/2023_0417_13424100.jpg","contentUrl":"https:\/\/bymoni.art\/wp-content\/uploads\/2022\/12\/2023_0417_13424100.jpg","width":1152,"height":2048},{"@type":"BreadcrumbList","@id":"https:\/\/bymoni.art\/lt\/produktas\/ode-meilei-be-remelio\/#breadcrumb","itemListElement":[{"@type":"ListItem","position":1,"name":"Home","item":"https:\/\/bymoni.art\/lt\/"},{"@type":"ListItem","position":2,"name":"Shop","item":"https:\/\/bymoni.art\/shop\/"},{"@type":"ListItem","position":3,"name":"Od\u0117 meilei (Be r\u0117melio)"}]},{"@type":"WebSite","@id":"https:\/\/bymoni.art\/#website","url":"https:\/\/bymoni.art\/","name":"By Moni","description":"ARTWORKS","publisher":{"@id":"https:\/\/bymoni.art\/#organization"},"potentialAction":[{"@type":"SearchAction","target":{"@type":"EntryPoint","urlTemplate":"https:\/\/bymoni.art\/?s={search_term_string}"},"query-input":{"@type":"PropertyValueSpecification","valueRequired":true,"valueName":"search_term_string"}}],"inLanguage":"lt-LT"},{"@type":"Organization","@id":"https:\/\/bymoni.art\/#organization","name":"By Moni","url":"https:\/\/bymoni.art\/","logo":{"@type":"ImageObject","inLanguage":"lt-LT","@id":"https:\/\/bymoni.art\/#\/schema\/logo\/image\/","url":"https:\/\/bymoni.art\/wp-content\/uploads\/2023\/06\/custom-logo.svg","contentUrl":"https:\/\/bymoni.art\/wp-content\/uploads\/2023\/06\/custom-logo.svg","caption":"By Moni"},"image":{"@id":"https:\/\/bymoni.art\/#\/schema\/logo\/image\/"}}]}},"_links":{"self":[{"href":"https:\/\/bymoni.art\/lt\/wp-json\/wp\/v2\/product\/10029","targetHints":{"allow":["GET"]}}],"collection":[{"href":"https:\/\/bymoni.art\/lt\/wp-json\/wp\/v2\/product"}],"about":[{"href":"https:\/\/bymoni.art\/lt\/wp-json\/wp\/v2\/types\/product"}],"replies":[{"embeddable":true,"href":"https:\/\/bymoni.art\/lt\/wp-json\/wp\/v2\/comments?post=10029"}],"wp:featuredmedia":[{"embeddable":true,"href":"https:\/\/bymoni.art\/lt\/wp-json\/wp\/v2\/media\/772"}],"wp:attachment":[{"href":"https:\/\/bymoni.art\/lt\/wp-json\/wp\/v2\/media?parent=10029"}],"wp:term":[{"taxonomy":"product_brand","embeddable":true,"href":"https:\/\/bymoni.art\/lt\/wp-json\/wp\/v2\/product_brand?post=10029"},{"taxonomy":"product_cat","embeddable":true,"href":"https:\/\/bymoni.art\/lt\/wp-json\/wp\/v2\/product_cat?post=10029"},{"taxonomy":"product_tag","embeddable":true,"href":"https:\/\/bymoni.art\/lt\/wp-json\/wp\/v2\/product_tag?post=10029"}],"curies":[{"name":"wp","href":"https:\/\/api.w.org\/{rel}","templated":true}]}}