{"id":2630,"date":"2022-12-02T12:26:28","date_gmt":"2022-12-02T12:26:28","guid":{"rendered":"https:\/\/bymoni.art\/contact\/"},"modified":"2023-10-13T18:01:15","modified_gmt":"2023-10-13T18:01:15","slug":"kontaktai","status":"publish","type":"page","link":"https:\/\/bymoni.art\/lt\/kontaktai\/","title":{"rendered":"Kontaktai"},"content":{"rendered":"\n\n<section class=\"contact\">\n\t<div class=\"container-global-75 contact__container\">\n\t\t<div class=\"contact__grid\">\n\t\t\t<div class=\"contact__info\">\n\t\t\t\t                    <div class=\"contact__title\">\n                        <h2>Kvie\u010diu susisiekti<\/h2>\n                    <\/div>\n\t\t\t\t                <div class=\"contact__address\">\n                    <div class=\"contact__address-wrapper\">\n\t                                                <a target=\"_self\" title=\"+370 647 65764\" href=\"tel:+37064765764\">\n                                <img loading=\"lazy\" decoding=\"async\" alt=\"Telefonas\" width=\"21\"  height=\"21\" src=\"https:\/\/bymoni.art\/wp-content\/themes\/bymoniart\/assets\/images\/phone.svg\">\n\t\t\t                    +370 647 65764                            <\/a>\n\t                    \t                                                <a target=\"_self\" title=\"info@bymoni.art\" href=\"mailto:info@bymoni.art\">\n                                <img loading=\"lazy\" decoding=\"async\" alt=\"El. pa\u0161tas\" width=\"21\"  height=\"21\" src=\"https:\/\/bymoni.art\/wp-content\/themes\/bymoniart\/assets\/images\/email.svg\">\n\t\t\t                    info@bymoni.art                            <\/a>\n\t                    \t                    \t\t                                                <a class=\"contact__address-wrapper-location\" target=\"_blank\" title=\"Veiveri\u0173 g. 150C, Kaunas, Lithuania, 3 auk\u0161tas (Vizitai studijoje galimi tik i\u0161 anksto susitarus)\" style=\"\" href=\"https:\/\/www.google.com\/maps\/place\/Veiveri%C5%B3+g.+150c,+Kaunas+46391\/@54.8620825,23.8854709,19z\/data=!3m1!4b1!4m5!3m4!1s0x46e7224cbf3b1171:0xb37d8505f7e1528e!8m2!3d54.8620825!4d23.8860181?shorturl=1\">\n                                <img loading=\"lazy\" decoding=\"async\" alt=\"Vietov\u0117\" width=\"21\"  height=\"21\" src=\"https:\/\/bymoni.art\/wp-content\/themes\/bymoniart\/assets\/images\/locator.svg\">\n\t\t\t                    Veiveri\u0173 g. 150C, Kaunas, Lithuania, 3 auk\u0161tas (Vizitai studijoje galimi tik i\u0161 anksto susitarus)                            <\/a>\n\t                                        <\/div>\n                <\/div>\n                <div class=\"contact__links\">\n\t                                        <div class=\"contact__links-title\"><p>Turite klausim\u0173?<br \/>\nKvie\u010diu ie\u0161koti atsakym\u0173\u00a0\u010dia:<\/p>\n<\/div>\n\t                \t                                        <div class=\"contact__links-blocks\">\n\t\t\t                                                <a class=\"secondary-button\" href=\"https:\/\/bymoni.art\/lt\/d-u-k\/\"\n                                   target=\"_self\">\n\t\t\t\t\t                D.U.K.                                <\/a>\n\n\t\t\t                                                <a class=\"secondary-button\" href=\"https:\/\/bymoni.art\/lt\/salygos-ir-taisykles\/\"\n                                   target=\"_self\">\n\t\t\t\t\t                S\u0105lygos ir taisykl\u0117s                                <\/a>\n\n\t\t\t                                        <\/div>\n\t                                <\/div>\n            <\/div>\n\t\t\t                <div class=\"contact__gallery\">\n\t\t\t\t\t                        <div class=\"contact__gallery-item\">\n\t\t\t\t\t\t\t<img loading=\"lazy\" decoding=\"async\" width=\"683\" height=\"1024\" src=\"https:\/\/bymoni.art\/wp-content\/uploads\/2023\/09\/R6__5756-683x1024.jpg\" class=\"skip-lazy\" alt=\"\" srcset=\"https:\/\/bymoni.art\/wp-content\/uploads\/2023\/09\/R6__5756-683x1024.jpg 683w, https:\/\/bymoni.art\/wp-content\/uploads\/2023\/09\/R6__5756-200x300.jpg 200w, https:\/\/bymoni.art\/wp-content\/uploads\/2023\/09\/R6__5756-768x1152.jpg 768w, https:\/\/bymoni.art\/wp-content\/uploads\/2023\/09\/R6__5756-1024x1536.jpg 1024w, https:\/\/bymoni.art\/wp-content\/uploads\/2023\/09\/R6__5756-1365x2048.jpg 1365w, https:\/\/bymoni.art\/wp-content\/uploads\/2023\/09\/R6__5756-1920x2880.jpg 1920w, https:\/\/bymoni.art\/wp-content\/uploads\/2023\/09\/R6__5756-333x500.jpg 333w, https:\/\/bymoni.art\/wp-content\/uploads\/2023\/09\/R6__5756-600x900.jpg 600w, https:\/\/bymoni.art\/wp-content\/uploads\/2023\/09\/R6__5756-scaled.jpg 1707w\" sizes=\"auto, (max-width: 683px) 100vw, 683px\" \/>                        <\/div>\n\t\t\t\t\t                        <div class=\"contact__gallery-item\">\n\t\t\t\t\t\t\t<img loading=\"lazy\" decoding=\"async\" width=\"683\" height=\"1024\" src=\"https:\/\/bymoni.art\/wp-content\/uploads\/2023\/09\/R6__6469_1.2-683x1024.jpg\" class=\"skip-lazy\" alt=\"\" srcset=\"https:\/\/bymoni.art\/wp-content\/uploads\/2023\/09\/R6__6469_1.2-683x1024.jpg 683w, https:\/\/bymoni.art\/wp-content\/uploads\/2023\/09\/R6__6469_1.2-200x300.jpg 200w, https:\/\/bymoni.art\/wp-content\/uploads\/2023\/09\/R6__6469_1.2-768x1152.jpg 768w, https:\/\/bymoni.art\/wp-content\/uploads\/2023\/09\/R6__6469_1.2-1024x1536.jpg 1024w, https:\/\/bymoni.art\/wp-content\/uploads\/2023\/09\/R6__6469_1.2-1365x2048.jpg 1365w, https:\/\/bymoni.art\/wp-content\/uploads\/2023\/09\/R6__6469_1.2-1920x2880.jpg 1920w, https:\/\/bymoni.art\/wp-content\/uploads\/2023\/09\/R6__6469_1.2-333x500.jpg 333w, https:\/\/bymoni.art\/wp-content\/uploads\/2023\/09\/R6__6469_1.2-600x900.jpg 600w, https:\/\/bymoni.art\/wp-content\/uploads\/2023\/09\/R6__6469_1.2-scaled.jpg 1707w\" sizes=\"auto, (max-width: 683px) 100vw, 683px\" \/>                        <\/div>\n\t\t\t\t\t                        <div class=\"contact__gallery-item\">\n\t\t\t\t\t\t\t<img loading=\"lazy\" decoding=\"async\" width=\"683\" height=\"1024\" src=\"https:\/\/bymoni.art\/wp-content\/uploads\/2023\/09\/R6__5912-683x1024.jpg\" class=\"skip-lazy\" alt=\"\" srcset=\"https:\/\/bymoni.art\/wp-content\/uploads\/2023\/09\/R6__5912-683x1024.jpg 683w, https:\/\/bymoni.art\/wp-content\/uploads\/2023\/09\/R6__5912-200x300.jpg 200w, https:\/\/bymoni.art\/wp-content\/uploads\/2023\/09\/R6__5912-768x1152.jpg 768w, https:\/\/bymoni.art\/wp-content\/uploads\/2023\/09\/R6__5912-1024x1536.jpg 1024w, https:\/\/bymoni.art\/wp-content\/uploads\/2023\/09\/R6__5912-1365x2048.jpg 1365w, https:\/\/bymoni.art\/wp-content\/uploads\/2023\/09\/R6__5912-1920x2880.jpg 1920w, https:\/\/bymoni.art\/wp-content\/uploads\/2023\/09\/R6__5912-333x500.jpg 333w, https:\/\/bymoni.art\/wp-content\/uploads\/2023\/09\/R6__5912-600x900.jpg 600w, https:\/\/bymoni.art\/wp-content\/uploads\/2023\/09\/R6__5912-scaled.jpg 1707w\" sizes=\"auto, (max-width: 683px) 100vw, 683px\" \/>                        <\/div>\n\t\t\t\t\t                <\/div>\n\t\t\t\t\t\t                <div class=\"contact__links-form\">\n<div class=\"wpcf7 no-js\" id=\"wpcf7-f2967-o1\" lang=\"lt-LT\" dir=\"ltr\" data-wpcf7-id=\"2967\">\n<div class=\"screen-reader-response\"><p role=\"status\" aria-live=\"polite\" aria-atomic=\"true\"><\/p> <ul><\/ul><\/div>\n<form action=\"\/lt\/wp-json\/wp\/v2\/pages\/2630#wpcf7-f2967-o1\" method=\"post\" class=\"wpcf7-form init\" aria-label=\"Kontakt\u0173 forma\" novalidate=\"novalidate\" data-status=\"init\">\n<fieldset class=\"hidden-fields-container\"><input type=\"hidden\" name=\"_wpcf7\" value=\"2967\" \/><input type=\"hidden\" name=\"_wpcf7_version\" value=\"6.1.5\" \/><input type=\"hidden\" name=\"_wpcf7_locale\" value=\"lt_LT\" \/><input type=\"hidden\" name=\"_wpcf7_unit_tag\" value=\"wpcf7-f2967-o1\" \/><input type=\"hidden\" name=\"_wpcf7_container_post\" value=\"0\" \/><input type=\"hidden\" name=\"_wpcf7_posted_data_hash\" value=\"\" \/><input type=\"hidden\" name=\"_wpcf7_recaptcha_response\" value=\"\" \/>\n<\/fieldset>\n<div class=\"uacf7-form-wrapper-container uacf7-form-2967  \"><div class=\"contact-us-form\">\n<label>Vardas\n<span class=\"wpcf7-form-control-wrap\" data-name=\"text-349\"><input size=\"40\" maxlength=\"400\" class=\"wpcf7-form-control wpcf7-text\" aria-invalid=\"false\" placeholder=\"Monika Kastantinavi\u010di\u016bt\u0117\" value=\"\" type=\"text\" name=\"text-349\" \/><\/span>\n<\/label>\n<label>El. pa\u0161tas*\n<span class=\"wpcf7-form-control-wrap\" data-name=\"email-800\"><input size=\"40\" maxlength=\"400\" class=\"wpcf7-form-control wpcf7-email wpcf7-validates-as-required wpcf7-text wpcf7-validates-as-email\" aria-required=\"true\" aria-invalid=\"false\" value=\"\" type=\"email\" name=\"email-800\" \/><\/span>\n<\/label>\n<label>TEMA \/ PRODUKTAS\n<span class=\"wpcf7-form-control-wrap\" data-name=\"text-349\"><input size=\"40\" maxlength=\"400\" class=\"wpcf7-form-control wpcf7-text\" aria-invalid=\"false\" value=\"\" type=\"text\" name=\"text-349\" \/><\/span>\n<\/label>\n<label>KAIP GALIME JUMS PAD\u0116TI?\n<span class=\"wpcf7-form-control-wrap\" data-name=\"textarea-415\"><textarea cols=\"40\" rows=\"10\" maxlength=\"2000\" class=\"wpcf7-form-control wpcf7-textarea\" aria-invalid=\"false\" name=\"textarea-415\"><\/textarea><\/span>\n<\/label>\n<\/div>\n<div class=\"contact-us-form__text\">\n<p>Atsakysime \u012f J\u016bs\u0173 lai\u0161k\u0105 darbo valandomis (pirmadieniais-penktadieniais 09:00-17:00)<\/p>\n<\/div>\n<div class=\"contact-us-form__submit\">\n<input class=\"wpcf7-form-control wpcf7-submit has-spinner\" type=\"submit\" value=\"SI\u0172STI \u017dINUT\u0118\" \/>\n<\/div><\/div><input type='hidden' class='wpcf7-pum' value='{\"closepopup\":false,\"closedelay\":0,\"openpopup\":false,\"openpopup_id\":0}' \/><div class=\"wpcf7-response-output\" aria-hidden=\"true\"><\/div>\n<\/form>\n<\/div>\n<\/div>\n\t\t\t\t\t<\/div>\n\t<\/div>\n<\/section>\n\n\n\n\n\n\n\n\n<div style=\"height:100px\" aria-hidden=\"true\" class=\"wp-block-spacer contact-spacer\"><\/div>\n","protected":false},"excerpt":{"rendered":"","protected":false},"author":1,"featured_media":1355,"parent":0,"menu_order":0,"comment_status":"closed","ping_status":"closed","template":"templates\/template-blank.php","meta":{"_acf_changed":false,"footnotes":""},"class_list":["post-2630","page","type-page","status-publish","has-post-thumbnail","hentry"],"acf":[],"yoast_head":"<!-- This site is optimized with the Yoast SEO plugin v27.5 - https:\/\/yoast.com\/product\/yoast-seo-wordpress\/ -->\n<title>Kontaktai - By Moni<\/title>\n<meta name=\"description\" content=\"I would love to hear from you! I aim to answer all emails within my normal business hours of M-F, 9-4pm.\" \/>\n<meta name=\"robots\" content=\"index, follow, max-snippet:-1, max-image-preview:large, max-video-preview:-1\" \/>\n<link rel=\"canonical\" href=\"https:\/\/bymoni.art\/lt\/kontaktai\/\" \/>\n<meta property=\"og:locale\" content=\"lt_LT\" \/>\n<meta property=\"og:type\" content=\"article\" \/>\n<meta property=\"og:title\" content=\"Kontaktai - By Moni\" \/>\n<meta property=\"og:description\" content=\"I would love to hear from you! I aim to answer all emails within my normal business hours of M-F, 9-4pm.\" \/>\n<meta property=\"og:url\" content=\"https:\/\/bymoni.art\/lt\/kontaktai\/\" \/>\n<meta property=\"og:site_name\" content=\"By Moni\" \/>\n<meta property=\"article:modified_time\" content=\"2023-10-13T18:01:15+00:00\" \/>\n<meta property=\"og:image\" content=\"https:\/\/bymoni.art\/wp-content\/uploads\/2023\/05\/DSC04381-1-1-scaled.jpg\" \/>\n\t<meta property=\"og:image:width\" content=\"1882\" \/>\n\t<meta property=\"og:image:height\" content=\"2560\" \/>\n\t<meta property=\"og:image:type\" content=\"image\/jpeg\" \/>\n<meta name=\"twitter:card\" content=\"summary_large_image\" \/>\n<script type=\"application\/ld+json\" class=\"yoast-schema-graph\">{\"@context\":\"https:\\\/\\\/schema.org\",\"@graph\":[{\"@type\":\"WebPage\",\"@id\":\"https:\\\/\\\/bymoni.art\\\/lt\\\/kontaktai\\\/\",\"url\":\"https:\\\/\\\/bymoni.art\\\/lt\\\/kontaktai\\\/\",\"name\":\"Kontaktai - By Moni\",\"isPartOf\":{\"@id\":\"https:\\\/\\\/bymoni.art\\\/#website\"},\"primaryImageOfPage\":{\"@id\":\"https:\\\/\\\/bymoni.art\\\/lt\\\/kontaktai\\\/#primaryimage\"},\"image\":{\"@id\":\"https:\\\/\\\/bymoni.art\\\/lt\\\/kontaktai\\\/#primaryimage\"},\"thumbnailUrl\":\"https:\\\/\\\/bymoni.art\\\/wp-content\\\/uploads\\\/2023\\\/05\\\/DSC04381-1-1-scaled.jpg\",\"datePublished\":\"2022-12-02T12:26:28+00:00\",\"dateModified\":\"2023-10-13T18:01:15+00:00\",\"description\":\"I would love to hear from you! I aim to answer all emails within my normal business hours of M-F, 9-4pm.\",\"breadcrumb\":{\"@id\":\"https:\\\/\\\/bymoni.art\\\/lt\\\/kontaktai\\\/#breadcrumb\"},\"inLanguage\":\"lt-LT\",\"potentialAction\":[{\"@type\":\"ReadAction\",\"target\":[\"https:\\\/\\\/bymoni.art\\\/lt\\\/kontaktai\\\/\"]}]},{\"@type\":\"ImageObject\",\"inLanguage\":\"lt-LT\",\"@id\":\"https:\\\/\\\/bymoni.art\\\/lt\\\/kontaktai\\\/#primaryimage\",\"url\":\"https:\\\/\\\/bymoni.art\\\/wp-content\\\/uploads\\\/2023\\\/05\\\/DSC04381-1-1-scaled.jpg\",\"contentUrl\":\"https:\\\/\\\/bymoni.art\\\/wp-content\\\/uploads\\\/2023\\\/05\\\/DSC04381-1-1-scaled.jpg\",\"width\":1882,\"height\":2560},{\"@type\":\"BreadcrumbList\",\"@id\":\"https:\\\/\\\/bymoni.art\\\/lt\\\/kontaktai\\\/#breadcrumb\",\"itemListElement\":[{\"@type\":\"ListItem\",\"position\":1,\"name\":\"Home\",\"item\":\"https:\\\/\\\/bymoni.art\\\/lt\\\/\"},{\"@type\":\"ListItem\",\"position\":2,\"name\":\"Kontaktai\"}]},{\"@type\":\"WebSite\",\"@id\":\"https:\\\/\\\/bymoni.art\\\/#website\",\"url\":\"https:\\\/\\\/bymoni.art\\\/\",\"name\":\"By Moni\",\"description\":\"ARTWORKS\",\"publisher\":{\"@id\":\"https:\\\/\\\/bymoni.art\\\/#organization\"},\"potentialAction\":[{\"@type\":\"SearchAction\",\"target\":{\"@type\":\"EntryPoint\",\"urlTemplate\":\"https:\\\/\\\/bymoni.art\\\/?s={search_term_string}\"},\"query-input\":{\"@type\":\"PropertyValueSpecification\",\"valueRequired\":true,\"valueName\":\"search_term_string\"}}],\"inLanguage\":\"lt-LT\"},{\"@type\":\"Organization\",\"@id\":\"https:\\\/\\\/bymoni.art\\\/#organization\",\"name\":\"By Moni\",\"url\":\"https:\\\/\\\/bymoni.art\\\/\",\"logo\":{\"@type\":\"ImageObject\",\"inLanguage\":\"lt-LT\",\"@id\":\"https:\\\/\\\/bymoni.art\\\/#\\\/schema\\\/logo\\\/image\\\/\",\"url\":\"https:\\\/\\\/bymoni.art\\\/wp-content\\\/uploads\\\/2023\\\/06\\\/custom-logo.svg\",\"contentUrl\":\"https:\\\/\\\/bymoni.art\\\/wp-content\\\/uploads\\\/2023\\\/06\\\/custom-logo.svg\",\"caption\":\"By Moni\"},\"image\":{\"@id\":\"https:\\\/\\\/bymoni.art\\\/#\\\/schema\\\/logo\\\/image\\\/\"}}]}<\/script>\n<!-- \/ Yoast SEO plugin. -->","yoast_head_json":{"title":"Kontaktai - By Moni","description":"I would love to hear from you! I aim to answer all emails within my normal business hours of M-F, 9-4pm.","robots":{"index":"index","follow":"follow","max-snippet":"max-snippet:-1","max-image-preview":"max-image-preview:large","max-video-preview":"max-video-preview:-1"},"canonical":"https:\/\/bymoni.art\/lt\/kontaktai\/","og_locale":"lt_LT","og_type":"article","og_title":"Kontaktai - By Moni","og_description":"I would love to hear from you! I aim to answer all emails within my normal business hours of M-F, 9-4pm.","og_url":"https:\/\/bymoni.art\/lt\/kontaktai\/","og_site_name":"By Moni","article_modified_time":"2023-10-13T18:01:15+00:00","og_image":[{"width":1882,"height":2560,"url":"https:\/\/bymoni.art\/wp-content\/uploads\/2023\/05\/DSC04381-1-1-scaled.jpg","type":"image\/jpeg"}],"twitter_card":"summary_large_image","schema":{"@context":"https:\/\/schema.org","@graph":[{"@type":"WebPage","@id":"https:\/\/bymoni.art\/lt\/kontaktai\/","url":"https:\/\/bymoni.art\/lt\/kontaktai\/","name":"Kontaktai - By Moni","isPartOf":{"@id":"https:\/\/bymoni.art\/#website"},"primaryImageOfPage":{"@id":"https:\/\/bymoni.art\/lt\/kontaktai\/#primaryimage"},"image":{"@id":"https:\/\/bymoni.art\/lt\/kontaktai\/#primaryimage"},"thumbnailUrl":"https:\/\/bymoni.art\/wp-content\/uploads\/2023\/05\/DSC04381-1-1-scaled.jpg","datePublished":"2022-12-02T12:26:28+00:00","dateModified":"2023-10-13T18:01:15+00:00","description":"I would love to hear from you! I aim to answer all emails within my normal business hours of M-F, 9-4pm.","breadcrumb":{"@id":"https:\/\/bymoni.art\/lt\/kontaktai\/#breadcrumb"},"inLanguage":"lt-LT","potentialAction":[{"@type":"ReadAction","target":["https:\/\/bymoni.art\/lt\/kontaktai\/"]}]},{"@type":"ImageObject","inLanguage":"lt-LT","@id":"https:\/\/bymoni.art\/lt\/kontaktai\/#primaryimage","url":"https:\/\/bymoni.art\/wp-content\/uploads\/2023\/05\/DSC04381-1-1-scaled.jpg","contentUrl":"https:\/\/bymoni.art\/wp-content\/uploads\/2023\/05\/DSC04381-1-1-scaled.jpg","width":1882,"height":2560},{"@type":"BreadcrumbList","@id":"https:\/\/bymoni.art\/lt\/kontaktai\/#breadcrumb","itemListElement":[{"@type":"ListItem","position":1,"name":"Home","item":"https:\/\/bymoni.art\/lt\/"},{"@type":"ListItem","position":2,"name":"Kontaktai"}]},{"@type":"WebSite","@id":"https:\/\/bymoni.art\/#website","url":"https:\/\/bymoni.art\/","name":"By Moni","description":"ARTWORKS","publisher":{"@id":"https:\/\/bymoni.art\/#organization"},"potentialAction":[{"@type":"SearchAction","target":{"@type":"EntryPoint","urlTemplate":"https:\/\/bymoni.art\/?s={search_term_string}"},"query-input":{"@type":"PropertyValueSpecification","valueRequired":true,"valueName":"search_term_string"}}],"inLanguage":"lt-LT"},{"@type":"Organization","@id":"https:\/\/bymoni.art\/#organization","name":"By Moni","url":"https:\/\/bymoni.art\/","logo":{"@type":"ImageObject","inLanguage":"lt-LT","@id":"https:\/\/bymoni.art\/#\/schema\/logo\/image\/","url":"https:\/\/bymoni.art\/wp-content\/uploads\/2023\/06\/custom-logo.svg","contentUrl":"https:\/\/bymoni.art\/wp-content\/uploads\/2023\/06\/custom-logo.svg","caption":"By Moni"},"image":{"@id":"https:\/\/bymoni.art\/#\/schema\/logo\/image\/"}}]}},"_links":{"self":[{"href":"https:\/\/bymoni.art\/lt\/wp-json\/wp\/v2\/pages\/2630","targetHints":{"allow":["GET"]}}],"collection":[{"href":"https:\/\/bymoni.art\/lt\/wp-json\/wp\/v2\/pages"}],"about":[{"href":"https:\/\/bymoni.art\/lt\/wp-json\/wp\/v2\/types\/page"}],"author":[{"embeddable":true,"href":"https:\/\/bymoni.art\/lt\/wp-json\/wp\/v2\/users\/1"}],"replies":[{"embeddable":true,"href":"https:\/\/bymoni.art\/lt\/wp-json\/wp\/v2\/comments?post=2630"}],"version-history":[{"count":10,"href":"https:\/\/bymoni.art\/lt\/wp-json\/wp\/v2\/pages\/2630\/revisions"}],"predecessor-version":[{"id":3643,"href":"https:\/\/bymoni.art\/lt\/wp-json\/wp\/v2\/pages\/2630\/revisions\/3643"}],"wp:featuredmedia":[{"embeddable":true,"href":"https:\/\/bymoni.art\/lt\/wp-json\/wp\/v2\/media\/1355"}],"wp:attachment":[{"href":"https:\/\/bymoni.art\/lt\/wp-json\/wp\/v2\/media?parent=2630"}],"curies":[{"name":"wp","href":"https:\/\/api.w.org\/{rel}","templated":true}]}}