{"id":2621,"date":"2023-03-06T13:45:14","date_gmt":"2023-03-06T13:45:14","guid":{"rendered":"https:\/\/bymoni.art\/terms-of-service\/"},"modified":"2023-10-25T11:43:55","modified_gmt":"2023-10-25T11:43:55","slug":"salygos-ir-taisykles","status":"publish","type":"page","link":"https:\/\/bymoni.art\/lt\/salygos-ir-taisykles\/","title":{"rendered":"S\u0105lygos ir taisykl\u0117s"},"content":{"rendered":"\n\n\n<section class=\"text-with-image\">\n    <div class=\"container-global-75 text-with-image__container\">\n        <div class=\"text-with-image__grid\">\n            <div class=\"text-with-image__content\">\n\t                                <h2 class=\"text-with-image__main-title\">S\u0105lygos ir taisykl\u0117s<\/h2>\n\t            \t                                <div><h5><strong>INTELEKTUALIN\u0116S NUOSASVYB\u0116S TEIS\u0116<\/strong><\/h5>\n<p style=\"text-align: justify;\">Visos intelektualin\u0117s meno k\u016brini\u0173 ir j\u0173 reprodukcij\u0173 ir kitoki\u0173 kopij\u0173 teis\u0117s priklauso MB AGENTURADUDU. \u0160ios teis\u0117s galioja ir klientui \u012fsigijus meno k\u016brin\u012f ar jo kopij\u0105. Meno k\u016brinio ar jo kopijos \u012fsigijimas, nesuteikia klientui teis\u0117s perkelti gamin\u012f \u012f NFT, bet kokiu b\u016bdu j\u012f reprodukuoti, pergaminti ar kopijuoti be ai\u0161kaus ra\u0161ti\u0161ko k\u016brinio autor\u0117s sutikimo. \u012esigyt\u0173 k\u016brini\u0173 nuotrauk\u0173 skelbimas socialiniuose tinkluose nepa\u017eeid\u017eia \u0161ios s\u0105lygos.<\/p>\n<h6><strong>ATSAKOMYB\u0116S<\/strong><\/h6>\n<p style=\"text-align: justify;\">Ne\u012fsipareigojame gr\u0105\u017einti pinigus, kompensuoti ar pakeisti prekes, kurios buvo sugadintos, pa\u017eeistos pri\u0117mus u\u017esakym\u0105 i\u0161pakavimo ar eksponavimo metu. Jeigu i\u0161pakavimo metu buvo naudotos a\u0161trios priemon\u0117s, kurios pa\u017eeid\u0117 produkt\u0105, produktas buvo i\u0161teptas ar laikomas nesilaikant produkto apra\u0161yme minim\u0173 s\u0105lyg\u0173, u\u017e tai negalime prisiimti atsakomyb\u0117s. Kaip garantuoja vartotoj\u0173 teisi\u0173 apsauga, \u017eala atlyginama gavus pa\u017eeistus produktus, kurie buvo sugadinti siuntimo metu.<\/p>\n<h6><strong>Gr\u0105\u017einimo politika<\/strong><\/h6>\n<p style=\"text-align: justify;\">Reprodukcijos ant drob\u0117s ir printai ant popieriaus<br \/>\nJ\u016bs turite teis\u0119 gr\u0105\u017einti arba pakeisti prekes per 14 dien\u0173 nuo prek\u0117s pristatymo. Po \u0161io laikotarpio pateikti pra\u0161ymai nepriimami. R\u0117meliai n\u0117ra gr\u0105\u017einama prek\u0117.<\/p>\n<p style=\"text-align: justify;\">Nor\u0117dami pasinaudoti \u0161ia teise, susisiekite adresu <a href=\"mailto:info@bymoni.art\" target=\"_new\">info@bymoni.art<\/a>.<\/p>\n<p>Lai\u0161ke nurodykite:<\/p>\n<li>U\u017esakymo numeris<\/li>\n<li>J\u016bs\u0173 kontaktin\u0117 informacija<\/li>\n<li>Gr\u0105\u017einimo arba keitimo prie\u017eastis<\/li>\n<li>Produkto pa\u017eeidimo nuotraukas<\/li>\n<\/ul>\n<p style=\"text-align: justify;\">Norint gr\u0105\u017einti arba keisti reprodukcijas ant drob\u0117s, r\u0117mintus printus ir originalius k\u016brinius i\u0161 Lietuvos, Latvijos ir Estijos, mes pasir\u016bpinsime gr\u0105\u017einimo procesu. J\u016bs\u0173 adresu i\u0161kviesime DPD kurjer\u012f, kuris paims i\u0161 J\u016bs\u0173 siunt\u0105. Norint gr\u0105\u017einti kitas prekes, gr\u0105\u017einkite jas Omniva pa\u0161tomatu (Veiveri\u0173 g. Iki pa\u0161tomatas, Kaunas).<\/p>\n<p style=\"text-align: justify;\">Norint gr\u0105\u017einti arba keisti produkt\u0105 i\u0161 u\u017esienio \u0161ali\u0173, si\u0173skite siunt\u0105 registruotu pa\u0161tu. Gr\u0105\u017einkite k\u016brin\u012f originalioje pakuot\u0117je adresu: Lietuva, Kaunas, Veiveri\u0173 gatv\u0117, 150C, 3 auk\u0161tas, 1 kab., LT-46391.<\/p>\n<p style=\"text-align: justify;\">Vos gavus gr\u0105\u017einam\u0105 arba kei\u010diam\u0105 prek\u0119, Jus informuosime el.pa\u0161tu apie priimt\u0105 arba atmest\u0105 gr\u0105\u017einim\u0105. Jeigu J\u016bs\u0173 gr\u0105\u017einimas bus patvirtintas, pinigai \u012f J\u016bs\u0173 saskait\u0105 sugr\u012f\u0161 per artimiausias dienas.<\/p>\n<p style=\"text-align: justify;\">&#8211; Jeigu norite at\u0161aukti arba koreguoti savo u\u017esakym\u0105, tai galite padaryti iki tol kol u\u017esakymas nebuvo pateiktas gamybai. Kuo grei\u010diau sususiekite &lt;<a href=\"mailto:info@bymoni.art\" target=\"_new\">info@bymoni.art<\/a> arba u\u017epildykite form\u0105 kontakt\u0173 puslapyje ir informauosime Jus apie u\u017esakymo at\u0161aukimo arba koregavimo galimyb\u0119.<\/p>\n<p style=\"text-align: justify;\">&#8211; Gr\u0105\u017einant \u012fsigytas prekes, esate atsakingas u\u017e siuntimo i\u0161laid\u0173 apmok\u0117jim\u0105. Gr\u0105\u017einant siuntimo i\u0161laidos bus i\u0161skai\u010diuotos i\u0161 j\u016bs\u0173 gr\u0105\u017einam\u0173 pinig\u0173.<\/p>\n<p style=\"text-align: justify;\">&#8211; Gr\u0105\u017einamos prek\u0117s nepriimsime, jei ji buvo sugadinta transportuojant d\u0117l netinkamos pakuot\u0117s. Taip nutikus, prek\u0117 bus i\u0161si\u0173sta atgal klientui u\u017esakovo s\u0105skaita. U\u017e u\u017esakymus, kuriuos pirk\u0117jas atmet\u0117 pristatymo metu, pinigai n\u0117ra negr\u0105\u017einami.<\/p>\n<p style=\"text-align: justify;\">&#8211; Pinigai nebus gr\u0105\u017einami u\u017e u\u017esakymus, kurie buvo pristatyti arba gr\u0105\u017einami netinkamu adresu, d\u0117l klaidingai pirk\u0117jo nurodytos pristatymo informacijos. Pirk\u0117jas bus atsakingas u\u017e visas pakartotinio siuntimo teisingu adresu i\u0161laidas, taip pat 50 % pakartotinio spausdinimo mokest\u012f, jeigu d\u0117l klaidingai nurodyto pristatymo adreso prek\u0117 pasimet\u0117 ar buvo klaidingai pristatyta kitu adresu.<\/p>\n<p><strong>R\u0116MINT\u0172 K\u016aRINI\u0172 GR\u0104\u017dINIMAS<\/strong><\/p>\n<p style=\"text-align: justify;\">R\u0117meliai n\u0117ra gra\u017einama prek\u0117. Pinig\u0173 gr\u0105\u017einimas n\u0117ra galimas, nes visi r\u0117meliai gaminami pagal u\u017esakym\u0105 b\u016btent Jums. \u012er\u0117mint\u0173 meno k\u016brini\u0173 u\u017esakymai gali b\u016bti at\u0161aukti tik tuo atveju, jei dar nepateik\u0117me J\u016bs\u0173 r\u0117melio u\u017esakymo gamintojui. Atkreipkite d\u0117mes\u012f, kad \u012fr\u0117mint\u0173 meno k\u016brini\u0173 u\u017esakymai kartais i\u0161siun\u010diami gamintojui i\u0161 karto, tod\u0117l n\u0117ra jokios garantijos, kad pateik\u0119 u\u017esakym\u0105 gal\u0117site j\u012f at\u0161aukti arba pakeisti.<\/p>\n<p style=\"text-align: justify;\">Apie sugadintus r\u0117melius ir (arba) meno k\u016brinius reikia prane\u0161ti per 14 dien\u0173 nuo pristatymo. Prane\u0161dami apie \u017eal\u0105, turite pasidalinti savo u\u017esakymo numeriu, \u017ealos nuotraukomis ir pakuot\u0117s, kurioje buvo pristatytas meno k\u016brinys i\u0161orinio ir vidinio vaizdo nuotraukomis.<\/p>\n<p style=\"text-align: justify;\">Sugadintus r\u0117melius su paveikslu, jo reprodukcija arba printu ant popieriaus gr\u0105\u017einkite. Gra\u017einimo procesu pasir\u016bpinsime mes. Siuntimo metu sugadinti r\u0117meliai bus pakei\u010diami naujais ir gr\u0105\u017einti Jums. Jeigu r\u0117meliai ar siunta bus sugadinti i\u0161pakavimo metu netinkamai naudojant a\u0161trias priemones ar neatsargiai elgiantis su siunta, gr\u0105\u017einimas negali b\u016bti priimtas. B\u016btent d\u0117l \u0161ios prie\u017easties pa\u017eeista siunta turi b\u016bti nufotografuota jos nei\u0161pakavus.<\/p>\n<p><strong>ORIGINAL\u0172 GR\u0104\u017dINIMAS<\/strong><\/p>\n<p style=\"text-align: justify;\">Original\u016bs paveikslai ir pie\u0161iniai jokiomis aplinkyb\u0117mis negr\u0105\u017einami, i\u0161skyrus tuos atvejus, kai pristatymo metu juos sugadino kurjeris. Tokiu atveju original\u0173 k\u016brin\u012f Jums \u012fteik\u0119s pristatymo asmuo turi i\u0161duoti pa\u017eym\u0105, patvirtinan\u010di\u0105 pristatymo metu padaryt\u0105 \u017eal\u0105. \u0160iuo atveju susisiekite <a href=\"mailto:info@bymoni.art\" target=\"_new\">info@bymoni.art<\/a> arba u\u017epildykite form\u0105 kontakt\u0173 puslapyje ir pateikite \u0161io dokumento kopij\u0105 su \u017ealos nuotraukomis.<\/p>\n<p style=\"text-align: justify;\">Jei originalas sugadintas nepataisomai d\u0117l kurjerio kalt\u0117s, priimsime j\u012f atgal ir gr\u0105\u017einsime sumok\u0117t\u0105 sum\u0105. Ta\u010diau, jei pa\u017eeidim\u0105 pavyks i\u0161taisyti, k\u016brinys bus pakoreguotas per 15 d.d. ir i\u0161si\u0173stas Jums. Jeigu J\u016bs\u0173 netenkina \u017ealos taisymo galimyb\u0117s ar padaryti pataisymai, Jums gali b\u016bti i\u0161duotas elektronin\u0117s parduotuv\u0117s kreditas. Prie\u0161 i\u0161vykstant kurjeriui, b\u016btinai patikrinkite, ar n\u0117ra pa\u017eeidim\u0173.<\/p>\n<p><strong>DINGUSIOS ARBA PA\u017dEISTOS SIUNTOS<\/strong><\/p>\n<p style=\"text-align: justify;\">Jei gavote pa\u017eeist\u0105 prek\u0119, pateikite jos ir pakuot\u0117s nuotraukas ne v\u0117liau kaip per 7 dienas. Nei\u0161meskite pakuot\u0117s, nes jos gali prireikti atliekant draudimo tyrim\u0105. Ma\u017eai tik\u0117tinu atveju, jei pirkinys bus sugadintas siuntimo metu, susisiekite <a href=\"mailto:info@bymoni.art\" target=\"_new\">info@bymoni.art<\/a> arba u\u017epildydami u\u017eklausos form\u0105 kontakt\u0173 puslapyje.<\/p>\n<p style=\"text-align: justify;\">Savo el. lai\u0161ke pateikite u\u017esakymo numer\u012f ir prid\u0117kite pakuot\u0117s nuotraukas prie\u0161 atidarant, taip pat nuotraukas su pirkinio pa\u017eeidimais.<\/p>\n<h6><strong>SIUNTIMO POLITIKA<\/strong><\/h6>\n<p style=\"text-align: justify;\">Paveikslo reprodukcijos ir printo ant popieriaus gamyba prasideda Jums pateikus u\u017esakym\u0105 ir iki gaunamo galutinio rezultato praeina daug etap\u0173, tod\u0117l pristatymas Europos \u0161alyse gali u\u017etrukti 15-21 d.d.. Jeigu norite k\u016brin\u012f gauti grei\u010diau \u2013 kvie\u010diu kreiptis u\u017epild\u017eius form\u0105 kontakt\u0173 puslapyje.<\/p>\n<p style=\"text-align: justify;\">U\u017esakym\u0173 u\u017e Europos rib\u0173 pristatymas gali u\u017etrukti ilgiau.<\/p>\n<p style=\"text-align: justify;\">Atminkite, kad \u0161ventiniu laikotarpiu pristatymas gali u\u017etrukti \u0161iek tiek ilgiau nei \u012fprastai.<\/p>\n<p style=\"text-align: justify;\">Pra\u0161ome atkreipti d\u0117mes\u012f, kad darbo dienos n\u0117ra kalendorin\u0117s dienos ir yra pirmadienis\u2013penktadienis.<\/p>\n<p style=\"text-align: justify;\">Originali\u0173 k\u016brini\u0173 pristatymas Europoje trunka nuo 15 iki 21 darbo dienos, priklausomai nuo \u0161alies \u012f kuri\u0105 siun\u010diama. Ta\u010diau u\u017esakym\u0173 u\u017e Europos rib\u0173 pristatymas gali u\u017etrukti ilgiau. Atminkite, kad tarptautini\u0173 pristatym\u0173 terminas gali b\u016bti nenusp\u0117jamas.<\/p>\n<p style=\"text-align: justify;\">Printai ant popieriaus Lietuvoje pas Jus atkeliaus per 3-10 d.d., nebent jie buvo \u012fsigyti kartu su originaliu meno k\u016briniu arba reprodukcija ant drob\u0117s, tuomet taikomas \u0161i\u0173 gamini\u0173 pristatymo terminas.<\/p>\n<p style=\"text-align: justify;\">Siun\u010diame \u012f bet kuri\u0105 pasaulio viet\u0105. \u012e u\u017esien\u012f siun\u010diami paveiksl\u0173 originalai, j\u0173 reprodukcijos ant drob\u0117s ir printai ant popieriaus gabenami suvynioti \u012f kartonines siuntimo t\u016btas. Tokiu b\u016bdu darbai nukeliauja saugiau ir suma\u017einamos siuntimo i\u0161laidos. Gavus k\u016brinius, juos u\u017etempti ant por\u0117mio ar \u012fr\u0117minti J\u016bs\u0173 pasirinkimu gal\u0117site bet kuriame r\u0117minimo salone. Jeigu norite gauti jau u\u017etempt\u0105 ant por\u0117mio ir \u012fr\u0117mint\u0105 paveikslo reprodukcij\u0105, kvie\u010diu susisiekti <a href=\"mailto:info@bymoni.art\" target=\"_new\">info@bymoni.art<\/a> arba u\u017epildyti form\u0105 kontakt\u0173 puslapyje ir pateiksime Jums pasi\u016blym\u0105 su paskai\u010diuotomis siuntimo i\u0161laidomis.<\/p>\n<p>&nbsp;<\/p>\n<p><strong>Rekvizitai<\/strong><br \/>\n\u012emon\u0117s pavadinimas: MB Agenturadudu<br \/>\n\u012emon\u0117s kodas: 305834695<br \/>\nVadovas: Monika Pagir\u0117, direktor\u0117<br \/>\nAdresas: Leipalingio g. 2A-6, LT-46426 Kaunas<\/p>\n<\/div>\n\t                        <\/div>\n\t                        <div class=\"text-with-image__image\">\n\t                <img loading=\"lazy\" decoding=\"async\" width=\"768\" height=\"1024\" src=\"https:\/\/bymoni.art\/wp-content\/uploads\/2023\/07\/20230425_175206-768x1024.jpg\" class=\"skip-lazy\" alt=\"\" srcset=\"https:\/\/bymoni.art\/wp-content\/uploads\/2023\/07\/20230425_175206-768x1024.jpg 768w, https:\/\/bymoni.art\/wp-content\/uploads\/2023\/07\/20230425_175206-225x300.jpg 225w, https:\/\/bymoni.art\/wp-content\/uploads\/2023\/07\/20230425_175206-1152x1536.jpg 1152w, https:\/\/bymoni.art\/wp-content\/uploads\/2023\/07\/20230425_175206-1536x2048.jpg 1536w, https:\/\/bymoni.art\/wp-content\/uploads\/2023\/07\/20230425_175206-scaled.jpg 1920w, https:\/\/bymoni.art\/wp-content\/uploads\/2023\/07\/20230425_175206-1024x1365.jpg 1024w, https:\/\/bymoni.art\/wp-content\/uploads\/2023\/07\/20230425_175206-375x500.jpg 375w, https:\/\/bymoni.art\/wp-content\/uploads\/2023\/07\/20230425_175206-600x800.jpg 600w\" sizes=\"auto, (max-width: 768px) 100vw, 768px\" \/>                <\/div>\n\t                <\/div>\n    <\/div>\n<\/section>\n\n\n\n\n\n\n\n\n<div style=\"height:100px\" aria-hidden=\"true\" class=\"wp-block-spacer\"><\/div>\n","protected":false},"excerpt":{"rendered":"","protected":false},"author":1,"featured_media":649,"parent":0,"menu_order":0,"comment_status":"closed","ping_status":"closed","template":"","meta":{"_acf_changed":false,"footnotes":""},"class_list":["post-2621","page","type-page","status-publish","has-post-thumbnail","hentry"],"acf":[],"yoast_head":"<!-- This site is optimized with the Yoast SEO plugin v27.5 - https:\/\/yoast.com\/product\/yoast-seo-wordpress\/ -->\n<title>S\u0105lygos ir taisykl\u0117s - By Moni<\/title>\n<meta name=\"description\" content=\"Rights to artwork remain the sole property of Tahlia Stanton PTY LTD including after purchase.\" \/>\n<meta name=\"robots\" content=\"index, follow, max-snippet:-1, max-image-preview:large, max-video-preview:-1\" \/>\n<link rel=\"canonical\" href=\"https:\/\/bymoni.art\/lt\/salygos-ir-taisykles\/\" \/>\n<meta property=\"og:locale\" content=\"lt_LT\" \/>\n<meta property=\"og:type\" content=\"article\" \/>\n<meta property=\"og:title\" content=\"S\u0105lygos ir taisykl\u0117s - By Moni\" \/>\n<meta property=\"og:description\" content=\"Rights to artwork remain the sole property of Tahlia Stanton PTY LTD including after purchase.\" \/>\n<meta property=\"og:url\" content=\"https:\/\/bymoni.art\/lt\/salygos-ir-taisykles\/\" \/>\n<meta property=\"og:site_name\" content=\"By Moni\" \/>\n<meta property=\"article:modified_time\" content=\"2023-10-25T11:43:55+00:00\" \/>\n<meta property=\"og:image\" content=\"https:\/\/bymoni.art\/wp-content\/uploads\/2023\/03\/20220720_194708-1-1.png\" \/>\n\t<meta property=\"og:image:width\" content=\"615\" \/>\n\t<meta property=\"og:image:height\" content=\"939\" \/>\n\t<meta property=\"og:image:type\" content=\"image\/png\" \/>\n<meta name=\"twitter:card\" content=\"summary_large_image\" \/>\n<script type=\"application\/ld+json\" class=\"yoast-schema-graph\">{\"@context\":\"https:\\\/\\\/schema.org\",\"@graph\":[{\"@type\":\"WebPage\",\"@id\":\"https:\\\/\\\/bymoni.art\\\/lt\\\/salygos-ir-taisykles\\\/\",\"url\":\"https:\\\/\\\/bymoni.art\\\/lt\\\/salygos-ir-taisykles\\\/\",\"name\":\"S\u0105lygos ir taisykl\u0117s - By Moni\",\"isPartOf\":{\"@id\":\"https:\\\/\\\/bymoni.art\\\/#website\"},\"primaryImageOfPage\":{\"@id\":\"https:\\\/\\\/bymoni.art\\\/lt\\\/salygos-ir-taisykles\\\/#primaryimage\"},\"image\":{\"@id\":\"https:\\\/\\\/bymoni.art\\\/lt\\\/salygos-ir-taisykles\\\/#primaryimage\"},\"thumbnailUrl\":\"https:\\\/\\\/bymoni.art\\\/wp-content\\\/uploads\\\/2023\\\/03\\\/20220720_194708-1-1.png\",\"datePublished\":\"2023-03-06T13:45:14+00:00\",\"dateModified\":\"2023-10-25T11:43:55+00:00\",\"description\":\"Rights to artwork remain the sole property of Tahlia Stanton PTY LTD including after purchase.\",\"breadcrumb\":{\"@id\":\"https:\\\/\\\/bymoni.art\\\/lt\\\/salygos-ir-taisykles\\\/#breadcrumb\"},\"inLanguage\":\"lt-LT\",\"potentialAction\":[{\"@type\":\"ReadAction\",\"target\":[\"https:\\\/\\\/bymoni.art\\\/lt\\\/salygos-ir-taisykles\\\/\"]}]},{\"@type\":\"ImageObject\",\"inLanguage\":\"lt-LT\",\"@id\":\"https:\\\/\\\/bymoni.art\\\/lt\\\/salygos-ir-taisykles\\\/#primaryimage\",\"url\":\"https:\\\/\\\/bymoni.art\\\/wp-content\\\/uploads\\\/2023\\\/03\\\/20220720_194708-1-1.png\",\"contentUrl\":\"https:\\\/\\\/bymoni.art\\\/wp-content\\\/uploads\\\/2023\\\/03\\\/20220720_194708-1-1.png\",\"width\":615,\"height\":939},{\"@type\":\"BreadcrumbList\",\"@id\":\"https:\\\/\\\/bymoni.art\\\/lt\\\/salygos-ir-taisykles\\\/#breadcrumb\",\"itemListElement\":[{\"@type\":\"ListItem\",\"position\":1,\"name\":\"Home\",\"item\":\"https:\\\/\\\/bymoni.art\\\/lt\\\/\"},{\"@type\":\"ListItem\",\"position\":2,\"name\":\"S\u0105lygos ir taisykl\u0117s\"}]},{\"@type\":\"WebSite\",\"@id\":\"https:\\\/\\\/bymoni.art\\\/#website\",\"url\":\"https:\\\/\\\/bymoni.art\\\/\",\"name\":\"By Moni\",\"description\":\"ARTWORKS\",\"publisher\":{\"@id\":\"https:\\\/\\\/bymoni.art\\\/#organization\"},\"potentialAction\":[{\"@type\":\"SearchAction\",\"target\":{\"@type\":\"EntryPoint\",\"urlTemplate\":\"https:\\\/\\\/bymoni.art\\\/?s={search_term_string}\"},\"query-input\":{\"@type\":\"PropertyValueSpecification\",\"valueRequired\":true,\"valueName\":\"search_term_string\"}}],\"inLanguage\":\"lt-LT\"},{\"@type\":\"Organization\",\"@id\":\"https:\\\/\\\/bymoni.art\\\/#organization\",\"name\":\"By Moni\",\"url\":\"https:\\\/\\\/bymoni.art\\\/\",\"logo\":{\"@type\":\"ImageObject\",\"inLanguage\":\"lt-LT\",\"@id\":\"https:\\\/\\\/bymoni.art\\\/#\\\/schema\\\/logo\\\/image\\\/\",\"url\":\"https:\\\/\\\/bymoni.art\\\/wp-content\\\/uploads\\\/2023\\\/06\\\/custom-logo.svg\",\"contentUrl\":\"https:\\\/\\\/bymoni.art\\\/wp-content\\\/uploads\\\/2023\\\/06\\\/custom-logo.svg\",\"caption\":\"By Moni\"},\"image\":{\"@id\":\"https:\\\/\\\/bymoni.art\\\/#\\\/schema\\\/logo\\\/image\\\/\"}}]}<\/script>\n<!-- \/ Yoast SEO plugin. -->","yoast_head_json":{"title":"S\u0105lygos ir taisykl\u0117s - By Moni","description":"Rights to artwork remain the sole property of Tahlia Stanton PTY LTD including after purchase.","robots":{"index":"index","follow":"follow","max-snippet":"max-snippet:-1","max-image-preview":"max-image-preview:large","max-video-preview":"max-video-preview:-1"},"canonical":"https:\/\/bymoni.art\/lt\/salygos-ir-taisykles\/","og_locale":"lt_LT","og_type":"article","og_title":"S\u0105lygos ir taisykl\u0117s - By Moni","og_description":"Rights to artwork remain the sole property of Tahlia Stanton PTY LTD including after purchase.","og_url":"https:\/\/bymoni.art\/lt\/salygos-ir-taisykles\/","og_site_name":"By Moni","article_modified_time":"2023-10-25T11:43:55+00:00","og_image":[{"width":615,"height":939,"url":"https:\/\/bymoni.art\/wp-content\/uploads\/2023\/03\/20220720_194708-1-1.png","type":"image\/png"}],"twitter_card":"summary_large_image","schema":{"@context":"https:\/\/schema.org","@graph":[{"@type":"WebPage","@id":"https:\/\/bymoni.art\/lt\/salygos-ir-taisykles\/","url":"https:\/\/bymoni.art\/lt\/salygos-ir-taisykles\/","name":"S\u0105lygos ir taisykl\u0117s - By Moni","isPartOf":{"@id":"https:\/\/bymoni.art\/#website"},"primaryImageOfPage":{"@id":"https:\/\/bymoni.art\/lt\/salygos-ir-taisykles\/#primaryimage"},"image":{"@id":"https:\/\/bymoni.art\/lt\/salygos-ir-taisykles\/#primaryimage"},"thumbnailUrl":"https:\/\/bymoni.art\/wp-content\/uploads\/2023\/03\/20220720_194708-1-1.png","datePublished":"2023-03-06T13:45:14+00:00","dateModified":"2023-10-25T11:43:55+00:00","description":"Rights to artwork remain the sole property of Tahlia Stanton PTY LTD including after purchase.","breadcrumb":{"@id":"https:\/\/bymoni.art\/lt\/salygos-ir-taisykles\/#breadcrumb"},"inLanguage":"lt-LT","potentialAction":[{"@type":"ReadAction","target":["https:\/\/bymoni.art\/lt\/salygos-ir-taisykles\/"]}]},{"@type":"ImageObject","inLanguage":"lt-LT","@id":"https:\/\/bymoni.art\/lt\/salygos-ir-taisykles\/#primaryimage","url":"https:\/\/bymoni.art\/wp-content\/uploads\/2023\/03\/20220720_194708-1-1.png","contentUrl":"https:\/\/bymoni.art\/wp-content\/uploads\/2023\/03\/20220720_194708-1-1.png","width":615,"height":939},{"@type":"BreadcrumbList","@id":"https:\/\/bymoni.art\/lt\/salygos-ir-taisykles\/#breadcrumb","itemListElement":[{"@type":"ListItem","position":1,"name":"Home","item":"https:\/\/bymoni.art\/lt\/"},{"@type":"ListItem","position":2,"name":"S\u0105lygos ir taisykl\u0117s"}]},{"@type":"WebSite","@id":"https:\/\/bymoni.art\/#website","url":"https:\/\/bymoni.art\/","name":"By Moni","description":"ARTWORKS","publisher":{"@id":"https:\/\/bymoni.art\/#organization"},"potentialAction":[{"@type":"SearchAction","target":{"@type":"EntryPoint","urlTemplate":"https:\/\/bymoni.art\/?s={search_term_string}"},"query-input":{"@type":"PropertyValueSpecification","valueRequired":true,"valueName":"search_term_string"}}],"inLanguage":"lt-LT"},{"@type":"Organization","@id":"https:\/\/bymoni.art\/#organization","name":"By Moni","url":"https:\/\/bymoni.art\/","logo":{"@type":"ImageObject","inLanguage":"lt-LT","@id":"https:\/\/bymoni.art\/#\/schema\/logo\/image\/","url":"https:\/\/bymoni.art\/wp-content\/uploads\/2023\/06\/custom-logo.svg","contentUrl":"https:\/\/bymoni.art\/wp-content\/uploads\/2023\/06\/custom-logo.svg","caption":"By Moni"},"image":{"@id":"https:\/\/bymoni.art\/#\/schema\/logo\/image\/"}}]}},"_links":{"self":[{"href":"https:\/\/bymoni.art\/lt\/wp-json\/wp\/v2\/pages\/2621","targetHints":{"allow":["GET"]}}],"collection":[{"href":"https:\/\/bymoni.art\/lt\/wp-json\/wp\/v2\/pages"}],"about":[{"href":"https:\/\/bymoni.art\/lt\/wp-json\/wp\/v2\/types\/page"}],"author":[{"embeddable":true,"href":"https:\/\/bymoni.art\/lt\/wp-json\/wp\/v2\/users\/1"}],"replies":[{"embeddable":true,"href":"https:\/\/bymoni.art\/lt\/wp-json\/wp\/v2\/comments?post=2621"}],"version-history":[{"count":10,"href":"https:\/\/bymoni.art\/lt\/wp-json\/wp\/v2\/pages\/2621\/revisions"}],"predecessor-version":[{"id":7138,"href":"https:\/\/bymoni.art\/lt\/wp-json\/wp\/v2\/pages\/2621\/revisions\/7138"}],"wp:featuredmedia":[{"embeddable":true,"href":"https:\/\/bymoni.art\/lt\/wp-json\/wp\/v2\/media\/649"}],"wp:attachment":[{"href":"https:\/\/bymoni.art\/lt\/wp-json\/wp\/v2\/media?parent=2621"}],"curies":[{"name":"wp","href":"https:\/\/api.w.org\/{rel}","templated":true}]}}